{"id":15518,"date":"2025-10-17T13:26:18","date_gmt":"2025-10-17T11:26:18","guid":{"rendered":"https:\/\/bunzyland.com\/?post_type=product&#038;p=15518"},"modified":"2025-10-26T18:16:37","modified_gmt":"2025-10-26T17:16:37","slug":"kaninchen-tunnel-wolke","status":"publish","type":"product","link":"https:\/\/www.bunzyland.com\/de\/produkt\/kaninchen-tunnel-wolke\/","title":{"rendered":"Kaninchen-Tunnel Wolke"},"content":{"rendered":"<p><\/p>\n<h2 class=\"wp-block-heading\" id=\"h-tunnel-pour-lapin-nuage-un-jouet-rien-qu-a-lui\">Kaninchen-Tunnel Wolke: Ein Spielzeug nur f\u00fcr ihn<\/h2>\n<p><\/p>\n<p><\/p>\n<p>Ihr Kaninchen verdient mehr als nur ein <strong>Spielzeug<\/strong>: Es verdient eine eigene Welt voller Sanftheit, <strong>Verstecke<\/strong> und erholsamer Ruhemomente. \ud83d\udc07 Dieser <strong>Kaninchen-Tunnel<\/strong> im &#8222;<strong>Wolken<\/strong>&#8222;-Design ist ein echtes Highlight: Er vereint <strong>Spiel<\/strong>, Komfort und Sicherheit in einem wandelbaren Format.<\/p>\n<p><\/p>\n<p><\/p>\n<figure class=\"wp-block-image size-full is-resized\"><img decoding=\"async\" src=\"https:\/\/mon-lapinnain.com\/wp-content\/uploads\/2025\/09\/tunnel-pour-lapin-1.jpg\" alt=\"\" class=\"wp-image-24467\" style=\"width:600px\" \/><\/figure>\n<p><\/p>\n<p><\/p>\n<p>Was wir lieben? Dieses <strong>Spielzeug f\u00fcr Kaninchen<\/strong> l\u00e4sst sich in 2 Teile zerlegen. Sie k\u00f6nnen es \u00f6ffnen, um einen <strong>langen Kuscheltunnel<\/strong> zu schaffen \u2013 in der Mitte befindet sich ein federweiches Kissen wie ein kleines Nest. Der perfekte Ort zum Rennen, Verstecken, Beobachten &#8230; und um sich dann zum Nickerchen zusammenzurollen. \ud83d\udca4<\/p>\n<p><\/p>\n<p><\/p>\n<figure class=\"wp-block-image size-full is-resized\"><img decoding=\"async\" src=\"https:\/\/mon-lapinnain.com\/wp-content\/uploads\/2025\/09\/Grand-tunnel-lapin.jpg\" alt=\"Gro\u00dfer Kaninchentunnel\" class=\"wp-image-24380\" style=\"width:600px\" \/><\/figure>\n<p><\/p>\n<p><\/p>\n<p>Und f\u00fcr noch mehr Abwechslung k\u00f6nnen Sie daraus auch <strong>zwei separate Tunnel<\/strong> machen \u2013 ideal, um noch mehr Verstecke und Spielm\u00f6glichkeiten zu schaffen.<\/p>\n<p><\/p>\n<p><\/p>\n<figure class=\"wp-block-image size-full is-resized\"><img decoding=\"async\" src=\"https:\/\/mon-lapinnain.com\/wp-content\/uploads\/2025\/09\/Tunnel-lapin-2en1.jpg\" alt=\"Doppelter Kaninchentunnel\" class=\"wp-image-24382\" style=\"width:600px\" \/><\/figure>\n<p><\/p>\n<p><\/p>\n<p>Gefertigt aus einem pl\u00fcschigen Stoff, so weich wie ein Teddyb\u00e4r, l\u00e4dt der <strong>Kaninchen-Tunnel<\/strong> Ihr Kaninchen zum Erkunden ganz ohne Stress ein. Perfekt, um die Umgebung zu bereichern, f\u00fcgt sich dieser <strong>Kaninchen-Tunnel<\/strong> mit seinem beruhigenden Design wunderbar in Ihr Zuhause ein. \u2601\ufe0f<\/p>\n<p><\/p>\n<p><\/p>\n<h3 class=\"wp-block-heading\" id=\"h-un-jouet-lapin-evolutif-pour-eveiller-ses-sens\">Ein wandelbares Kaninchenspielzeug zur Sinnesf\u00f6rderung \ud83d\udc9e<\/h3>\n<p><\/p>\n<p><\/p>\n<p>Kaninchen brauchen Anregung &#8230; aber auch Geborgenheit. Dieser <strong>Kaninchen-Tunnel<\/strong> erm\u00f6glicht es ihnen, Abenteuer in ihrem eigenen Tempo zu erleben. Das Innere des <strong>Tunnels<\/strong> bietet einen geschlossenen Raum, der Sicherheit gibt, w\u00e4hrend das zentrale Kissen schnell zum liebsten <strong>R\u00fcckzugsort<\/strong> wird. Ob f\u00fcr einen ausgelassenen Sprint, Spiel oder ein wohlverdientes Nickerchen \u2013 dieser <strong>Kaninchen-Tunnel<\/strong> passt sich allen Stimmungen Ihres Lieblings an.<\/p>\n<p><\/p>\n<p><\/p>\n<figure class=\"wp-block-image size-full is-resized\"><img decoding=\"async\" src=\"https:\/\/mon-lapinnain.com\/wp-content\/uploads\/2025\/09\/jouet-pour-lapin-tunnel-1.jpg\" alt=\"\" class=\"wp-image-24468\" style=\"width:600px\" \/><\/figure>\n<p><\/p>\n<p><\/p>\n<p>Er animiert zur Bewegung, f\u00f6rdert Neugier und vor allem: macht Ihr <strong>Kaninchen gl\u00fccklich<\/strong>. \ud83d\udc99<br \/>Denn wer sein Kaninchen liebt, m\u00f6chte es entspannt, sicher und umgeben von etwas Sch\u00f6nem sehen. Schenken Sie Ihrem Liebling dieses kleine St\u00fcck Himmel nur f\u00fcr ihn. \u2601\ufe0f\ud83d\udc30<\/p>\n<p><\/p>\n<p><\/p>\n<p>Eigenschaften:<\/p>\n<p><\/p>\n<p><\/p>\n<ul class=\"wp-block-list\"><\/p>\n<li><strong>Runder Tunnel f\u00fcr Kaninchen<\/strong><\/li>\n<p><\/p>\n<p><\/p>\n<li>Mit Kissen geliefert<\/li>\n<p><\/p>\n<p><\/p>\n<li>Design: Blauer Tunnel mit Wolkenmuster<\/li>\n<p><\/p>\n<p><\/p>\n<li>Gr\u00f6\u00dfe: Durchmesser 85 cm \u2013 Innere Tunnelh\u00f6he: 25 cm<\/li>\n<p><\/ul>\n<p><\/p>\n<p><\/p>\n<p><\/p>\n<p><\/p>\n<p>\ud83d\udc49 Erg\u00e4nzen Sie seinen Spielbereich mit unserer Auswahl an Kaninchenspielzeug. So k\u00f6nnen Sie ihr Kaninchen jeden Tag mit sicheren und geliebten Accessoires besch\u00e4ftigen! \ud83d\udc07\ud83d\udc99<\/p>\n<p><\/p>\n","protected":false},"excerpt":{"rendered":"<ul>\n<li>Abnehmbarer Tunnel mit zentralem Kissen<\/li>\n<li>Weich, beruhigend und perfekt zum Verstecken<\/li>\n<li>Regt die Erkundung an<\/li>\n<\/ul>\n","protected":false},"featured_media":14495,"comment_status":"closed","ping_status":"closed","template":"","meta":{"_seopress_robots_primary_cat":"","_seopress_titles_title":"","_seopress_titles_desc":"","_seopress_robots_index":""},"product_brand":[],"product_cat":[193,183],"product_tag":[],"class_list":{"0":"post-15518","1":"product","2":"type-product","3":"status-publish","4":"has-post-thumbnail","6":"product_cat-kaninchenbett","7":"product_cat-kaninchentunnel","9":"first","10":"outofstock","11":"taxable","12":"shipping-taxable","13":"purchasable","14":"product-type-simple"},"_links":{"self":[{"href":"https:\/\/www.bunzyland.com\/de\/wp-json\/wp\/v2\/product\/15518","targetHints":{"allow":["GET"]}}],"collection":[{"href":"https:\/\/www.bunzyland.com\/de\/wp-json\/wp\/v2\/product"}],"about":[{"href":"https:\/\/www.bunzyland.com\/de\/wp-json\/wp\/v2\/types\/product"}],"replies":[{"embeddable":true,"href":"https:\/\/www.bunzyland.com\/de\/wp-json\/wp\/v2\/comments?post=15518"}],"wp:featuredmedia":[{"embeddable":true,"href":"https:\/\/www.bunzyland.com\/de\/wp-json\/wp\/v2\/media\/14495"}],"wp:attachment":[{"href":"https:\/\/www.bunzyland.com\/de\/wp-json\/wp\/v2\/media?parent=15518"}],"wp:term":[{"taxonomy":"product_brand","embeddable":true,"href":"https:\/\/www.bunzyland.com\/de\/wp-json\/wp\/v2\/product_brand?post=15518"},{"taxonomy":"product_cat","embeddable":true,"href":"https:\/\/www.bunzyland.com\/de\/wp-json\/wp\/v2\/product_cat?post=15518"},{"taxonomy":"product_tag","embeddable":true,"href":"https:\/\/www.bunzyland.com\/de\/wp-json\/wp\/v2\/product_tag?post=15518"}],"curies":[{"name":"wp","href":"https:\/\/api.w.org\/{rel}","templated":true}]}}