{"id":15522,"date":"2025-10-17T13:26:13","date_gmt":"2025-10-17T11:26:13","guid":{"rendered":"https:\/\/bunzyland.com\/?post_type=product&#038;p=15522"},"modified":"2025-10-17T13:26:13","modified_gmt":"2025-10-17T11:26:13","slug":"kaninchenzelt-hutte","status":"publish","type":"product","link":"https:\/\/www.bunzyland.com\/de\/produkt\/kaninchenzelt-hutte\/","title":{"rendered":"Kaninchenzelt H\u00fctte"},"content":{"rendered":"<p><\/p>\n<h2 class=\"wp-block-heading\" id=\"h-cabane-pour-lapin-tente-un-petit-refuge-rien-qu-a-lui\">Kaninchenzelt H\u00fctte: ein kleines Refugium nur f\u00fcr ihn \ud83c\udfd5\ufe0f\ud83d\udc9b<\/h2>\n<p><\/p>\n<p><\/p>\n<p>Diese <strong>Kaninchenh\u00fctte<\/strong> in Zeltform wird sein Lieblingsplatz werden\u2026 und auch deiner (allein schon wegen seinem s\u00fc\u00dfen Gesicht, wenn er sich darin versteckt \ud83d\ude0d). Superleicht und einfach zu versetzen, passt sie perfekt in einen <strong>Freilauf<\/strong>, eine Ecke im Wohnzimmer oder jeden ruhigen Platz nur f\u00fcr ihn.<\/p>\n<p><\/p>\n<p><\/p>\n<figure class=\"wp-block-image size-full is-resized\"><img decoding=\"async\" src=\"https:\/\/mon-lapinnain.com\/wp-content\/uploads\/2025\/09\/Cabane-pour-lapin-tente.jpg\" alt=\"Kaninchenzelt H\u00fctte\" class=\"wp-image-24400\" style=\"width:600px\" \/><\/figure>\n<p><\/p>\n<p><\/p>\n<p>Als echtes <strong>Kaninchenzelt<\/strong> durchdacht, erlaubt es deinem Kaninchen, sich in Ruhe zur\u00fcckzuziehen, wenn es Ruhe braucht, oder ein gem\u00fctliches Schl\u00e4fchen zu machen. Ein wirklich <strong>diskretes und beruhigendes Kaninchenversteck<\/strong>, das seinem Instinkt entspricht und ihm gleichzeitig einen kuscheligen Kokon bietet. Und ehrlich\u2026 ihn wie einen kleinen, m\u00fcden Entdecker darin schlummern zu sehen, ist pures Gl\u00fcck. \ud83d\udc30\ud83d\udca4<\/p>\n<p><\/p>\n<p><\/p>\n<h3 class=\"wp-block-heading\" id=\"h-une-cabane-lapin-legere-et-pleine-de-tendresse\">Eine leichte und liebevolle Kaninchenh\u00fctte \ud83d\udc3e<\/h3>\n<p><\/p>\n<p><\/p>\n<p><strong>Zwergkaninchen<\/strong> sind von Natur aus sensibel: Sie lieben es, einen ruhigen, kuscheligen, auf sie zugeschnittenen Platz zu haben. Diese <strong>Kaninchenhaus<\/strong> <strong>f\u00fcr Zwergkaninchen<\/strong> wurde genau f\u00fcr sie entworfen \u2013 nicht zu gro\u00df, nicht zu schmal, genau richtig, damit sie sich sicher f\u00fchlen. Die abgerundete Form und die gro\u00dfe \u00d6ffnung machen den Zugang selbst f\u00fcr sch\u00fcchterne Kaninchen einfach.<\/p>\n<p><\/p>\n<p><\/p>\n<figure class=\"wp-block-image size-full is-resized\"><img decoding=\"async\" src=\"https:\/\/mon-lapinnain.com\/wp-content\/uploads\/2025\/09\/Cabane-lapin-tente.jpg\" alt=\"Kaninchenzelt\" class=\"wp-image-24399\" style=\"width:600px\" \/><\/figure>\n<p><\/p>\n<p><\/p>\n<p>Es ist auch das perfekte <strong>Zubeh\u00f6r<\/strong>, um deinem Kaninchen zu helfen, stressige Momente zu bew\u00e4ltigen oder eine kleine Auszeit fernab vom Trubel zu nehmen. Und da diese <strong>Kaninchenh\u00fctte<\/strong> leicht und faltbar ist, kannst du sie problemlos mitnehmen, wenn ihr gemeinsam \u00fcbers Wochenende verreist. Ein echtes beruhigendes Refugium, das es \u00fcberall wiedererkennt. \ud83e\udde1<\/p>\n<p><\/p>\n<p><\/p>\n<p>Eigenschaften: <\/p>\n<p><\/p>\n<p><\/p>\n<ul class=\"wp-block-list\"><\/p>\n<li><strong>Beiges Kaninchenzelt<\/strong><\/li>\n<p><\/p>\n<p><\/p>\n<li>Mit kleiner, flacher Matte geliefert<\/li>\n<p><\/p>\n<p><\/p>\n<li>Farbe: Beige<\/li>\n<p><\/p>\n<p><\/p>\n<li><strong>Gr\u00f6\u00dfe<\/strong>: <strong>B 32cm x L 32cm x H 30cm<\/strong><\/li>\n<p><\/p>\n<p><\/p>\n<li>F\u00fcr ein Zwergkaninchen geeignet<\/li>\n<p><\/ul>\n<p><\/p>\n<p><\/p>\n<p>\ud83d\udc49 Und wenn du deinem Kaninchen noch mehr s\u00fc\u00dfe R\u00fcckzugsorte schenken m\u00f6chtest, wirf einen Blick auf unsere gesamte <strong>Kaninchenh\u00fctten-Kollektion<\/strong>, entworfen f\u00fcr seinen Komfort und sein Wohlbefinden \ud83d\udc30\ud83d\udc9b<\/p>\n<p><\/p>","protected":false},"excerpt":{"rendered":"<p>\u2705 Ein echtes gem\u00fctliches Nest nur f\u00fcr ihn<br \/>\u2705 Beruhigt und entspannt gestresste kleine Kaninchen<br \/>\u23f3 Begrenzter Vorrat\u2026 hol sie dir schnell!<\/p>\n","protected":false},"featured_media":14550,"comment_status":"closed","ping_status":"closed","template":"","meta":{"_seopress_robots_primary_cat":"","_seopress_titles_title":"","_seopress_titles_desc":"","_seopress_robots_index":""},"product_brand":[],"product_cat":[175],"product_tag":[],"class_list":{"0":"post-15522","1":"product","2":"type-product","3":"status-publish","4":"has-post-thumbnail","6":"product_cat-kaninchenstall","8":"first","9":"instock","10":"taxable","11":"shipping-taxable","12":"purchasable","13":"product-type-simple"},"_links":{"self":[{"href":"https:\/\/www.bunzyland.com\/de\/wp-json\/wp\/v2\/product\/15522","targetHints":{"allow":["GET"]}}],"collection":[{"href":"https:\/\/www.bunzyland.com\/de\/wp-json\/wp\/v2\/product"}],"about":[{"href":"https:\/\/www.bunzyland.com\/de\/wp-json\/wp\/v2\/types\/product"}],"replies":[{"embeddable":true,"href":"https:\/\/www.bunzyland.com\/de\/wp-json\/wp\/v2\/comments?post=15522"}],"wp:featuredmedia":[{"embeddable":true,"href":"https:\/\/www.bunzyland.com\/de\/wp-json\/wp\/v2\/media\/14550"}],"wp:attachment":[{"href":"https:\/\/www.bunzyland.com\/de\/wp-json\/wp\/v2\/media?parent=15522"}],"wp:term":[{"taxonomy":"product_brand","embeddable":true,"href":"https:\/\/www.bunzyland.com\/de\/wp-json\/wp\/v2\/product_brand?post=15522"},{"taxonomy":"product_cat","embeddable":true,"href":"https:\/\/www.bunzyland.com\/de\/wp-json\/wp\/v2\/product_cat?post=15522"},{"taxonomy":"product_tag","embeddable":true,"href":"https:\/\/www.bunzyland.com\/de\/wp-json\/wp\/v2\/product_tag?post=15522"}],"curies":[{"name":"wp","href":"https:\/\/api.w.org\/{rel}","templated":true}]}}