{"id":15524,"date":"2025-10-17T13:26:14","date_gmt":"2025-10-17T11:26:14","guid":{"rendered":"https:\/\/bunzyland.com\/?post_type=product&#038;p=15524"},"modified":"2025-10-17T13:26:15","modified_gmt":"2025-10-17T11:26:15","slug":"kuschelige-kaninchenmatte","status":"publish","type":"product","link":"https:\/\/www.bunzyland.com\/de\/produkt\/kuschelige-kaninchenmatte\/","title":{"rendered":"Kuschelige Kaninchenmatte"},"content":{"rendered":"<p><\/p>\n<h2 class=\"wp-block-heading\" id=\"h-tapis-pour-lapin-moelleux-un-vrai-petit-nuage-pour-ses-siestes\">Kuschelige Kaninchenmatte: eine kleine Wolke f\u00fcr seine Nickerchen \u2601\ufe0f\ud83d\udc30<\/h2>\n<p><\/p>\n<p><\/p>\n<p>Suchst du eine <strong>Kaninchenmatte<\/strong>, die ebenso weich wie sicher ist? Diese Matte f\u00fchlt sich an wie eine permanente Umarmung f\u00fcr dein Kaninchen. Ihre <strong>unwiderstehliche Kuscheligkeit<\/strong> verwandelt jede Ecke in eine <strong>gem\u00fctliche Oase<\/strong> zum Ausruhen, Entspannen oder ein kleines Schl\u00e4fchen nach ausgiebigen Zoomies \ud83d\udc3e\ud83d\udca8.<\/p>\n<p><\/p>\n<p><\/p>\n<figure class=\"wp-block-image size-full is-resized\"><img decoding=\"async\" src=\"https:\/\/mon-lapinnain.com\/wp-content\/uploads\/2025\/09\/tapis-pour-lapin-moelleux.jpg\" alt=\"kuschelige Kaninchenmatte\" class=\"wp-image-24408\" style=\"width:600px\" \/><\/figure>\n<p><\/p>\n<p><\/p>\n<p>Sie findet ganz einfach Platz im <strong>Gehege<\/strong> oder in einer Freilaufzone und bringt sofort Gem\u00fctlichkeit in das kleine Reich deines Kaninchens.<\/p>\n<p><\/p>\n<p><\/p>\n<figure class=\"wp-block-image size-full is-resized\"><img decoding=\"async\" src=\"https:\/\/mon-lapinnain.com\/wp-content\/uploads\/2025\/09\/tapis-lapin-moelleux.jpg\" alt=\"kuschelige Kaninchenmatte\" class=\"wp-image-24405\" style=\"width:600px\" \/><\/figure>\n<p><\/p>\n<p><\/p>\n<p>Dein Kaninchen verdient das Beste, und dieses <strong>Kaninchenkissen<\/strong> erf\u00fcllt alle Anspr\u00fcche: Es spendet Geborgenheit, ist warm, ohne zu ersticken, und vor allem\u2026 es wird vom ersten Moment an geliebt! Genau solche Details machen den Unterschied f\u00fcr sein Wohlbefinden im Alltag. \ud83e\uddf8\ud83d\udc9b<\/p>\n<p><\/p>\n<p><\/p>\n<h3 class=\"wp-block-heading\" id=\"h-un-tapis-lapin-concu-pour-le-confort-et-l-amour\">Eine Kaninchenmatte, die mit Liebe und Komfort entworfen wurde! \ud83d\udc95<\/h3>\n<p><\/p>\n<p><\/p>\n<p>Diese <strong>kuschelige Kaninchenmatte<\/strong> ist nicht nur niedlich: Sie wurde entwickelt, um deinem Kaninchen ein echtes Wohlf\u00fchl-Nest zu bieten. Die ultraweiche Oberfl\u00e4che beruhigt und gibt Geborgenheit \u2013 ideal f\u00fcr Kaninchen, die flauschige Pl\u00e4tze lieben. An einem ruhigen Ort platziert, wird sie schnell zum Lieblingsplatz \u2013 ob zum Schlafen, Pf\u00f6tchenlecken oder einfach nur, um dich mit einem zuckers\u00fc\u00dfen Blick zu beobachten.<\/p>\n<p><\/p>\n<p><\/p>\n<figure class=\"wp-block-image size-full is-resized\"><img decoding=\"async\" src=\"https:\/\/mon-lapinnain.com\/wp-content\/uploads\/2025\/09\/tapis-lit-lapin.jpg\" alt=\"Kaninchenbett Matte\" class=\"wp-image-24406\" style=\"width:600px\" \/><\/figure>\n<p><\/p>\n<p><\/p>\n<p>Und unter uns gesagt: Es ist auch eine wundersch\u00f6ne Art, \u201eIch hab dich lieb\u201c zu sagen, indem du ihm einen eigenen, gesch\u00fctzten Platz schenkst. \ud83d\udc07\ud83d\udca4 Ob du gerade ein perfektes <strong>Gehege<\/strong> planst oder einfach nur ein neues <strong>Schlafpl\u00e4tzchen<\/strong> schenken m\u00f6chtest \u2013 diese <strong>kuschelweiche Matte<\/strong> ist die beste Wahl.<\/p>\n<p><\/p>\n<p><\/p>\n<p>Eigenschaften:<\/p>\n<p><\/p>\n<p><\/p>\n<ul class=\"wp-block-list\"><\/p>\n<li>Superweiche Kaninchenmatte<\/li>\n<p><\/p>\n<p><\/p>\n<li>Farbe: Taupe, Unterseite Wei\u00df<\/li>\n<p><\/p>\n<p><\/p>\n<li>Ma\u00dfe: 56cm x 38cm<\/li>\n<p><\/p>\n<p><\/p>\n<li>Material: Polar-Sherpa-Baumwolle<\/li>\n<p><\/ul>\n<p><\/p>\n<p><\/p>\n<p><\/p>\n<p><\/p>\n<p>\ud83d\udc49 Und wenn du deinem Liebling noch mehr Kuschelkomfort g\u00f6nnen willst, entdecke auch unsere komplette Kollektion an <strong>Kaninchenmatten<\/strong> und <strong>Kaninchenbetten<\/strong>, die genauso weich und bezaubernd sind \ud83d\udc30\ud83d\udca4<\/p>\n<p><\/p>\n","protected":false},"excerpt":{"rendered":"<p data-pm-slice=\"1 1 []\">\u2705 Ultra kuschelig\u2026 er will sie nie wieder verlassen<br \/>\u2705 F\u00fcr zuckers\u00fc\u00dfe Nickerchen<br \/>\ud83d\ude31 Begrenzter Vorrat, sie sind sehr schnell ausverkauft!<\/p>\n","protected":false},"featured_media":14565,"comment_status":"closed","ping_status":"closed","template":"","meta":{"_seopress_robots_primary_cat":"","_seopress_titles_title":"","_seopress_titles_desc":"","_seopress_robots_index":""},"product_brand":[],"product_cat":[195,193],"product_tag":[],"class_list":{"0":"post-15524","1":"product","2":"type-product","3":"status-publish","4":"has-post-thumbnail","6":"product_cat-kaninchen-matten","7":"product_cat-kaninchenbett","9":"first","10":"outofstock","11":"taxable","12":"shipping-taxable","13":"purchasable","14":"product-type-simple"},"_links":{"self":[{"href":"https:\/\/www.bunzyland.com\/de\/wp-json\/wp\/v2\/product\/15524","targetHints":{"allow":["GET"]}}],"collection":[{"href":"https:\/\/www.bunzyland.com\/de\/wp-json\/wp\/v2\/product"}],"about":[{"href":"https:\/\/www.bunzyland.com\/de\/wp-json\/wp\/v2\/types\/product"}],"replies":[{"embeddable":true,"href":"https:\/\/www.bunzyland.com\/de\/wp-json\/wp\/v2\/comments?post=15524"}],"wp:featuredmedia":[{"embeddable":true,"href":"https:\/\/www.bunzyland.com\/de\/wp-json\/wp\/v2\/media\/14565"}],"wp:attachment":[{"href":"https:\/\/www.bunzyland.com\/de\/wp-json\/wp\/v2\/media?parent=15524"}],"wp:term":[{"taxonomy":"product_brand","embeddable":true,"href":"https:\/\/www.bunzyland.com\/de\/wp-json\/wp\/v2\/product_brand?post=15524"},{"taxonomy":"product_cat","embeddable":true,"href":"https:\/\/www.bunzyland.com\/de\/wp-json\/wp\/v2\/product_cat?post=15524"},{"taxonomy":"product_tag","embeddable":true,"href":"https:\/\/www.bunzyland.com\/de\/wp-json\/wp\/v2\/product_tag?post=15524"}],"curies":[{"name":"wp","href":"https:\/\/api.w.org\/{rel}","templated":true}]}}