{"id":15530,"date":"2025-10-17T13:26:22","date_gmt":"2025-10-17T11:26:22","guid":{"rendered":"https:\/\/bunzyland.com\/?post_type=product&#038;p=15530"},"modified":"2025-10-26T18:16:36","modified_gmt":"2025-10-26T17:16:36","slug":"kaninchenbett-midnight","status":"publish","type":"product","link":"https:\/\/www.bunzyland.com\/de\/produkt\/kaninchenbett-midnight\/","title":{"rendered":"Kaninchenbett Midnight"},"content":{"rendered":"<p><\/p>\n<h2 class=\"wp-block-heading\" id=\"h-le-lit-pour-lapin-midnight-cosy-comme-jamais\">Das Kaninchenbett Midnight, so gem\u00fctlich wie noch nie<\/h2>\n<p><\/p>\n<p><\/p>\n<p>Wenn du das perfekte <strong>Kaninchenk\u00f6rbchen<\/strong> suchst, das Stil, Komfort und absoluten Niedlichkeitsfaktor vereint\u2026 dann bist du hier genau richtig\ud83d\udca4.<br \/>Das <strong>Kaninchenbett Midnight<\/strong> ist mehr als nur ein einfaches <strong>Schlafbett f\u00fcr Kaninchen<\/strong>. Es ist sein ganz eigenes <strong>snugabun<\/strong>, sein R\u00fcckzugsort, in dem es sich ruhig, geborgen und gl\u00fccklich f\u00fchlt.<\/p>\n<p><\/p>\n<p><\/p>\n<figure class=\"wp-block-image size-full is-resized\"><img decoding=\"async\" src=\"https:\/\/mon-lapinnain.com\/wp-content\/uploads\/2025\/09\/Lit-pour-lapin-midnight.jpg\" alt=\"Kaninchenbett Midnight\" class=\"wp-image-24302\" style=\"width:600px\" \/><\/figure>\n<p><\/p>\n<p><\/p>\n<p>Mit seinen zwei weichen Rollen an den Seiten kann sich dein <strong>Kaninchen<\/strong> in der Mitte einkuscheln und f\u00fchlt sich sicher, gehalten und umgeben \u2013 fast wie in einem <strong>kuscheligen Nest<\/strong>.<\/p>\n<p>Und wei\u00dft du was? Es wird es lieben, darin Nickerchen zu machen (und schmollen, wenn du ihm wieder ein St\u00fcck Banane \ud83c\udf4c\ud83d\ude48 verweigerst). Im Gegensatz zu manchen <strong>Kissen<\/strong>, die flach oder zu weich sind, bleibt dieses <strong>Kaninchenbett<\/strong> formstabil \u2013 ideal f\u00fcr Komfort und eine gute Haltung.<\/p>\n<p><\/p>\n<p><\/p>\n<figure class=\"wp-block-image size-full is-resized\"><img decoding=\"async\" src=\"https:\/\/mon-lapinnain.com\/wp-content\/uploads\/2025\/09\/Lit-pour-lapin-dodo.jpg\" alt=\"Kaninchenbett Schlafplatz\" class=\"wp-image-24301\" style=\"width:600px\" \/><\/figure>\n<p><\/p>\n<p><\/p>\n<p>Du kannst es \u00fcberall hinstellen: ins <strong>Gehege<\/strong>, auf einen <strong>Teppich<\/strong> oder sogar in die Lieblingsecke im Wohnzimmer. Und wenn es sich erstmal daran gew\u00f6hnt hat\u2026 viel Spa\u00df dabei, es wieder herauszubekommen!<\/p>\n<p><\/p>\n<p><\/p>\n<h3 class=\"wp-block-heading\" id=\"h-un-tapis-pour-lapin-au-design-magique-qui-transforme-son-espace\">Eine Kaninchendecke mit magischem Design zum Verzaubern seines Platzes<\/h3>\n<p><\/p>\n<p><\/p>\n<p>Das <strong>Midnight-Muster<\/strong> ist der kleine, m\u00e4rchenhafte Akzent, den wir lieben: ein tiefblauer Hintergrund, \u00fcbers\u00e4t mit sanften Blumen und kleinen tr\u00e4umenden Kaninchen. Dieses <strong>Kaninchenbett<\/strong> verwandelt den Schlafplatz sofort in einen echten Kokon wie aus dem M\u00e4rchen \ud83c\udf19\u2728<\/p>\n<p><\/p>\n<p><\/p>\n<figure class=\"wp-block-image size-full is-resized\"><img decoding=\"async\" src=\"https:\/\/mon-lapinnain.com\/wp-content\/uploads\/2025\/09\/coussin-pour-lapin-1.jpg\" alt=\"Kissen f\u00fcr Kaninchen\" class=\"wp-image-24298\" style=\"width:600px\" \/><\/figure>\n<p><\/p>\n<p><\/p>\n<p>Mit seinen beruhigenden Farbt\u00f6nen und den h\u00fcbschen Details passt es perfekt in jeden Raum: Gehege, Wohnzimmer oder eine improvisierte Schlafecke. Dein <strong>Kaninchen<\/strong> findet darin nicht nur ein bequemes <strong>Schlafplatz f\u00fcr Kaninchen<\/strong>, sondern einen echten R\u00fcckzugsort, an dem es sich gesch\u00fctzt, entspannt und vor allem\u2026 zu Hause f\u00fchlt.<\/p>\n<p><\/p>\n<p><\/p>\n<figure class=\"wp-block-image size-full is-resized\"><img decoding=\"async\" src=\"https:\/\/mon-lapinnain.com\/wp-content\/uploads\/2025\/09\/Lit-lapin-midnight.jpg\" alt=\"Kaninchenbett Midnight\" class=\"wp-image-24299\" style=\"width:600px\" \/><\/figure>\n<p><\/p>\n<p><\/p>\n<p>Wir warnen dich: Sobald es einmal darin liegt, will es bestimmt nicht mehr raus (und ehrlich, wir k\u00f6nnen es verstehen).<\/p>\n<p><\/p>\n<p><\/p>\n<p>Eigenschaften:<\/p>\n<p><\/p>\n<p><\/p>\n<ul class=\"wp-block-list\"><\/p>\n<li><strong>Kaninchenbett snugabun <\/strong><\/li>\n<p><\/p>\n<p><\/p>\n<li>Stoff und Baumwollf\u00fcllung<\/li>\n<p><\/p>\n<p><\/p>\n<li>Gr\u00f6\u00dfe: B 45cm x L 38cm<\/li>\n<p><\/ul>\n<p><\/p>\n<p><\/p>\n<p>\ud83d\udc49 F\u00fcr noch mehr Gem\u00fctlichkeit, entdecke auch unsere ganzen <strong>Kaninchenbetten<\/strong> und <strong>Kaninchenteppiche<\/strong> \ud83d\udc30\ud83d\udca4\ud83c\udf38<\/p>\n<p><\/p>\n<p><\/p>\n<p><\/p>\n<p><\/p>\n<p><\/p>\n<p><\/p>\n","protected":false},"excerpt":{"rendered":"<p>\u2705 Ein 100% bequemes Kaninchenbett<br data-start=\"201\" data-end=\"204\" \/>\u2705 Sein Lieblings-Schlafplatz, getestet &amp; best\u00e4tigt<br data-start=\"245\" data-end=\"248\" data-is-only-node=\"\" \/>\u23f3 <strong data-start=\"250\" data-end=\"296\">Nur noch wenig auf Lager\u2026 danach ist es zu sp\u00e4t!<\/strong><\/p>\n","protected":false},"featured_media":14270,"comment_status":"closed","ping_status":"closed","template":"","meta":{"_seopress_robots_primary_cat":"","_seopress_titles_title":"","_seopress_titles_desc":"","_seopress_robots_index":""},"product_brand":[],"product_cat":[195,193],"product_tag":[],"class_list":{"0":"post-15530","1":"product","2":"type-product","3":"status-publish","4":"has-post-thumbnail","6":"product_cat-kaninchen-matten","7":"product_cat-kaninchenbett","9":"first","10":"outofstock","11":"taxable","12":"shipping-taxable","13":"purchasable","14":"product-type-simple"},"_links":{"self":[{"href":"https:\/\/www.bunzyland.com\/de\/wp-json\/wp\/v2\/product\/15530","targetHints":{"allow":["GET"]}}],"collection":[{"href":"https:\/\/www.bunzyland.com\/de\/wp-json\/wp\/v2\/product"}],"about":[{"href":"https:\/\/www.bunzyland.com\/de\/wp-json\/wp\/v2\/types\/product"}],"replies":[{"embeddable":true,"href":"https:\/\/www.bunzyland.com\/de\/wp-json\/wp\/v2\/comments?post=15530"}],"wp:featuredmedia":[{"embeddable":true,"href":"https:\/\/www.bunzyland.com\/de\/wp-json\/wp\/v2\/media\/14270"}],"wp:attachment":[{"href":"https:\/\/www.bunzyland.com\/de\/wp-json\/wp\/v2\/media?parent=15530"}],"wp:term":[{"taxonomy":"product_brand","embeddable":true,"href":"https:\/\/www.bunzyland.com\/de\/wp-json\/wp\/v2\/product_brand?post=15530"},{"taxonomy":"product_cat","embeddable":true,"href":"https:\/\/www.bunzyland.com\/de\/wp-json\/wp\/v2\/product_cat?post=15530"},{"taxonomy":"product_tag","embeddable":true,"href":"https:\/\/www.bunzyland.com\/de\/wp-json\/wp\/v2\/product_tag?post=15530"}],"curies":[{"name":"wp","href":"https:\/\/api.w.org\/{rel}","templated":true}]}}