{"id":15532,"date":"2025-10-17T13:26:20","date_gmt":"2025-10-17T11:26:20","guid":{"rendered":"https:\/\/bunzyland.com\/?post_type=product&#038;p=15532"},"modified":"2025-10-24T18:49:54","modified_gmt":"2025-10-24T16:49:54","slug":"morphee-kaninchenbett","status":"publish","type":"product","link":"https:\/\/www.bunzyland.com\/de\/produkt\/morphee-kaninchenbett\/","title":{"rendered":"Morph\u00e9e Kaninchenbett"},"content":{"rendered":"<p><\/p>\n<h2 class=\"wp-block-heading\" id=\"h-lit-pour-lapin-morphee-le-coin-cocooning-qu-il-ne-voudra-plus-quitter\">Morph\u00e9e Kaninchenbett: Die Kuschelecke, die er nie wieder verlassen m\u00f6chte<\/h2>\n<p><\/p>\n<p><\/p>\n<p>Seien wir ehrlich: Dein Kaninchen verdient den besten Platz f\u00fcr seine exklusiven Nickerchen. Und unser <strong>Morph\u00e9e Kaninchenbett<\/strong> ist eindeutig <strong>das Kaninchenbett<\/strong>, auf das er gewartet hat. Flauschig, beruhigend und so gem\u00fctlich, dass er seine Tage damit verbringen wird, darin zu faulenzen (oder eher dazulegen und mit halb geschlossenen Augen zu chillen \ud83d\ude34).<\/p>\n<p><\/p>\n<p><\/p>\n<figure class=\"wp-block-image size-full is-resized\"><img decoding=\"async\" src=\"https:\/\/mon-lapinnain.com\/wp-content\/uploads\/2025\/09\/Lit-pour-lapin-snuggle-bed-beige-1.jpg\" alt=\"Kaninchenbett snuggle bed\" class=\"wp-image-24315\" style=\"width:600px\" \/><\/figure>\n<p><\/p>\n<p><\/p>\n<p>Dieses <strong>Kaninchenbett<\/strong> nennt man auch ein <strong>snugabun<\/strong>: ein <strong>Kissen<\/strong> mit zwei Rollen an den Seiten, speziell daf\u00fcr gemacht, dass sich dein Kaninchen in der Mitte niederlassen, gehalten und gest\u00fctzt f\u00fchlt. Es legt sich nicht einfach drauf wie auf ein <strong>gew\u00f6hnliches Kissen<\/strong>: Es kuschelt sich hinein, f\u00fchlt sich sicher, wie in einem kleinen <strong>Nest<\/strong>. Es ist weich, beruhigend und du wirst sehen, wie es sich dort v\u00f6llig entspannt.<\/p>\n<p><\/p>\n<p><\/p>\n<figure class=\"wp-block-image size-full is-resized\"><img decoding=\"async\" src=\"https:\/\/mon-lapinnain.com\/wp-content\/uploads\/2025\/09\/Lit-pour-lapin.jpg\" alt=\"Kaninchenbett\" class=\"wp-image-24308\" style=\"width:600px\" \/><\/figure>\n<p><\/p>\n<p><\/p>\n<p>Dieses <strong>Bett f\u00fcr Kaninchen<\/strong> ist ideal in einer ruhigen Ecke im <strong>Gehege<\/strong>, im Auslauf oder sogar frei im Wohnzimmer. Es bietet ihm einen eigenen kleinen Bereich, in dem er sich wie zu Hause f\u00fchlt. Kurz gesagt, du wirst es lieben, ihn darin ruhen zu sehen. Und er wird es schnell annehmen!<\/p>\n<p><\/p>\n<p><\/p>\n<h3 class=\"wp-block-heading\" id=\"h-un-dodo-pour-lapin-qui-a-tout-compris\">Ein Kaninchenschlafplatz, der alles richtig macht<\/h3>\n<p><\/p>\n<p><\/p>\n<p>Kommt dir das Muster bekannt vor? Ja, das Design dieses <strong>Kaninchenschlafplatzes<\/strong> ist dasselbe wie das unseres <strong>Kaninchen-Teppichs<\/strong> f\u00fcrs <strong>Gehege<\/strong> \ud83e\udde1 Herbstmuster, gem\u00fctliche Atmosph\u00e4re, sanfte Farben&#8230; genau das Richtige, um eine kuschelige und harmonische Ecke zu schaffen.<\/p>\n<p><\/p>\n<p><\/p>\n<figure class=\"wp-block-image size-full is-resized\"><img decoding=\"async\" src=\"https:\/\/mon-lapinnain.com\/wp-content\/uploads\/2025\/09\/Lit-pour-lapin-morphee-1.jpg\" alt=\"\" class=\"wp-image-24588\" style=\"width:600px\" \/><\/figure>\n<p><\/p>\n<p><\/p>\n<p>Aber dieses <strong>Kaninchenbett<\/strong> ist nicht nur h\u00fcbsch. Es bringt Struktur in sein Umfeld. Die Rollen an den Seiten helfen ihm, sich besser abzulegen, und er wei\u00df sofort, wo er hinkann, um sich zu entspannen. Die snug-Form gibt ihm einen vertrauten Wohlf\u00fchlort, was Stress reduziert (vor allem bei sensiblen Kaninchen).<\/p>\n<p><\/p>\n<p><\/p>\n<figure class=\"wp-block-image size-full is-resized\"><img decoding=\"async\" src=\"https:\/\/mon-lapinnain.com\/wp-content\/uploads\/2025\/09\/Lit-pour-lapin-mignon.jpg\" alt=\"Niedliches Kaninchenbett\" class=\"wp-image-24309\" style=\"width:600px\" \/><\/figure>\n<p><\/p>\n<p><\/p>\n<p>Ein <strong>Kaninchen-Teppich<\/strong>, der alle Anforderungen erf\u00fcllt: praktisch, weich, beruhigend und, mal ehrlich&#8230; einfach schick.<\/p>\n<p><\/p>\n<p><\/p>\n<p>Eigenschaften:<\/p>\n<p><\/p>\n<p><\/p>\n<ul class=\"wp-block-list\"><\/p>\n<li><strong>Snugabun Kaninchenbett<\/strong><\/li>\n<p><\/p>\n<p><\/p>\n<li>Stoff und Baumwollf\u00fcllung<\/li>\n<p><\/p>\n<p><\/p>\n<li>Gr\u00f6\u00dfe: B 45cm x L 38cm<\/li>\n<p><\/ul>\n<p><\/p>\n<p><\/p>\n<p>\ud83d\udc49 Du willst ihm <strong>die perfekte Kuschelecke<\/strong> gestalten? Entdecke auch unseren passenden <strong>Kaninchen-Teppich<\/strong> und alle unsere <strong>Kaninchenbetten<\/strong> \u2013 alles super weich \ud83d\udc30\ud83e\uddfa\ud83d\udc9b<\/p>\n<p><\/p>\n<p><\/p>\n<p><\/p>\n","protected":false},"excerpt":{"rendered":"<p>\u2705 Bequemes Bett<br data-start=\"178\" data-end=\"181\" \/>\u2705 Er kuschelt sich gerne hinein<br data-start=\"219\" data-end=\"222\" \/>\ud83d\ude31 Begrenzter Vorrat. Es ist schnell weg!<\/p>\n","protected":false},"featured_media":14295,"comment_status":"closed","ping_status":"closed","template":"","meta":{"_seopress_robots_primary_cat":"","_seopress_titles_title":"","_seopress_titles_desc":"","_seopress_robots_index":""},"product_brand":[],"product_cat":[195,193],"product_tag":[],"class_list":{"0":"post-15532","1":"product","2":"type-product","3":"status-publish","4":"has-post-thumbnail","6":"product_cat-kaninchen-matten","7":"product_cat-kaninchenbett","9":"first","10":"outofstock","11":"taxable","12":"shipping-taxable","13":"purchasable","14":"product-type-simple"},"_links":{"self":[{"href":"https:\/\/www.bunzyland.com\/de\/wp-json\/wp\/v2\/product\/15532","targetHints":{"allow":["GET"]}}],"collection":[{"href":"https:\/\/www.bunzyland.com\/de\/wp-json\/wp\/v2\/product"}],"about":[{"href":"https:\/\/www.bunzyland.com\/de\/wp-json\/wp\/v2\/types\/product"}],"replies":[{"embeddable":true,"href":"https:\/\/www.bunzyland.com\/de\/wp-json\/wp\/v2\/comments?post=15532"}],"wp:featuredmedia":[{"embeddable":true,"href":"https:\/\/www.bunzyland.com\/de\/wp-json\/wp\/v2\/media\/14295"}],"wp:attachment":[{"href":"https:\/\/www.bunzyland.com\/de\/wp-json\/wp\/v2\/media?parent=15532"}],"wp:term":[{"taxonomy":"product_brand","embeddable":true,"href":"https:\/\/www.bunzyland.com\/de\/wp-json\/wp\/v2\/product_brand?post=15532"},{"taxonomy":"product_cat","embeddable":true,"href":"https:\/\/www.bunzyland.com\/de\/wp-json\/wp\/v2\/product_cat?post=15532"},{"taxonomy":"product_tag","embeddable":true,"href":"https:\/\/www.bunzyland.com\/de\/wp-json\/wp\/v2\/product_tag?post=15532"}],"curies":[{"name":"wp","href":"https:\/\/api.w.org\/{rel}","templated":true}]}}