{"id":14710,"date":"2025-10-17T13:26:00","date_gmt":"2025-10-17T11:26:00","guid":{"rendered":"https:\/\/bunzyland.com\/?post_type=product&#038;p=14710"},"modified":"2025-12-16T01:48:14","modified_gmt":"2025-12-16T00:48:14","slug":"juguete-para-conejo-listo","status":"publish","type":"product","link":"https:\/\/www.bunzyland.com\/es\/producto\/juguete-para-conejo-listo\/","title":{"rendered":"Juguete para conejo listo"},"content":{"rendered":"\n<h2 class=\"wp-block-heading\" id=\"h-jouet-pour-lapin-malin-un-jeu-intelligent-et-rigolo-pour-ton-petit-curieux\">Juguete para conejo listo: un juego inteligente y divertido para tu peque\u00f1o curioso \ud83c\udfb2\ud83d\udca1<\/h2>\n\n\n\n<p>\u00bfBuscas <strong>c\u00f3mo jugar con tu conejo<\/strong> de forma m\u00e1s interactiva y sobre todo m\u00e1s estimulante? \u00a1Este <strong>juguete para conejo listo<\/strong> enseguida se convertir\u00e1 en vuestro momento c\u00f3mplice favorito \ud83e\udd70! Con su bola transparente suspendida en un resorte, tu conejo tendr\u00e1 que usar su ingenio y paciencia para atrapar sus golosinas preferidas.<br>\u00bfEl resultado? Se <strong>divierte<\/strong>, <strong>piensa<\/strong> y t\u00fa&#8230; \u00a1te derrites de verlo tan concentrado! \ud83d\ude0d<\/p>\n\n\n\n<figure class=\"wp-block-image size-full is-resized\"><img decoding=\"async\" src=\"https:\/\/mon-lapinnain.com\/wp-content\/uploads\/2025\/09\/Jouet-pour-lapin-friandises-1.jpg\" alt=\"Juguete para conejo golosinas\" class=\"wp-image-24413\" style=\"width:600px\" \/><\/figure>\n\n\n\n<p>Este <strong>juguete de inteligencia para conejo<\/strong> no es solo un pasatiempo, \u00a1es un verdadero impulso para su bienestar mental, sobre todo si tu conejito vive en <strong>recinto<\/strong> o en libertad! Podr\u00e1 pasar largos minutos, totalmente absorbido por su \u00abmisi\u00f3n\u00bb. Y t\u00fa disfrutar\u00e1s de un momento adorable vi\u00e9ndolo.<\/p>\n\n\n\n<figure class=\"wp-block-image size-full is-resized\"><img decoding=\"async\" src=\"https:\/\/mon-lapinnain.com\/wp-content\/uploads\/2025\/09\/jouet-pour-lapin-rigolo.gif\" alt=\"juguete para conejo divertido\" class=\"wp-image-24412\" style=\"width:400px\" \/><\/figure>\n\n\n\n<p>Es EL <strong>juguete para conejos<\/strong> para tener en casa, sobre todo si tu peque\u00f1o es demasiado listo para conformarse con un simple t\u00fanel. \ud83d\ude09<\/p>\n\n\n\n<h3 class=\"wp-block-heading\" id=\"h-un-jouet-pour-lapin-nain-qui-eveille-son-instinct-tout-en-douceur\">Un juguete para conejo enano que despierta su instinto con suavidad \ud83d\udc3e<\/h3>\n\n\n\n<p>Este <strong>juguete para conejo enano<\/strong> est\u00e1 dise\u00f1ado para estimular su instinto natural de rebuscar y buscar golosinas \ud83c\udf4e. \u00a1Se acabaron los momentos de aburrimiento! Gracias a este <strong>juego para conejo<\/strong>, tu peque\u00f1o tendr\u00e1 que empujar, olfatear, golpear suavemente con su hocico o sus patas para mover la bola y liberar las golosinas ocultas en el interior. \u00a1Y cr\u00e9eme, volver\u00e1 a por \u00e9l una y otra vez!<\/p>\n\n\n\n<figure class=\"wp-block-image size-full is-resized\"><img decoding=\"async\" src=\"https:\/\/mon-lapinnain.com\/wp-content\/uploads\/2025\/09\/Jouet-pour-lapin-malin.jpg\" alt=\"Juguete para conejo listo\" class=\"wp-image-24415\" style=\"width:600px\" \/><\/figure>\n\n\n\n<p>Adem\u00e1s de ser s\u00faper adorable de ver, este <strong>juguete para conejo<\/strong> fomenta la actividad f\u00edsica y mental. Perfecto si quieres darle una actividad diaria, sin estr\u00e9s y adaptada a su ritmo. As\u00ed que, si realmente quieres crear un v\u00ednculo a\u00fan m\u00e1s fuerte con \u00e9l, y enriquecer su d\u00eda a d\u00eda, este juguete es para los dos. \ud83d\udc30\ud83d\udc9b<\/p>\n\n\n\n<p>Caracter\u00edsticas:<\/p>\n\n\n\n<ul class=\"wp-block-list\">\n<li>Juguete para conejo con golosinas<\/li>\n\n\n\n<li>Materiales: Madera, Metal y pl\u00e1stico<\/li>\n\n\n\n<li>Ideas de golosinas para poner dentro: trozos de frutas (manzana, fresas&#8230;)<\/li>\n<\/ul>\n\n\n\n<p>\ud83d\udc49\u00a1Descubre tambi\u00e9n toda nuestra <strong>colecci\u00f3n de juguetes para conejo<\/strong> para variar las opciones y mantener a tu conejito siempre estimulado y feliz!<\/p>\n","protected":false},"excerpt":{"rendered":"<p data-pm-slice=\"1 1 []\">\u2705 El juego favorito de los conejos listos<br \/>\n\u2705 Crea momentos adorables juntos<br \/>\n\ud83d\ude31 Stock muy limitado<\/p>\n","protected":false},"featured_media":14587,"comment_status":"closed","ping_status":"closed","template":"","meta":{"_seopress_robots_primary_cat":"","_seopress_titles_title":"","_seopress_titles_desc":"","_seopress_robots_index":""},"product_brand":[],"product_cat":[269],"product_tag":[],"class_list":{"0":"post-14710","1":"product","2":"type-product","3":"status-publish","4":"has-post-thumbnail","6":"product_cat-juguetes-conejos","8":"first","9":"outofstock","10":"taxable","11":"shipping-taxable","12":"purchasable","13":"product-type-simple"},"_links":{"self":[{"href":"https:\/\/www.bunzyland.com\/es\/wp-json\/wp\/v2\/product\/14710","targetHints":{"allow":["GET"]}}],"collection":[{"href":"https:\/\/www.bunzyland.com\/es\/wp-json\/wp\/v2\/product"}],"about":[{"href":"https:\/\/www.bunzyland.com\/es\/wp-json\/wp\/v2\/types\/product"}],"replies":[{"embeddable":true,"href":"https:\/\/www.bunzyland.com\/es\/wp-json\/wp\/v2\/comments?post=14710"}],"wp:featuredmedia":[{"embeddable":true,"href":"https:\/\/www.bunzyland.com\/es\/wp-json\/wp\/v2\/media\/14587"}],"wp:attachment":[{"href":"https:\/\/www.bunzyland.com\/es\/wp-json\/wp\/v2\/media?parent=14710"}],"wp:term":[{"taxonomy":"product_brand","embeddable":true,"href":"https:\/\/www.bunzyland.com\/es\/wp-json\/wp\/v2\/product_brand?post=14710"},{"taxonomy":"product_cat","embeddable":true,"href":"https:\/\/www.bunzyland.com\/es\/wp-json\/wp\/v2\/product_cat?post=14710"},{"taxonomy":"product_tag","embeddable":true,"href":"https:\/\/www.bunzyland.com\/es\/wp-json\/wp\/v2\/product_tag?post=14710"}],"curies":[{"name":"wp","href":"https:\/\/api.w.org\/{rel}","templated":true}]}}