{"id":14712,"date":"2025-10-17T13:25:58","date_gmt":"2025-10-17T11:25:58","guid":{"rendered":"https:\/\/bunzyland.com\/?post_type=product&#038;p=14712"},"modified":"2025-10-17T21:09:38","modified_gmt":"2025-10-17T19:09:38","slug":"cabana-conejo-tipi-abeto","status":"publish","type":"product","link":"https:\/\/www.bunzyland.com\/es\/producto\/cabana-conejo-tipi-abeto\/","title":{"rendered":"Caba\u00f1a conejo tipi abeto"},"content":{"rendered":"<p><\/p>\n<h2 class=\"wp-block-heading\" id=\"h-cabane-lapin-tipi-sapin-son-refuge-rien-qu-a-lui\">\ud83c\udfd5\ufe0f Caba\u00f1a conejo Tipi Abeto: su refugio solo para \u00e9l<\/h2>\n<p><\/p>\n<p><\/p>\n<p>\u00bfBuscas una <strong>caba\u00f1a para conejo<\/strong> diferente? Este <strong>tipi para conejo<\/strong> con estampado de <strong>abeto<\/strong> es justo lo que necesita. Y adm\u00edtelo\u2026 te vas a derretir al ver a tu conejo dentro \ud83d\ude0d.<\/p>\n<p>Con sus bonitos <strong>motivos de abetos<\/strong> y su coj\u00edn integrado, s\u00faper mullido, esta <strong>tienda para conejo<\/strong> es una verdadera invitaci\u00f3n al relax. Se acurrucar\u00e1 dentro como en un <strong>escondite para conejo<\/strong> acogedor y tranquilizador. Perfecta para dormir la siesta, descansar o hacer un poco de pucheros (sabes, esos momentos en los que el se\u00f1or o la se\u00f1ora no han recibido su golosina \ud83d\ude02\ud83c\udf53).<\/p>\n<p><\/p>\n<p><\/p>\n<figure class=\"wp-block-image size-full is-resized\"><img decoding=\"async\" src=\"https:\/\/mon-lapinnain.com\/wp-content\/uploads\/2025\/09\/cabane-lapin-tipi.jpg\" alt=\"caba\u00f1a conejo tipi\" class=\"wp-image-24419\" style=\"width:601px\" \/><\/figure>\n<p><\/p>\n<p><\/p>\n<p>La tela es ligera pero resistente, y la estructura estable. En pocos segundos, puedes crear un rinc\u00f3n acogedor en su <strong>parque<\/strong> o espacio libre. \u00bfY el detalle que nos encanta? \u00a1La pizarra personalizable encima!: puedes escribir su nombre o una frase muy mona \ud83d\udcac<\/p>\n<p><\/p>\n<p><\/p>\n<p>Y\u2026 adm\u00edtelo, mueres de ganas de regalarle un <strong>tipi<\/strong> solo para \u00e9l, \u00bfverdad? \ud83d\ude0d<\/p>\n<p><\/p>\n<p><\/p>\n<h3 class=\"wp-block-heading\" id=\"h-une-cabane-pour-lapin-aussi-stylee-que-pratique\">\ud83c\udf32 Una caba\u00f1a para conejo tan estilosa como pr\u00e1ctica<\/h3>\n<p><\/p>\n<p><\/p>\n<p>Este <strong>tipi para conejo<\/strong> es mucho m\u00e1s que un bonito accesorio: es su <strong>hogar de conejo<\/strong>, su peque\u00f1o remanso de paz, su rinc\u00f3n privado. Cuando no est\u00e1 escondi\u00e9ndose en \u00e9l, lo usa como puesto de observaci\u00f3n. O simplemente como trono (porque s\u00ed, un conejo es exigente con la comodidad \ud83d\ude0c).<\/p>\n<p><\/p>\n<p><\/p>\n<figure class=\"wp-block-image size-full is-resized\"><img decoding=\"async\" src=\"https:\/\/mon-lapinnain.com\/wp-content\/uploads\/2025\/09\/Cabane-lapin-tipi-sapin.jpg\" alt=\"Caba\u00f1a conejo tipi abeto\" class=\"wp-image-24420\" style=\"width:600px\" \/><\/figure>\n<p><\/p>\n<p><\/p>\n<p>La <strong>caba\u00f1a conejo Tipi Abeto<\/strong> es f\u00e1cil de mover, r\u00e1pida de instalar y ultra fotog\u00e9nica \ud83d\udcf8. Un verdadero plus para quienes les gusta mimar a su conejo\u2026 manteniendo una decoraci\u00f3n genial en casa.<\/p>\n<p><\/p>\n<p><\/p>\n<p>Caracter\u00edsticas:<\/p>\n<p><\/p>\n<p><\/p>\n<ul class=\"wp-block-list\"><\/p>\n<li>Tipi para conejo con coj\u00edn<\/li>\n<p><\/p>\n<p><\/p>\n<li>Tama\u00f1o: 45cm x 45cm &#8211; Altura: 52cm<\/li>\n<p><\/p>\n<p><\/p>\n<li>Materiales: Tela y algod\u00f3n<\/li>\n<p><\/ul>\n<p><\/p>\n<p><\/p>\n<p>\ud83d\udc49 \u00bfQuieres descubrir otros modelos? Explora toda nuestra colecci\u00f3n de <strong>caba\u00f1as para conejo<\/strong>, tipis y <strong>escondites s\u00faper lindos<\/strong> justo aqu\u00ed \ud83d\udc9b<\/p>\n<p><\/p>","protected":false},"excerpt":{"rendered":"<p>\u2705 Su peque\u00f1o refugio suave y reconfortante<br data-start=\"347\" data-end=\"350\" \/>\u2705 El tipi perfecto para esconderse y so\u00f1ar<br data-start=\"398\" data-end=\"401\" \/>\u23f3 Stock muy limitado\u2026 \u00a1no tardes!<\/p>\n","protected":false},"featured_media":14607,"comment_status":"closed","ping_status":"closed","template":"","meta":{"_seopress_robots_primary_cat":"","_seopress_titles_title":"","_seopress_titles_desc":"","_seopress_robots_index":""},"product_brand":[],"product_cat":[272,273],"product_tag":[],"class_list":{"0":"post-14712","1":"product","2":"type-product","3":"status-publish","4":"has-post-thumbnail","6":"product_cat-casa-conejos","7":"product_cat-teepee-conejo","9":"first","10":"outofstock","11":"taxable","12":"shipping-taxable","13":"purchasable","14":"product-type-simple"},"_links":{"self":[{"href":"https:\/\/www.bunzyland.com\/es\/wp-json\/wp\/v2\/product\/14712","targetHints":{"allow":["GET"]}}],"collection":[{"href":"https:\/\/www.bunzyland.com\/es\/wp-json\/wp\/v2\/product"}],"about":[{"href":"https:\/\/www.bunzyland.com\/es\/wp-json\/wp\/v2\/types\/product"}],"replies":[{"embeddable":true,"href":"https:\/\/www.bunzyland.com\/es\/wp-json\/wp\/v2\/comments?post=14712"}],"wp:featuredmedia":[{"embeddable":true,"href":"https:\/\/www.bunzyland.com\/es\/wp-json\/wp\/v2\/media\/14607"}],"wp:attachment":[{"href":"https:\/\/www.bunzyland.com\/es\/wp-json\/wp\/v2\/media?parent=14712"}],"wp:term":[{"taxonomy":"product_brand","embeddable":true,"href":"https:\/\/www.bunzyland.com\/es\/wp-json\/wp\/v2\/product_brand?post=14712"},{"taxonomy":"product_cat","embeddable":true,"href":"https:\/\/www.bunzyland.com\/es\/wp-json\/wp\/v2\/product_cat?post=14712"},{"taxonomy":"product_tag","embeddable":true,"href":"https:\/\/www.bunzyland.com\/es\/wp-json\/wp\/v2\/product_tag?post=14712"}],"curies":[{"name":"wp","href":"https:\/\/api.w.org\/{rel}","templated":true}]}}