{"id":14716,"date":"2025-10-17T13:25:53","date_gmt":"2025-10-17T11:25:53","guid":{"rendered":"https:\/\/bunzyland.com\/?post_type=product&#038;p=14716"},"modified":"2025-10-17T13:25:54","modified_gmt":"2025-10-17T11:25:54","slug":"cabana-conejo-castillo","status":"publish","type":"product","link":"https:\/\/www.bunzyland.com\/es\/producto\/cabana-conejo-castillo\/","title":{"rendered":"Caba\u00f1a conejo Castillo"},"content":{"rendered":"<p><\/p>\n<h2 class=\"wp-block-heading\" id=\"h-cabane-lapin-chateau-un-vrai-palais-pour-ton-lapin\">Caba\u00f1a conejo Castillo: un verdadero palacio para tu conejo \ud83c\udff0<\/h2>\n<p><\/p>\n<p><\/p>\n<p>\u00bfY si le ofrecieras a tu conejo la <strong>caba\u00f1a de sus sue\u00f1os<\/strong>? Esta <strong>Caba\u00f1a Conejo Castillo<\/strong> es mucho m\u00e1s que un simple <strong>refugio<\/strong>: \u00a1es una verdadera <strong>casa de conejo<\/strong> digna de su majestad! Con sus peque\u00f1as ventanas, su rampa central y sus muros estilo <strong>castillo<\/strong> fortificado, tu conejo podr\u00e1 jugar, trepar, explorar y descansar\u2026 como un verdadero rey (\u00a1o una verdadera reina!) \ud83d\udc51<\/p>\n<p><\/p>\n<p><\/p>\n<figure class=\"wp-block-image size-full is-resized\"><img decoding=\"async\" src=\"https:\/\/mon-lapinnain.com\/wp-content\/uploads\/2025\/09\/Chateau-lapin-cabane.jpg\" alt=\"Caba\u00f1a castillo para conejo\" class=\"wp-image-24439\" style=\"width:600px\" \/><\/figure>\n<p><\/p>\n<p><\/p>\n<p>Fabricada en madera natural, esta <strong>caba\u00f1a para conejo<\/strong> se integra perfectamente en un <strong>corral o espacio en libertad<\/strong>. Ofrece a tu conejo un <strong>escondite<\/strong> seguro, un punto de observaci\u00f3n en altura y un lugar tranquilo para su siesta.<br \/>Es a la vez un <strong>escondite de conejo<\/strong>, un \u00e1rea de juegos y una <strong>casa para conejo<\/strong> que estimula su instinto sin comprometer su bienestar.<\/p>\n<p><\/p>\n<p><\/p>\n<p>\u00bfY adem\u00e1s? Es adorable, resistente y f\u00e1cil de montar \ud83d\udc3e<\/p>\n<p><\/p>\n<p><\/p>\n<figure class=\"wp-block-image size-full is-resized\"><img decoding=\"async\" src=\"https:\/\/mon-lapinnain.com\/wp-content\/uploads\/2025\/09\/cabane-pour-lapin-1.jpg\" alt=\"caba\u00f1a para conejo\" class=\"wp-image-24438\" style=\"width:600px\" \/><\/figure>\n<p><\/p>\n<p><\/p>\n<h3 class=\"wp-block-heading\">Un castillo de madera para conejo para divertirse, esconderse y sentirse en casa \ud83d\udc95<\/h3>\n<p><\/p>\n<p><\/p>\n<p>Esta <strong>caba\u00f1a de madera<\/strong> est\u00e1 pensada para responder a las verdaderas necesidades de tu compa\u00f1ero: esconderse cuando lo necesita, moverse, trepar, explorar\u2026 y sobre todo, tener un espacio propio.<br \/>Gracias a su dise\u00f1o inteligente, este <strong>castillo para conejo<\/strong> estimula su comportamiento natural y le ayuda a sentirse seguro y tranquilo. La <strong>caba\u00f1a para conejo<\/strong> pronto se convertir\u00e1 en <strong>su lugar favorito<\/strong>, aquel a donde va cuando quiere estar tranquilo, pero tambi\u00e9n en el que salta de alegr\u00eda cuando est\u00e1 lleno de energ\u00eda.<\/p>\n<p><\/p>\n<p><\/p>\n<figure class=\"wp-block-image size-full is-resized\"><img decoding=\"async\" src=\"https:\/\/mon-lapinnain.com\/wp-content\/uploads\/2025\/09\/cabane-lapin.jpg\" alt=\"caba\u00f1a conejo\" class=\"wp-image-24436\" style=\"width:600px\" \/><\/figure>\n<p><\/p>\n<p><\/p>\n<p>Ver\u00e1s, una vez que la adopte, pasar\u00e1 sus d\u00edas explorando, trepando y escondi\u00e9ndose. Este <strong>castillo de madera para conejo<\/strong> se convertir\u00e1 en <strong>su refugio<\/strong> favorito&#8230; \u00a1y el tuyo tambi\u00e9n, solo para verlo disfrutar! \ud83d\udc95<\/p>\n<p><\/p>\n<p><\/p>\n<p>Caracter\u00edsticas: <\/p>\n<p><\/p>\n<p><\/p>\n<ul class=\"wp-block-list\"><\/p>\n<li>Castillo para conejo de madera<\/li>\n<p><\/p>\n<p><\/p>\n<li>Materiales: Madera natural sin tratar<\/li>\n<p><\/p>\n<p><\/p>\n<li>Tama\u00f1o: Largo 83cm &#8211; Alto 34cm &#8211; Ancho: 29cm<\/li>\n<p><\/ul>\n<p><\/p>\n<p><\/p>\n<figure class=\"wp-block-image size-full is-resized\"><img decoding=\"async\" src=\"https:\/\/mon-lapinnain.com\/wp-content\/uploads\/2025\/09\/grand-chateau-lapin.jpg\" alt=\"gran castillo conejo\" class=\"wp-image-24516\" style=\"width:600px\" \/><\/figure>\n<p><\/p>\n<p><\/p>\n<p>\u2728 \u00bfQuieres completar su reino? Descubre nuestra colecci\u00f3n de caba\u00f1as y casas para conejos y crea para \u00e9l un verdadero universo a su medida \ud83c\udfe1\ud83d\udc07<\/p>\n<p><\/p>\n<p><\/p>\n<p><\/p>","protected":false},"excerpt":{"rendered":"<p>\u2705 Caba\u00f1a de madera pensada para los conejos<br \/> <strong data-start=\"326\" data-end=\"367\"><span style=\"font-weight: 400\">\u2705 <\/span><\/strong>\u00a1Su refugio de peque\u00f1o rey (\u00a1o reina!)!<br data-start=\"367\" data-end=\"370\" \/>\u23f3 <strong data-start=\"372\" data-end=\"404\">Stock limitado, \u00a1no tardes!<\/strong><\/p>\n","protected":false},"featured_media":14657,"comment_status":"closed","ping_status":"closed","template":"","meta":{"_seopress_robots_primary_cat":"","_seopress_titles_title":"","_seopress_titles_desc":"","_seopress_robots_index":""},"product_brand":[],"product_cat":[272],"product_tag":[],"class_list":{"0":"post-14716","1":"product","2":"type-product","3":"status-publish","4":"has-post-thumbnail","6":"product_cat-casa-conejos","8":"first","9":"outofstock","10":"taxable","11":"shipping-taxable","12":"purchasable","13":"product-type-simple"},"_links":{"self":[{"href":"https:\/\/www.bunzyland.com\/es\/wp-json\/wp\/v2\/product\/14716","targetHints":{"allow":["GET"]}}],"collection":[{"href":"https:\/\/www.bunzyland.com\/es\/wp-json\/wp\/v2\/product"}],"about":[{"href":"https:\/\/www.bunzyland.com\/es\/wp-json\/wp\/v2\/types\/product"}],"replies":[{"embeddable":true,"href":"https:\/\/www.bunzyland.com\/es\/wp-json\/wp\/v2\/comments?post=14716"}],"wp:featuredmedia":[{"embeddable":true,"href":"https:\/\/www.bunzyland.com\/es\/wp-json\/wp\/v2\/media\/14657"}],"wp:attachment":[{"href":"https:\/\/www.bunzyland.com\/es\/wp-json\/wp\/v2\/media?parent=14716"}],"wp:term":[{"taxonomy":"product_brand","embeddable":true,"href":"https:\/\/www.bunzyland.com\/es\/wp-json\/wp\/v2\/product_brand?post=14716"},{"taxonomy":"product_cat","embeddable":true,"href":"https:\/\/www.bunzyland.com\/es\/wp-json\/wp\/v2\/product_cat?post=14716"},{"taxonomy":"product_tag","embeddable":true,"href":"https:\/\/www.bunzyland.com\/es\/wp-json\/wp\/v2\/product_tag?post=14716"}],"curies":[{"name":"wp","href":"https:\/\/api.w.org\/{rel}","templated":true}]}}