{"id":14726,"date":"2025-10-17T13:26:16","date_gmt":"2025-10-17T11:26:16","guid":{"rendered":"https:\/\/bunzyland.com\/?post_type=product&#038;p=14726"},"modified":"2025-10-17T17:28:42","modified_gmt":"2025-10-17T15:28:42","slug":"cama-para-conejo-lapimania","status":"publish","type":"product","link":"https:\/\/www.bunzyland.com\/es\/producto\/cama-para-conejo-lapimania\/","title":{"rendered":"Cama para conejo Lapimania"},"content":{"rendered":"<p><\/p>\n<h2 class=\"wp-block-heading\" id=\"h-lit-pour-lapin-lapimania-un-vrai-petit-nid-douillet\">Cama para conejo Lapimania: un verdadero nido acogedor<\/h2>\n<p><\/p>\n<p><\/p>\n<p>Esta <strong>cama para conejo Lapimania<\/strong> es <strong>el descanso<\/strong> por excelencia. Adm\u00edtelo, t\u00fa tambi\u00e9n has pensado <em>\u00ab\u00a1Pero mira esa carita instalada como un rey!\u00bb<\/em> \ud83d\udc30 Y tienes toda la raz\u00f3n. Dise\u00f1ada con amor, hecha a mano con una tela ilustrada de peque\u00f1os conejos adorables, este <strong>coj\u00edn para conejo<\/strong> es el tipo de detalle que cambia todo en el d\u00eda a d\u00eda de tu conejito.<\/p>\n<p><\/p>\n<p><\/p>\n<figure class=\"wp-block-image size-full is-resized\"><img decoding=\"async\" src=\"https:\/\/mon-lapinnain.com\/wp-content\/uploads\/2025\/09\/lit-pour-lapin-confortable.jpg\" alt=\"cama para conejo c\u00f3moda\" class=\"wp-image-24355\" style=\"width:600px\" \/><\/figure>\n<p><\/p>\n<p><\/p>\n<p>Esta <strong>cama para conejo<\/strong> es mullida, envolvente y, sobre todo, s\u00faper reconfortante. Invita a la siesta, a los estiramientos tranquilos e incluso a algunas volteretas cuando el ambiente lo permite. \u00bfY sinceramente? Cuando lo veas acurrucado dentro, con las patitas recogidas y los ojos medio cerrados&#8230; te vas a derretir. \ud83e\udd79<\/p>\n<p><\/p>\n<p><\/p>\n<p>Es m\u00e1s que una <strong>cama para conejo<\/strong>, es un peque\u00f1o rinc\u00f3n de felicidad solo para \u00e9l. Y entre nosotros, bien se lo merece, \u00bfno crees?<\/p>\n<p><\/p>\n<p><\/p>\n<h3 class=\"wp-block-heading\" id=\"h-dodo-lapin-moelleux-et-100-plaisir\">Cama mullida para conejo y 100% placer<\/h3>\n<p><\/p>\n<p><\/p>\n<p>Esta <strong>cama para conejo<\/strong> es tan bonita como inteligente. Gracias a su forma curvada, se adapta naturalmente al cuerpo de tu conejito, d\u00e1ndole esa sensaci\u00f3n de seguridad que tanto le gusta. Ideal para una vida en libertad, en un <strong>corral<\/strong>, o incluso directamente en tu sal\u00f3n, se integra perfectamente a tu universo&#8230; y al suyo.<\/p>\n<p><\/p>\n<p><\/p>\n<figure class=\"wp-block-image size-full is-resized\"><img decoding=\"async\" src=\"https:\/\/mon-lapinnain.com\/wp-content\/uploads\/2025\/09\/lit-lapin-coussin.jpg\" alt=\"cama coj\u00edn para conejo\" class=\"wp-image-24354\" style=\"width:600px\" \/><\/figure>\n<p><\/p>\n<p><\/p>\n<p>Y por supuesto, va a juego con la <strong>casita Lapimania<\/strong>, si quieres crearle un rinc\u00f3n acogedor digno de un palacio (no te juzgamos, har\u00edamos lo mismo \ud83e\udd70).<\/p>\n<p><\/p>\n<p><\/p>\n<p>\ud83d\udca1 Extra: se puede lavar a m\u00e1quina a 30\u00b0C, as\u00ed que sin preocupaciones en caso de travesuras.<\/p>\n<p><\/p>\n<p><\/p>\n<p>Caracter\u00edsticas:<\/p>\n<p><\/p>\n<p><\/p>\n<ul class=\"wp-block-list\"><\/p>\n<li><strong>Cama para conejo enano<\/strong><\/li>\n<p><\/p>\n<p><\/p>\n<li>Color: Blanco con estampado de conejos (delante y detr\u00e1s)<\/li>\n<p><\/p>\n<p><\/p>\n<li>Tama\u00f1o: l 40cm x L 25cm<\/li>\n<p><\/p>\n<p><\/p>\n<li>Lavado a m\u00e1quina a 30\u00b0C (envuelto en una bolsa de lavado)<\/li>\n<p><\/ul>\n<p><\/p>\n<p><\/p>\n<p>\ud83d\udc49 \u00bfQuieres crear un verdadero rinc\u00f3n de descanso digno de un peque\u00f1o rey? \u00c9chale un ojo a <strong>todas nuestras camas para conejos<\/strong>&#8230; pero prep\u00e1rate para enamorarte \ud83d\ude0d\ud83d\udecf\ufe0f\ud83d\udc30<\/p>\n<p><\/p>\n<p><\/p>\n<p><\/p>\n","protected":false},"excerpt":{"rendered":"<p>\u2705 Comodidad aprobada por los conejitos<br data-start=\"1689\" data-end=\"1692\" \/>\u2705 Su lugar favorito<br data-start=\"1723\" data-end=\"1726\" \/>\ud83d\ude31 <strong>\u00a1Stock limitado!<\/strong> <strong>!<\/strong> Cantidades peque\u00f1as\u2026<\/p>\n","protected":false},"featured_media":14422,"comment_status":"closed","ping_status":"closed","template":"","meta":{"_seopress_robots_primary_cat":"","_seopress_titles_title":"","_seopress_titles_desc":"","_seopress_robots_index":""},"product_brand":[],"product_cat":[283,275],"product_tag":[],"class_list":{"0":"post-14726","1":"product","2":"type-product","3":"status-publish","4":"has-post-thumbnail","6":"product_cat-alfombras-conejos","7":"product_cat-camas-conejos","9":"first","10":"instock","11":"taxable","12":"shipping-taxable","13":"purchasable","14":"product-type-simple"},"_links":{"self":[{"href":"https:\/\/www.bunzyland.com\/es\/wp-json\/wp\/v2\/product\/14726","targetHints":{"allow":["GET"]}}],"collection":[{"href":"https:\/\/www.bunzyland.com\/es\/wp-json\/wp\/v2\/product"}],"about":[{"href":"https:\/\/www.bunzyland.com\/es\/wp-json\/wp\/v2\/types\/product"}],"replies":[{"embeddable":true,"href":"https:\/\/www.bunzyland.com\/es\/wp-json\/wp\/v2\/comments?post=14726"}],"wp:featuredmedia":[{"embeddable":true,"href":"https:\/\/www.bunzyland.com\/es\/wp-json\/wp\/v2\/media\/14422"}],"wp:attachment":[{"href":"https:\/\/www.bunzyland.com\/es\/wp-json\/wp\/v2\/media?parent=14726"}],"wp:term":[{"taxonomy":"product_brand","embeddable":true,"href":"https:\/\/www.bunzyland.com\/es\/wp-json\/wp\/v2\/product_brand?post=14726"},{"taxonomy":"product_cat","embeddable":true,"href":"https:\/\/www.bunzyland.com\/es\/wp-json\/wp\/v2\/product_cat?post=14726"},{"taxonomy":"product_tag","embeddable":true,"href":"https:\/\/www.bunzyland.com\/es\/wp-json\/wp\/v2\/product_tag?post=14726"}],"curies":[{"name":"wp","href":"https:\/\/api.w.org\/{rel}","templated":true}]}}