{"id":14732,"date":"2025-10-17T13:26:18","date_gmt":"2025-10-17T11:26:18","guid":{"rendered":"https:\/\/bunzyland.com\/?post_type=product&#038;p=14732"},"modified":"2025-10-17T19:08:40","modified_gmt":"2025-10-17T17:08:40","slug":"tunel-para-conejo-nube","status":"publish","type":"product","link":"https:\/\/www.bunzyland.com\/es\/producto\/tunel-para-conejo-nube\/","title":{"rendered":"T\u00fanel para conejo Nube"},"content":{"rendered":"<p><\/p>\n<h2 class=\"wp-block-heading\" id=\"h-tunnel-pour-lapin-nuage-un-jouet-rien-qu-a-lui\">T\u00fanel para conejo Nube: un juguete solo para \u00e9l<\/h2>\n<p><\/p>\n<p><\/p>\n<p>Tu conejo merece mucho m\u00e1s que un simple <strong>juguete<\/strong>: merece un mundo propio, hecho de suavidad, <strong>escondites<\/strong> y descanso tranquilo. \ud83d\udc07 Este <strong>t\u00fanel para conejo<\/strong> con dise\u00f1o \u00ab<strong>nube<\/strong>\u00bb es una peque\u00f1a maravilla: combina <strong>juego<\/strong>, comodidad y seguridad, en un formato evolutivo.<\/p>\n<p><\/p>\n<p><\/p>\n<figure class=\"wp-block-image size-full is-resized\"><img decoding=\"async\" src=\"https:\/\/mon-lapinnain.com\/wp-content\/uploads\/2025\/09\/tunnel-pour-lapin-1.jpg\" alt=\"\" class=\"wp-image-24467\" style=\"width:600px\" \/><\/figure>\n<p><\/p>\n<p><\/p>\n<p>\u00bfQu\u00e9 es lo que m\u00e1s nos gusta? Este <strong>juguete para conejo<\/strong> se separa en 2 partes. Puedes abrirlo para crear un <strong>largo t\u00fanel<\/strong> acogedor con, en el centro, un coj\u00edn mullido como un peque\u00f1o nido. Es el lugar perfecto para correr, esconderse, observar&#8230; y luego acurrucarse cuando llega la hora de la siesta. \ud83d\udca4<\/p>\n<p><\/p>\n<p><\/p>\n<figure class=\"wp-block-image size-full is-resized\"><img decoding=\"async\" src=\"https:\/\/mon-lapinnain.com\/wp-content\/uploads\/2025\/09\/Grand-tunnel-lapin.jpg\" alt=\"Gran t\u00fanel para conejo\" class=\"wp-image-24380\" style=\"width:600px\" \/><\/figure>\n<p><\/p>\n<p><\/p>\n<p>Y para variar la diversi\u00f3n, tambi\u00e9n puedes transformarlo en <strong>2 t\u00faneles separados<\/strong>, perfectos para multiplicar los escondites y los juegos.<\/p>\n<p><\/p>\n<p><\/p>\n<figure class=\"wp-block-image size-full is-resized\"><img decoding=\"async\" src=\"https:\/\/mon-lapinnain.com\/wp-content\/uploads\/2025\/09\/Tunnel-lapin-2en1.jpg\" alt=\"T\u00fanel para conejo doble\" class=\"wp-image-24382\" style=\"width:600px\" \/><\/figure>\n<p><\/p>\n<p><\/p>\n<p>Fabricado con tela tipo peluche, tan suave como un mu\u00f1eco de peluche, invita a tu <strong>conejo<\/strong> a explorar a su ritmo, sin estr\u00e9s. Ideal para enriquecer su entorno, este <strong>t\u00fanel para conejo<\/strong> se integra perfectamente en tu hogar gracias a su aspecto relajante. \u2601\ufe0f<\/p>\n<p><\/p>\n<p><\/p>\n<h3 class=\"wp-block-heading\" id=\"h-un-jouet-lapin-evolutif-pour-eveiller-ses-sens\">Un juguete para conejo evolutivo para estimular sus sentidos \ud83d\udc9e<\/h3>\n<p><\/p>\n<p><\/p>\n<p>Los conejos necesitan estimulaci\u00f3n&#8230; pero tambi\u00e9n seguridad. Este <strong>t\u00fanel para conejo<\/strong> les permite vivir sus aventuras a su propio ritmo. El interior del <strong>t\u00fanel<\/strong> ofrece un espacio cerrado que tranquiliza, mientras que el coj\u00edn central pronto se convierte en su <strong>refugio<\/strong> favorito. Ya sea para una carrera intensa, un momento de juego o una merecida siesta, este <strong>t\u00fanel para conejo<\/strong> se adapta a cada estado de \u00e1nimo de tu compa\u00f1ero.<\/p>\n<p><\/p>\n<p><\/p>\n<figure class=\"wp-block-image size-full is-resized\"><img decoding=\"async\" src=\"https:\/\/mon-lapinnain.com\/wp-content\/uploads\/2025\/09\/jouet-pour-lapin-tunnel-1.jpg\" alt=\"\" class=\"wp-image-24468\" style=\"width:600px\" \/><\/figure>\n<p><\/p>\n<p><\/p>\n<p>Anima el movimiento, desarrolla la curiosidad y, sobre todo, hace que tu <strong>conejo sea feliz<\/strong>. \ud83d\udc99<br \/>Porque cuando amas a tu conejito, quieres verlo relajado, confiado y rodeado de cosas bonitas. Ofr\u00e9cele este peque\u00f1o trozo de cielo solo para \u00e9l. \u2601\ufe0f\ud83d\udc30<\/p>\n<p><\/p>\n<p><\/p>\n<p>Caracter\u00edsticas:<\/p>\n<p><\/p>\n<p><\/p>\n<ul class=\"wp-block-list\"><\/p>\n<li><strong>T\u00fanel redondo para conejo<\/strong><\/li>\n<p><\/p>\n<p><\/p>\n<li>Incluye su coj\u00edn<\/li>\n<p><\/p>\n<p><\/p>\n<li>Dise\u00f1o: T\u00fanel azul con motivos de nubes<\/li>\n<p><\/p>\n<p><\/p>\n<li>Tama\u00f1o: Di\u00e1metro 85cm &#8211; Altura interior del t\u00fanel: 25 cm<\/li>\n<p><\/ul>\n<p><\/p>\n<p><\/p>\n<p><\/p>\n<p><\/p>\n<p>\ud83d\udc49 Completa su espacio de juego con nuestra selecci\u00f3n de juguetes para conejo. Para que se divierta cada d\u00eda con accesorios seguros y adorados \ud83d\udc07\ud83d\udc99<\/p>\n<p><\/p>","protected":false},"excerpt":{"rendered":"<ul>\n<li>T\u00fanel desmontable con coj\u00edn central<\/li>\n<li>Suave, reconfortante y perfecto para esconderse<\/li>\n<li>Estimula la exploraci\u00f3n<\/li>\n<\/ul>\n","protected":false},"featured_media":14497,"comment_status":"closed","ping_status":"closed","template":"","meta":{"_seopress_robots_primary_cat":"","_seopress_titles_title":"","_seopress_titles_desc":"","_seopress_robots_index":""},"product_brand":[],"product_cat":[275,285],"product_tag":[],"class_list":{"0":"post-14732","1":"product","2":"type-product","3":"status-publish","4":"has-post-thumbnail","6":"product_cat-camas-conejos","7":"product_cat-tunel-conejos","9":"first","10":"outofstock","11":"taxable","12":"shipping-taxable","13":"purchasable","14":"product-type-simple"},"_links":{"self":[{"href":"https:\/\/www.bunzyland.com\/es\/wp-json\/wp\/v2\/product\/14732","targetHints":{"allow":["GET"]}}],"collection":[{"href":"https:\/\/www.bunzyland.com\/es\/wp-json\/wp\/v2\/product"}],"about":[{"href":"https:\/\/www.bunzyland.com\/es\/wp-json\/wp\/v2\/types\/product"}],"replies":[{"embeddable":true,"href":"https:\/\/www.bunzyland.com\/es\/wp-json\/wp\/v2\/comments?post=14732"}],"wp:featuredmedia":[{"embeddable":true,"href":"https:\/\/www.bunzyland.com\/es\/wp-json\/wp\/v2\/media\/14497"}],"wp:attachment":[{"href":"https:\/\/www.bunzyland.com\/es\/wp-json\/wp\/v2\/media?parent=14732"}],"wp:term":[{"taxonomy":"product_brand","embeddable":true,"href":"https:\/\/www.bunzyland.com\/es\/wp-json\/wp\/v2\/product_brand?post=14732"},{"taxonomy":"product_cat","embeddable":true,"href":"https:\/\/www.bunzyland.com\/es\/wp-json\/wp\/v2\/product_cat?post=14732"},{"taxonomy":"product_tag","embeddable":true,"href":"https:\/\/www.bunzyland.com\/es\/wp-json\/wp\/v2\/product_tag?post=14732"}],"curies":[{"name":"wp","href":"https:\/\/api.w.org\/{rel}","templated":true}]}}