{"id":14740,"date":"2025-10-17T13:26:25","date_gmt":"2025-10-17T11:26:25","guid":{"rendered":"https:\/\/bunzyland.com\/?post_type=product&#038;p=14740"},"modified":"2025-10-17T16:11:45","modified_gmt":"2025-10-17T14:11:45","slug":"alfombra-de-olfateo-conejo-zorro","status":"publish","type":"product","link":"https:\/\/www.bunzyland.com\/es\/producto\/alfombra-de-olfateo-conejo-zorro\/","title":{"rendered":"Alfombra de olfateo conejo Zorro"},"content":{"rendered":"<p><\/p>\n<h2 class=\"wp-block-heading\" id=\"h-tapis-de-fouille-lapin-renard-le-jeu-parfait-pour-ton-lapin-curieux\">Alfombra de olfateo conejo Zorro: el juego perfecto para tu conejo curioso \ud83e\udd8a<\/h2>\n<p><\/p>\n<p><\/p>\n<p>La <strong>Alfombra de olfateo conejo Zorro<\/strong> es EL <strong>juguete para conejos<\/strong> que combina a la perfecci\u00f3n estimulaci\u00f3n mental, golosinas y diversi\u00f3n. <br \/>Si a tu conejo le encanta hurgar por todas partes (\u00a1y sabemos que son expertos en eso!), esta <strong>alfombra de olfateo para conejos<\/strong> se va a convertir en su nuevo terreno de exploraci\u00f3n favorito. Esconde algunas golosinas o pienso y obs\u00e9rvalo en plena sesi\u00f3n de \u00abbusco y encuentro\u00bb con una concentraci\u00f3n de peque\u00f1o detective.<\/p>\n<p><\/p>\n<p><\/p>\n<figure class=\"wp-block-image size-full is-resized\"><img decoding=\"async\" src=\"https:\/\/mon-lapinnain.com\/wp-content\/uploads\/2025\/09\/Tapis-de-fouille-pour-lapin-nain.jpg\" alt=\"Alfombra de olfateo para conejo enano\" class=\"wp-image-24284\" style=\"width:600px\" \/><\/figure>\n<p><\/p>\n<p><\/p>\n<p>Con sus numerosas capas de fieltro en forma de melena de zorro, este <strong>juego para conejos<\/strong> no solo es adorable, sino que tambi\u00e9n es perfecto para esconder sus golosinas favoritas. Es mucho m\u00e1s que un simple <strong>juguete para conejos<\/strong>, es un momento de complicidad entre los dos. Esta <strong>alfombra<\/strong> responde perfectamente a sus necesidades naturales de hurgar y de estimulaci\u00f3n.<\/p>\n<p><\/p>\n<p><\/p>\n<figure class=\"wp-block-image size-full is-resized\"><img decoding=\"async\" src=\"https:\/\/mon-lapinnain.com\/wp-content\/uploads\/2025\/09\/Tapis-de-fouille-pour-lapin.jpg\" alt=\"Alfombra de olfateo para conejo\" class=\"wp-image-24283\" style=\"width:600px\" \/><\/figure>\n<p><\/p>\n<p><\/p>\n<p>Y seamos honestos: \u00a1tambi\u00e9n es s\u00faper tierno verlo con la nariz en alto, orejitas movi\u00e9ndose, completamente absorto en su <strong>juego de olfateo para conejos<\/strong> \ud83e\udde1<\/p>\n<p><\/p>\n<p><\/p>\n<h3 class=\"wp-block-heading\" id=\"h-un-jouet-pour-lapin-aussi-mignon-qu-utile\">Un juguete para conejos tan lindo como \u00fatil<\/h3>\n<p><\/p>\n<p><\/p>\n<p>Adem\u00e1s de divertido, esta<strong> alfombra de olfateo para conejos<\/strong> tambi\u00e9n es un verdadero elemento decorativo para el <strong>corral<\/strong>. Su dise\u00f1o en forma de peque\u00f1o zorro siempre enamora a los visitantes (y a ti tambi\u00e9n, adm\u00edtelo \ud83d\ude09). Es un <strong>accesorio<\/strong> que lo cambia todo en un espacio para conejos: lindo, \u00fatil y totalmente en tema.<\/p>\n<p><\/p>\n<p><\/p>\n<figure class=\"wp-block-image size-full is-resized\"><img decoding=\"async\" src=\"https:\/\/mon-lapinnain.com\/wp-content\/uploads\/2025\/09\/Tapis-de-fouille-lapins.jpg\" alt=\"Alfombra de olfateo conejos\" class=\"wp-image-24282\" style=\"width:600px\" \/><\/figure>\n<p><\/p>\n<p><\/p>\n<p>La <strong>alfombra<\/strong> es lo suficientemente grande para dos conejos que les gusta olfatear juntos, o para uno solo que quiere guardarlo todo para s\u00ed (s\u00ed, a menudo es as\u00ed \ud83d\ude05). Es ligera, puedes moverla f\u00e1cilmente y ponerla donde quieras: en el corral, sobre una <strong>alfombra para conejos<\/strong>, o incluso en el medio del sal\u00f3n para un momento improvisado de juego.<\/p>\n<p><\/p>\n<p><\/p>\n<figure class=\"wp-block-image size-full is-resized\"><img decoding=\"async\" src=\"https:\/\/mon-lapinnain.com\/wp-content\/uploads\/2025\/09\/tapis-de-fouille-lapin.jpg\" alt=\"alfombra de olfateo conejo\" class=\"wp-image-24280\" style=\"width:600px\" \/><\/figure>\n<p><\/p>\n<p><\/p>\n<p>Caracter\u00edsticas: <\/p>\n<p><\/p>\n<p><\/p>\n<ul class=\"wp-block-list\"><\/p>\n<li><strong>Alfombra de olfateo<\/strong><\/li>\n<p><\/p>\n<p><\/p>\n<li>Color: Naranja cabeza de zorro<\/li>\n<p><\/p>\n<p><\/p>\n<li>Tejido de fieltro<\/li>\n<p><\/p>\n<p><\/p>\n<li>Parte inferior antideslizante<\/li>\n<p><\/p>\n<p><\/p>\n<li>Tama\u00f1o: 55 cm de di\u00e1metro<\/li>\n<p><\/p>\n<p><\/p>\n<li>Se puede lavar a m\u00e1quina a 30\u00b0C<\/li>\n<p><\/ul>\n<p><\/p>\n<p><\/p>\n<p><\/p>\n<p><\/p>\n<p>\ud83d\udc49 Y si quieres a\u00fan m\u00e1s diversi\u00f3n para tu conejo, descubre tambi\u00e9n todas nuestras <a href=\"#\"><strong>alfombras de olfateo para conejos<\/strong><\/a> o nuestros <a href=\"#\"><strong>juguetes para conejos<\/strong><\/a> \u00a1ideales! \ud83e\uddfa\ud83d\udc3e<\/p>\n<p><\/p>\n<p><\/p>\n<p><\/p>\n<p><\/p>\n","protected":false},"excerpt":{"rendered":"<p>\u2705 Un juguete divertido para conejos<br data-start=\"142\" data-end=\"145\" \/>\u2705 Estimula suavemente a tu conejo<br data-start=\"180\" data-end=\"183\" \/>\u23f3 \u00a1Stock limitado, va a desaparecer r\u00e1pido!<\/p>\n<div id=\"gtx-trans\" style=\"position: absolute;left: 24px;top: -9.78819px\">\n<div class=\"gtx-trans-icon\"><\/div>\n<\/div>\n","protected":false},"featured_media":14217,"comment_status":"closed","ping_status":"closed","template":"","meta":{"_seopress_robots_primary_cat":"","_seopress_titles_title":"","_seopress_titles_desc":"","_seopress_robots_index":""},"product_brand":[],"product_cat":[287,283,269],"product_tag":[],"class_list":{"0":"post-14740","1":"product","2":"type-product","3":"status-publish","4":"has-post-thumbnail","6":"product_cat-alfombra-forraje-conejos","7":"product_cat-alfombras-conejos","8":"product_cat-juguetes-conejos","10":"first","11":"outofstock","12":"taxable","13":"shipping-taxable","14":"purchasable","15":"product-type-simple"},"_links":{"self":[{"href":"https:\/\/www.bunzyland.com\/es\/wp-json\/wp\/v2\/product\/14740","targetHints":{"allow":["GET"]}}],"collection":[{"href":"https:\/\/www.bunzyland.com\/es\/wp-json\/wp\/v2\/product"}],"about":[{"href":"https:\/\/www.bunzyland.com\/es\/wp-json\/wp\/v2\/types\/product"}],"replies":[{"embeddable":true,"href":"https:\/\/www.bunzyland.com\/es\/wp-json\/wp\/v2\/comments?post=14740"}],"wp:featuredmedia":[{"embeddable":true,"href":"https:\/\/www.bunzyland.com\/es\/wp-json\/wp\/v2\/media\/14217"}],"wp:attachment":[{"href":"https:\/\/www.bunzyland.com\/es\/wp-json\/wp\/v2\/media?parent=14740"}],"wp:term":[{"taxonomy":"product_brand","embeddable":true,"href":"https:\/\/www.bunzyland.com\/es\/wp-json\/wp\/v2\/product_brand?post=14740"},{"taxonomy":"product_cat","embeddable":true,"href":"https:\/\/www.bunzyland.com\/es\/wp-json\/wp\/v2\/product_cat?post=14740"},{"taxonomy":"product_tag","embeddable":true,"href":"https:\/\/www.bunzyland.com\/es\/wp-json\/wp\/v2\/product_tag?post=14740"}],"curies":[{"name":"wp","href":"https:\/\/api.w.org\/{rel}","templated":true}]}}