{"id":14744,"date":"2025-10-17T13:26:22","date_gmt":"2025-10-17T11:26:22","guid":{"rendered":"https:\/\/bunzyland.com\/?post_type=product&#038;p=14744"},"modified":"2025-12-16T01:48:15","modified_gmt":"2025-12-16T00:48:15","slug":"cama-para-conejo-midnight","status":"publish","type":"product","link":"https:\/\/www.bunzyland.com\/es\/producto\/cama-para-conejo-midnight\/","title":{"rendered":"Cama para conejo Midnight"},"content":{"rendered":"<p><\/p>\n<h2 class=\"wp-block-heading\" id=\"h-le-lit-pour-lapin-midnight-cosy-comme-jamais\">La cama para conejo Midnight, c\u00f3moda como nunca<\/h2>\n<p><\/p>\n<p><\/p>\n<p>Si buscas la <strong>cama para conejo<\/strong> perfecta, la que une estilo, comodidad y toda la ternura posible&#8230; est\u00e1s en el lugar correcto\ud83d\udca4.<br \/>La <strong>cama para conejo Midnight<\/strong> es mucho m\u00e1s que una simple <strong>cama para conejos<\/strong>, es su peque\u00f1o <strong>snugabun<\/strong> solo para \u00e9l, su rinc\u00f3n exclusivo para sentirse tranquilo, protegido y feliz.<\/p>\n<p><\/p>\n<p><\/p>\n<figure class=\"wp-block-image size-full is-resized\"><img decoding=\"async\" src=\"https:\/\/mon-lapinnain.com\/wp-content\/uploads\/2025\/09\/Lit-pour-lapin-midnight.jpg\" alt=\"Cama para conejo midnight\" class=\"wp-image-24302\" style=\"width:600px\" \/><\/figure>\n<p><\/p>\n<p><\/p>\n<p>Con sus dos bordes acolchados a los lados, tu <strong>conejo<\/strong> puede acurrucarse en el centro y sentirse seguro, sostenido y rodeado, como en un <strong>nido acogedor<\/strong>.<\/p>\n<p>\u00bfY sabes qu\u00e9? Le encantar\u00e1 dormir la siesta all\u00ed (\u00a1y tambi\u00e9n esconderse all\u00ed cuando le niegas otro trozo de pl\u00e1tano! \ud83c\udf4c\ud83d\ude48). A diferencia de algunos <strong>cojines<\/strong> que son planos o demasiado blandos, esta <strong>cama para conejo<\/strong> mantiene la forma, lo que es ideal para su comodidad y postura.<\/p>\n<p><\/p>\n<p><\/p>\n<figure class=\"wp-block-image size-full is-resized\"><img decoding=\"async\" src=\"https:\/\/mon-lapinnain.com\/wp-content\/uploads\/2025\/09\/Lit-pour-lapin-dodo.jpg\" alt=\"Cama para conejo para dormir\" class=\"wp-image-24301\" style=\"width:600px\" \/><\/figure>\n<p><\/p>\n<p><\/p>\n<p>Puedes ponerla donde quieras: en un <strong>corral<\/strong>, sobre una <strong>alfombra<\/strong> o incluso en su rinc\u00f3n favorito del sal\u00f3n. Cuando la adopte&#8230; \u00a1buena suerte para sacarlo de all\u00ed!<\/p>\n<p><\/p>\n<p><\/p>\n<h3 class=\"wp-block-heading\" id=\"h-un-tapis-pour-lapin-au-design-magique-qui-transforme-son-espace\">Una alfombra para conejo con un dise\u00f1o m\u00e1gico que transforma su espacio<\/h3>\n<p><\/p>\n<p><\/p>\n<p>El <strong>motivo Midnight<\/strong> es ese peque\u00f1o toque m\u00e1gico que nos encanta: un fondo azul profundo, salpicado de flores suaves y peque\u00f1os conejos so\u00f1adores. Esta <strong>cama para conejo<\/strong> transforma al instante su rinc\u00f3n de la siesta en un verdadero capullo digno de un cuento \ud83c\udf19\u2728<\/p>\n<p><\/p>\n<p><\/p>\n<figure class=\"wp-block-image size-full is-resized\"><img decoding=\"async\" src=\"https:\/\/mon-lapinnain.com\/wp-content\/uploads\/2025\/09\/coussin-pour-lapin-1.jpg\" alt=\"coj\u00edn para conejo\" class=\"wp-image-24298\" style=\"width:600px\" \/><\/figure>\n<p><\/p>\n<p><\/p>\n<p>Con sus tonos relajantes y sus bonitos detalles, encaja perfectamente en cualquier interior: corral, sal\u00f3n o un rinc\u00f3n de siesta improvisado. Tu <strong>conejo<\/strong> encontrar\u00e1 all\u00ed no solo una <strong>cama para conejo<\/strong> confortable, sino tambi\u00e9n un rinc\u00f3n propio, donde se sentir\u00e1 protegido, tranquilo y, sobre todo&#8230; como en casa.<\/p>\n<p><\/p>\n<p><\/p>\n<figure class=\"wp-block-image size-full is-resized\"><img decoding=\"async\" src=\"https:\/\/mon-lapinnain.com\/wp-content\/uploads\/2025\/09\/Lit-lapin-midnight.jpg\" alt=\"Cama conejo midnight\" class=\"wp-image-24299\" style=\"width:600px\" \/><\/figure>\n<p><\/p>\n<p><\/p>\n<p>Te avisamos: una vez que se acurruque all\u00ed dentro, es muy probable que no quiera salir (y la verdad, lo entendemos).<\/p>\n<p><\/p>\n<p><\/p>\n<p>Caracter\u00edsticas:<\/p>\n<p><\/p>\n<p><\/p>\n<ul class=\"wp-block-list\"><\/p>\n<li><strong>Cama para conejo snugabun<\/strong><\/li>\n<p><\/p>\n<p><\/p>\n<li>Tejido y relleno de algod\u00f3n<\/li>\n<p><\/p>\n<p><\/p>\n<li>Tama\u00f1o: l 45cm x L 38cm<\/li>\n<p><\/ul>\n<p><\/p>\n<p><\/p>\n<p>\ud83d\udc49 Para un espacio a\u00fan m\u00e1s acogedor, descubre tambi\u00e9n todas nuestras <strong>camas para conejo<\/strong> y <strong>alfombras para conejo<\/strong> \ud83d\udc30\ud83d\udca4\ud83c\udf38<\/p>\n<p><\/p>\n<p><\/p>\n<p><\/p>\n<p><\/p>\n<p><\/p>\n<p><\/p>\n","protected":false},"excerpt":{"rendered":"<p>\u2705 Una cama para conejo 100% c\u00f3moda<br data-start=\"201\" data-end=\"204\" \/>\u2705 Su rinc\u00f3n para dormir favorito, probado y aprobado<br data-start=\"245\" data-end=\"248\" data-is-only-node=\"\" \/>\u23f3 <strong data-start=\"250\" data-end=\"296\">\u00a1Stock muy limitado&#8230; despu\u00e9s ser\u00e1 demasiado tarde!<\/strong><\/p>\n","protected":false},"featured_media":14272,"comment_status":"closed","ping_status":"closed","template":"","meta":{"_seopress_robots_primary_cat":"","_seopress_titles_title":"","_seopress_titles_desc":"","_seopress_robots_index":""},"product_brand":[],"product_cat":[283,275],"product_tag":[],"class_list":{"0":"post-14744","1":"product","2":"type-product","3":"status-publish","4":"has-post-thumbnail","6":"product_cat-alfombras-conejos","7":"product_cat-camas-conejos","9":"first","10":"outofstock","11":"taxable","12":"shipping-taxable","13":"purchasable","14":"product-type-simple"},"_links":{"self":[{"href":"https:\/\/www.bunzyland.com\/es\/wp-json\/wp\/v2\/product\/14744","targetHints":{"allow":["GET"]}}],"collection":[{"href":"https:\/\/www.bunzyland.com\/es\/wp-json\/wp\/v2\/product"}],"about":[{"href":"https:\/\/www.bunzyland.com\/es\/wp-json\/wp\/v2\/types\/product"}],"replies":[{"embeddable":true,"href":"https:\/\/www.bunzyland.com\/es\/wp-json\/wp\/v2\/comments?post=14744"}],"wp:featuredmedia":[{"embeddable":true,"href":"https:\/\/www.bunzyland.com\/es\/wp-json\/wp\/v2\/media\/14272"}],"wp:attachment":[{"href":"https:\/\/www.bunzyland.com\/es\/wp-json\/wp\/v2\/media?parent=14744"}],"wp:term":[{"taxonomy":"product_brand","embeddable":true,"href":"https:\/\/www.bunzyland.com\/es\/wp-json\/wp\/v2\/product_brand?post=14744"},{"taxonomy":"product_cat","embeddable":true,"href":"https:\/\/www.bunzyland.com\/es\/wp-json\/wp\/v2\/product_cat?post=14744"},{"taxonomy":"product_tag","embeddable":true,"href":"https:\/\/www.bunzyland.com\/es\/wp-json\/wp\/v2\/product_tag?post=14744"}],"curies":[{"name":"wp","href":"https:\/\/api.w.org\/{rel}","templated":true}]}}