{"id":14752,"date":"2025-08-01T16:54:08","date_gmt":"2025-08-01T14:54:08","guid":{"rendered":"https:\/\/bunzyland.com\/product\/carrot-rabbit-bowl-2\/"},"modified":"2025-10-06T16:54:45","modified_gmt":"2025-10-06T14:54:45","slug":"tazon-zanahoria-para-conejo","status":"publish","type":"product","link":"https:\/\/www.bunzyland.com\/es\/producto\/tazon-zanahoria-para-conejo\/","title":{"rendered":"Taz\u00f3n Zanahoria para Conejo"},"content":{"rendered":"<p><\/p>\n<h2 class=\"wp-block-heading\" id=\"h-gamelle-lapin-pratique-stable-et-trop-mignonne-avec-son-motif-carotte\">Taz\u00f3n para Conejo \u2013 Pr\u00e1ctico, estable y \u00a1irresistiblemente lindo con su dise\u00f1o de zanahoria!<\/h2>\n<p><\/p>\n<p><\/p>\n<p>\u00bfBuscas un <strong>taz\u00f3n para conejo<\/strong> que sea funcional y adorable para tu conejito? Este <strong>taz\u00f3n cer\u00e1mico para conejo<\/strong> es perfecto para las comidas del d\u00eda a d\u00eda. Su divertido dise\u00f1o con motivos de zanahoria a\u00f1ade un toque l\u00fadico al espacio de tu conejo, y sigue siendo muy pr\u00e1ctico para ti. A diferencia de los tazones de pl\u00e1stico ligero, este es <strong>pesado y estable<\/strong>, as\u00ed que no se volcar\u00e1 f\u00e1cilmente. \u00a1Tu conejo puede disfrutar de su comida sin hacer un desastre!<\/p>\n<p><\/p>\n<p><\/p>\n<figure class=\"wp-block-image size-full is-resized\"><img decoding=\"async\" src=\"https:\/\/mon-lapinnain.com\/wp-content\/uploads\/2025\/07\/Gamelle-lapin-motif-carotte.jpg\" alt=\"Taz\u00f3n para conejo con dise\u00f1o de zanahoria\" class=\"wp-image-23565\" style=\"width:600px\" \/><\/figure>\n<p><\/p>\n<p><\/p>\n<p>Este <strong>comedero para conejos<\/strong> es ideal para croquetas, verduras frescas o incluso como <strong>taz\u00f3n para agua<\/strong> si prefieres no usar botellas. Fabricado en cer\u00e1mica, es <strong>f\u00e1cil de limpiar<\/strong> y no retiene olores ni bacterias, garantizando as\u00ed mejor higiene para tu peque\u00f1o compa\u00f1ero.<\/p>\n<p><\/p>\n<p><\/p>\n<h3 class=\"wp-block-heading\" id=\"h-pourquoi-choisir-une-gamelle-en-ceramique-pour-ton-lapin\">\u00bfPor qu\u00e9 elegir un taz\u00f3n de cer\u00e1mica para tu conejo?<\/h3>\n<p><\/p>\n<p><\/p>\n<p>\u2714\ufe0f <strong>Higi\u00e9nico<\/strong> \u2013 la cer\u00e1mica es f\u00e1cil de limpiar y se mantiene fresca m\u00e1s tiempo<br \/>\u2714\ufe0f <strong>Estable<\/strong> \u2013 su peso evita vuelcos, incluso durante el juego<br \/>\u2714\ufe0f <strong>Vers\u00e1til<\/strong> \u2013 perfecto para comida, verduras o agua<br \/>\u2714\ufe0f <strong>Dise\u00f1o adorable<\/strong> \u2013 motivos de zanahoria para un toque divertido y \u00fanico<\/p>\n<p><\/p>\n<p><\/p>\n<figure class=\"wp-block-image size-full is-resized\"><img decoding=\"async\" src=\"https:\/\/mon-lapinnain.com\/wp-content\/uploads\/2025\/07\/Gamelle-ceramique-pour-lapin.jpg\" alt=\"Taz\u00f3n cer\u00e1mico para conejos\" class=\"wp-image-23567\" style=\"width:600px\" \/><\/figure>\n<p><\/p>\n<p><\/p>\n<p>\ud83d\udca1 <strong>Consejo conejil:<\/strong> Consigue dos\u2014uno para verduras y otro para agua. Es la <strong>alternativa perfecta a la botella de conejo<\/strong>, que en realidad no es muy adecuada. Beber de una botella es inc\u00f3modo y antinatural para los conejos. Un taz\u00f3n permite una postura mucho m\u00e1s natural y c\u00f3moda para beber.<\/p>\n<p><\/p>\n<p><\/p>\n<figure class=\"wp-block-image size-full is-resized\"><img decoding=\"async\" src=\"https:\/\/mon-lapinnain.com\/wp-content\/uploads\/2025\/07\/Gamelle-pour-lapin.jpg\" alt=\"Taz\u00f3n para conejos\" class=\"wp-image-23566\" style=\"width:600px\" \/><\/figure>\n<p><\/p>\n<p><\/p>\n<p>Con este <strong>taz\u00f3n zanahoria para conejo<\/strong>, combinas <strong>practicidad<\/strong>, <strong>higiene<\/strong> y <strong>comodidad natural<\/strong> para el bienestar de tu conejo.<\/p>\n<p><\/p>\n<p><\/p>\n<p><strong>Caracter\u00edsticas:<\/strong><\/p>\n<p><\/p>\n<p><\/p>\n<ul class=\"wp-block-list\"><\/p>\n<li><strong>Taz\u00f3n cer\u00e1mico para conejos<\/strong><\/li>\n<p><\/p>\n<p><\/p>\n<li><strong>Tama\u00f1o:<\/strong> 13 cm de di\u00e1metro<\/li>\n<p><\/p>\n<p><\/p>\n<li><strong>Capacidad:<\/strong> 500 ml<\/li>\n<p><\/p>\n<p><\/p>\n<li><strong>Color:<\/strong> Beige, naranja, con motivo de zanahoria<\/li>\n<p><\/ul>\n<p><\/p>\n<p><\/p>\n<p>\u2728 \u00bfQuieres mimar a\u00fan m\u00e1s a tu conejo? Descubre nuestra colecci\u00f3n completa de <strong><a href=\"https:\/\/www.bunzyland.com\/es\/accesorios-conejos\/\" data-type=\"link\" data-id=\"https:\/\/bunzyland.com\/rabbit-accessory\/\">accesorios para conejos<\/a><\/strong> y \u00a1convierte cada d\u00eda en un momento feliz! \ud83d\udc07<\/p>\n<p><\/p>\n<p><\/p>\n<p><\/p>","protected":false},"excerpt":{"rendered":"<ul>\n<li data-start=\"2110\" data-end=\"2136\">\n<p data-start=\"2112\" data-end=\"2136\"><strong data-start=\"2112\" data-end=\"2134\">Accesorio para conejos<\/strong><\/p>\n<\/li>\n<li data-start=\"2137\" data-end=\"2155\">\n<p data-start=\"2139\" data-end=\"2155\"><strong data-start=\"2139\" data-end=\"2153\">Antiderrames<\/strong><\/p>\n<\/li>\n<li data-start=\"2156\" data-end=\"2197\" data-is-last-node=\"\">\n<p data-start=\"2158\" data-end=\"2197\" data-is-last-node=\"\"><strong data-start=\"2158\" data-end=\"2197\" data-is-last-node=\"\">Mejor alternativa a los botellines de agua<\/strong><\/p>\n<\/li>\n<\/ul>\n","protected":false},"featured_media":14753,"comment_status":"closed","ping_status":"closed","template":"","meta":{"_seopress_robots_primary_cat":"none","_seopress_titles_title":"","_seopress_titles_desc":"","_seopress_robots_index":""},"product_brand":[],"product_cat":[278,290],"product_tag":[],"class_list":{"0":"post-14752","1":"product","2":"type-product","3":"status-publish","4":"has-post-thumbnail","6":"product_cat-accesorios-conejos","7":"product_cat-bebedero-para-conejos","9":"first","10":"instock","11":"taxable","12":"shipping-taxable","13":"purchasable","14":"product-type-simple"},"_links":{"self":[{"href":"https:\/\/www.bunzyland.com\/es\/wp-json\/wp\/v2\/product\/14752","targetHints":{"allow":["GET"]}}],"collection":[{"href":"https:\/\/www.bunzyland.com\/es\/wp-json\/wp\/v2\/product"}],"about":[{"href":"https:\/\/www.bunzyland.com\/es\/wp-json\/wp\/v2\/types\/product"}],"replies":[{"embeddable":true,"href":"https:\/\/www.bunzyland.com\/es\/wp-json\/wp\/v2\/comments?post=14752"}],"wp:featuredmedia":[{"embeddable":true,"href":"https:\/\/www.bunzyland.com\/es\/wp-json\/wp\/v2\/media\/14753"}],"wp:attachment":[{"href":"https:\/\/www.bunzyland.com\/es\/wp-json\/wp\/v2\/media?parent=14752"}],"wp:term":[{"taxonomy":"product_brand","embeddable":true,"href":"https:\/\/www.bunzyland.com\/es\/wp-json\/wp\/v2\/product_brand?post=14752"},{"taxonomy":"product_cat","embeddable":true,"href":"https:\/\/www.bunzyland.com\/es\/wp-json\/wp\/v2\/product_cat?post=14752"},{"taxonomy":"product_tag","embeddable":true,"href":"https:\/\/www.bunzyland.com\/es\/wp-json\/wp\/v2\/product_tag?post=14752"}],"curies":[{"name":"wp","href":"https:\/\/api.w.org\/{rel}","templated":true}]}}