{"id":14763,"date":"2025-08-01T16:53:53","date_gmt":"2025-08-01T14:53:53","guid":{"rendered":"https:\/\/bunzyland.com\/product\/beige-absorbent-mat\/"},"modified":"2025-10-06T16:54:45","modified_gmt":"2025-10-06T14:54:45","slug":"alfombrilla-absorbente-beige","status":"publish","type":"product","link":"https:\/\/www.bunzyland.com\/es\/producto\/alfombrilla-absorbente-beige\/","title":{"rendered":"Alfombrilla Absorbente Beige"},"content":{"rendered":"<p><\/p>\n<h2 class=\"wp-block-heading\" id=\"h-un-tapis-absorbant-et-hygienique-pour-lapin\">Una alfombrilla absorbente e higi\u00e9nica para conejos<\/h2>\n<p><\/p>\n<p><\/p>\n<p>\u00bfQuieres que tu <strong>conejo<\/strong> disfrute de su espacio mientras mantienes el suelo impecable? \u00a1Esta <strong>alfombrilla absorbente beige<\/strong> te facilitar\u00e1 la vida! Gracias a su tama\u00f1o generoso de <strong>140 x 100 cm<\/strong>, cubre una gran zona de juego o descanso para tu <strong>conejo<\/strong> \ud83d\udc30. \u00bfSu objetivo? Absorber orina y salpicaduras, evitando sorpresas desagradables y manteniendo el \u00e1rea <strong>limpia y seca<\/strong> \ud83d\ude4c.<\/p>\n<p><\/p>\n<p><\/p>\n<figure class=\"wp-block-image size-full is-resized\"><img decoding=\"async\" src=\"https:\/\/mon-lapinnain.com\/wp-content\/uploads\/2025\/07\/drybed-lapin-tapis.jpg\" alt=\"alfombrilla drybed para conejo\" class=\"wp-image-23551\" style=\"width:600px\" \/><\/figure>\n<p><\/p>\n<p><\/p>\n<p>Esta <strong>alfombrilla lavable para conejos<\/strong> es <strong>reutilizable<\/strong> y fundamental si tu conejo a\u00fan no est\u00e1 totalmente educado para usar el arenero. Es <strong>lavable a m\u00e1quina<\/strong>, \u00a1adi\u00f3s a la limpieza interminable o a monta\u00f1as de alfombrillas desechables! \ud83e\uddfc Cuando est\u00e9 sucia, la metes en la lavadora y sale como nueva. Su <strong>color beige<\/strong> neutro combina perfectamente con tu hogar, manteniendo a tu conejo c\u00f3modo y seco. Ahorrar\u00e1s tiempo, dinero y ser\u00e1 un peque\u00f1o gesto para el <strong>planeta<\/strong> \ud83c\udf0d.<\/p>\n<p><\/p>\n<p><\/p>\n<figure class=\"wp-block-image size-full is-resized\"><img decoding=\"async\" src=\"https:\/\/mon-lapinnain.com\/wp-content\/uploads\/2025\/07\/tapis-pour-lapin-lavable.jpg\" alt=\"alfombrilla lavable para conejo\" class=\"wp-image-23555\" style=\"width:600px\" \/><\/figure>\n<p><\/p>\n<p><\/p>\n<h3 class=\"wp-block-heading\" id=\"h-un-accessoire-pour-lapin-pratique-et-polyvalent\">Un accesorio para conejos pr\u00e1ctico y vers\u00e1til<\/h3>\n<p><\/p>\n<p><\/p>\n<p>Esta <strong>alfombrilla absorbente<\/strong> funciona igual que un <strong>drybed para conejos<\/strong>: mantiene las patitas de tu conejo secas absorbiendo r\u00e1pidamente la humedad \ud83d\udca7. Es la <strong>soluci\u00f3n perfecta<\/strong> para conejos que viven en semi-libertad o en un parque, ya que puedes cubrir toda la superficie del suelo y ofrecerles una <strong>zona higi\u00e9nica y seca<\/strong> \ud83d\udc30.<\/p>\n<p><\/p>\n<p><\/p>\n<figure class=\"wp-block-image size-full is-resized\"><img decoding=\"async\" src=\"https:\/\/mon-lapinnain.com\/wp-content\/uploads\/2025\/07\/Tapis-absorbant-beige.jpg\" alt=\"Alfombrilla absorbente beige\" class=\"wp-image-23577\" style=\"width:600px\" \/><\/figure>\n<p><\/p>\n<p><\/p>\n<p>Y eso no es todo: tambi\u00e9n puedes colocarla <strong>debajo de otra alfombrilla<\/strong> para aumentar la protecci\u00f3n del suelo, especialmente si tu conejo suele tener accidentes. \u00a1Es el <strong>accesorio ideal para conejos<\/strong> si buscas una alfombrilla que proteja tus suelos! \ud83d\udc96<\/p>\n<p><\/p>\n<p><\/p>\n<p>Con esta <strong>alfombrilla absorbente para conejos<\/strong>, di adi\u00f3s a los malos olores y los des\u00f3rdenes. \u00a1Una soluci\u00f3n simple, pr\u00e1ctica e <strong>higi\u00e9nica<\/strong> que cambiar\u00e1 tu d\u00eda a d\u00eda! \ud83d\udc07<\/p>\n<p><\/p>\n<p><\/p>\n<figure class=\"wp-block-image size-full is-resized\"><img decoding=\"async\" src=\"https:\/\/mon-lapinnain.com\/wp-content\/uploads\/2025\/07\/tapis-absorbant-pour-lapin.jpg\" alt=\"alfombrilla absorbente para conejo\" class=\"wp-image-23553\" style=\"width:600px\" \/><\/figure>\n<p><\/p>\n<p><\/p>\n<p><strong>Caracter\u00edsticas:<\/strong><\/p>\n<p><\/p>\n<p><\/p>\n<ul class=\"wp-block-list\"><\/p>\n<li><strong>Alfombrilla higi\u00e9nica para conejos<\/strong><\/li>\n<p><\/p>\n<p><\/p>\n<li><strong>Tama\u00f1o:<\/strong> 140 x 100 cm<\/li>\n<p><\/p>\n<p><\/p>\n<li><strong>Color:<\/strong> Beige<\/li>\n<p><\/p>\n<p><\/p>\n<li><strong>Lavable a m\u00e1quina<\/strong> a 40\u00b0C<\/li>\n<p><\/ul>\n<p><\/p>\n<p><\/p>\n<p>\u26a0\ufe0f <strong>Una alfombrilla pr\u00e1ctica, pero menos c\u00f3moda que otros de nuestros modelos<\/strong><br \/>Esta alfombrilla est\u00e1 pensada principalmente para <strong>absorber y proteger el suelo<\/strong>. No es tan gruesa ni suave como otras de nuestras alfombrillas como la <strong><a href=\"https:\/\/www.bunzyland.com\/es\/producto\/non-slip-rabbit-mat\/\" data-type=\"link\" data-id=\"https:\/\/bunzyland.com\/product\/non-slip-rabbit-mat\/\">Alfombrilla grande para conejos<\/a><\/strong>, la <strong><a href=\"https:\/\/www.bunzyland.com\/es\/producto\/mats-for-rabbits\/\" data-type=\"link\" data-id=\"https:\/\/bunzyland.com\/product\/mats-for-rabbits\/\">Alfombrilla para conejos enanos<\/a><\/strong> o la <strong><a href=\"https:\/\/www.bunzyland.com\/es\/producto\/rabbit-mat-for-enclosure\/\" data-type=\"link\" data-id=\"https:\/\/bunzyland.com\/product\/rabbit-mat-for-enclosure\/\">Alfombrilla para parques de conejos<\/a><\/strong>, que han sido especialmente fabricadas para patitas sensibles y ofrecen <strong>una comodidad superior<\/strong>.<\/p>\n<p><\/p>\n<p><\/p>\n<p><\/p>","protected":false},"excerpt":{"rendered":"<ul>\n<li data-start=\"60\" data-end=\"84\">\n<p data-start=\"62\" data-end=\"84\"><strong data-start=\"62\" data-end=\"82\">Accesorio para conejos<\/strong><\/p>\n<\/li>\n<li data-start=\"85\" data-end=\"105\">\n<p data-start=\"87\" data-end=\"105\"><strong data-start=\"87\" data-end=\"103\">Alfombrilla lavable<\/strong><\/p>\n<\/li>\n<li data-start=\"106\" data-end=\"120\" data-is-last-node=\"\">\n<p data-start=\"108\" data-end=\"120\" data-is-last-node=\"\"><strong data-start=\"108\" data-end=\"120\" data-is-last-node=\"\">Higi\u00e9nica<\/strong><\/p>\n<\/li>\n<\/ul>\n","protected":false},"featured_media":14764,"comment_status":"closed","ping_status":"closed","template":"","meta":{"_seopress_robots_primary_cat":"none","_seopress_titles_title":"","_seopress_titles_desc":"","_seopress_robots_index":""},"product_brand":[],"product_cat":[278,283],"product_tag":[],"class_list":{"0":"post-14763","1":"product","2":"type-product","3":"status-publish","4":"has-post-thumbnail","6":"product_cat-accesorios-conejos","7":"product_cat-alfombras-conejos","9":"first","10":"instock","11":"taxable","12":"shipping-taxable","13":"purchasable","14":"product-type-simple"},"_links":{"self":[{"href":"https:\/\/www.bunzyland.com\/es\/wp-json\/wp\/v2\/product\/14763","targetHints":{"allow":["GET"]}}],"collection":[{"href":"https:\/\/www.bunzyland.com\/es\/wp-json\/wp\/v2\/product"}],"about":[{"href":"https:\/\/www.bunzyland.com\/es\/wp-json\/wp\/v2\/types\/product"}],"replies":[{"embeddable":true,"href":"https:\/\/www.bunzyland.com\/es\/wp-json\/wp\/v2\/comments?post=14763"}],"wp:featuredmedia":[{"embeddable":true,"href":"https:\/\/www.bunzyland.com\/es\/wp-json\/wp\/v2\/media\/14764"}],"wp:attachment":[{"href":"https:\/\/www.bunzyland.com\/es\/wp-json\/wp\/v2\/media?parent=14763"}],"wp:term":[{"taxonomy":"product_brand","embeddable":true,"href":"https:\/\/www.bunzyland.com\/es\/wp-json\/wp\/v2\/product_brand?post=14763"},{"taxonomy":"product_cat","embeddable":true,"href":"https:\/\/www.bunzyland.com\/es\/wp-json\/wp\/v2\/product_cat?post=14763"},{"taxonomy":"product_tag","embeddable":true,"href":"https:\/\/www.bunzyland.com\/es\/wp-json\/wp\/v2\/product_tag?post=14763"}],"curies":[{"name":"wp","href":"https:\/\/api.w.org\/{rel}","templated":true}]}}