{"id":14805,"date":"2025-08-01T16:52:54","date_gmt":"2025-08-01T14:52:54","guid":{"rendered":"https:\/\/bunzyland.com\/product\/watermelon-rabbit-toy\/"},"modified":"2025-10-06T16:54:46","modified_gmt":"2025-10-06T14:54:46","slug":"juguete-para-conejo-sandia","status":"publish","type":"product","link":"https:\/\/www.bunzyland.com\/es\/producto\/juguete-para-conejo-sandia\/","title":{"rendered":"Juguete para conejo sand\u00eda"},"content":{"rendered":"<p><\/p>\n<h2 class=\"wp-block-heading\" id=\"h-jouet-pour-lapin-pasteque-un-jeu-malin-pour-lapinou-curieux\">Juguete para conejo sand\u00eda: un juego ingenioso para conejitos curiosos<\/h2>\n<p><\/p>\n<p><\/p>\n<p>\u00a1Este juguete para conejos es una peque\u00f1a joya para estimular la mente curiosa de tu conejo mientras se divierte! \ud83c\udf49 Se puede usar de dos maneras diferentes: desplegado, se convierte en una alfombra olfativa para conejos donde puedes esconder premios entre los suaves p\u00e9talos de tela; doblado, se convierte en una simp\u00e1tica pelota con forma de sand\u00eda, perfecta para rellenar con heno o peque\u00f1as sorpresas.<\/p>\n<p><\/p>\n<p><\/p>\n<figure class=\"wp-block-image size-full is-resized\"><img decoding=\"async\" src=\"https:\/\/mon-lapinnain.com\/wp-content\/uploads\/2025\/08\/Jouet-pour-lapin-anti-ennui.jpg\" alt=\"Juguete para conejo antiaburrimiento\" class=\"wp-image-23874\" style=\"width:600px\" \/><\/figure>\n<p><\/p>\n<p><\/p>\n<p>\u00a1Este juguete es perfecto para mantener a tu conejo entretenido y combatir el aburrimiento! Satisface su instinto natural de buscar comida mientras les mantiene activos y curiosos. Y con su adorable dise\u00f1o de sand\u00eda \ud83c\udf49, \u00a1es pura alegr\u00eda! A los conejos les encanta escarbar, tirar y explorar\u2026 y este juguete respeta todo eso mientras hace que el momento sea divertido, suave y lleno de conexi\u00f3n.<\/p>\n<p><\/p>\n<p><\/p>\n<figure class=\"wp-block-image size-full is-resized\"><img decoding=\"async\" src=\"https:\/\/mon-lapinnain.com\/wp-content\/uploads\/2025\/08\/Jouet-pour-lapin-Pasteque.jpg\" alt=\"Juguete para conejo Sand\u00eda\" class=\"wp-image-23877\" style=\"width:600px\" \/><\/figure>\n<p><\/p>\n<p><\/p>\n<h3 class=\"wp-block-heading\" id=\"h-comment-jouer-avec-son-lapin-grace-a-ce-tapis-de-fouille\">\u00bfC\u00f3mo jugar con tu conejo usando esta alfombra olfativa?<\/h3>\n<p><\/p>\n<p><\/p>\n<p>\u00a1Es s\u00faper f\u00e1cil\u2014y a tu conejo le encantar\u00e1! Despliega el juguete para conejo sand\u00eda en modo alfombra y luego esconde algunos premios o trocitos de verduras secas entre los p\u00e9talos. Tu peque\u00f1o empezar\u00e1 a olfatear, escarbar y buscar sus sabrosas recompensas \ud83c\udf42. Este rato de juego es mucho m\u00e1s que una simple distracci\u00f3n\u2014es un verdadero momento de conexi\u00f3n entre los dos.<\/p>\n<p><\/p>\n<p><\/p>\n<figure class=\"wp-block-image size-full\"><img decoding=\"async\" src=\"https:\/\/mon-lapinnain.com\/wp-content\/uploads\/2025\/08\/jeu-pour-lapin.gif\" alt=\"juego para conejo\" class=\"wp-image-23872\" \/><\/figure>\n<p><\/p>\n<p><\/p>\n<p>No solo es divertido, sino que tambi\u00e9n ayuda a tu conejo a mantenerse concentrado, activo y suavemente estimulado. Y para ti, es un dulce momento de uni\u00f3n mientras ayudas a tu conejo a explorar y pensar. Este original juguete para conejos aporta alegr\u00eda a su rutina y refuerza vuestro v\u00ednculo especial \ud83d\udc95<\/p>\n<p><\/p>\n<p><\/p>\n<figure class=\"wp-block-image size-full is-resized\"><img decoding=\"async\" src=\"https:\/\/mon-lapinnain.com\/wp-content\/uploads\/2025\/08\/Jouet-pour-lapin-pas-cher.jpg\" alt=\"Juguete para conejo barato\" class=\"wp-image-23876\" style=\"width:600px\" \/><\/figure>\n<p><\/p>\n<p><\/p>\n<p><\/p>\n<p><\/p>\n<p><strong>Caracter\u00edsticas:<\/strong><\/p>\n<p><\/p>\n<p><\/p>\n<ul class=\"wp-block-list\"><\/p>\n<li>Juguete antiaburrimiento para conejos<\/li>\n<p><\/p>\n<p><\/p>\n<li>Tama\u00f1o: 37 x 26 cm<\/li>\n<p><\/ul>\n<p><\/p>\n<p><\/p>\n<p>\ud83d\udc30 \u00bfQuieres a\u00fan m\u00e1s ideas para divertirte con tu conejo? Descubre nuestra selecci\u00f3n completa de <a href=\"https:\/\/www.bunzyland.com\/es\/juguetes-conejos\/\" data-type=\"link\" data-id=\"https:\/\/bunzyland.com\/toys-for-rabbit\/\">juguetes para conejos<\/a>, hay algo para todos los gustos&#8230; \u00a1y para cada naricita!<\/p>\n<p><\/p>","protected":false},"excerpt":{"rendered":"<ul>\n<li data-start=\"36\" data-end=\"60\">\n<p data-start=\"38\" data-end=\"60\"><strong data-start=\"38\" data-end=\"58\">Juguete antiaburrimiento<\/strong><\/p>\n<\/li>\n<li data-start=\"61\" data-end=\"84\">\n<p data-start=\"63\" data-end=\"84\"><strong data-start=\"63\" data-end=\"82\">Divertida alfombra olfativa<\/strong><\/p>\n<\/li>\n<li data-start=\"85\" data-end=\"101\" data-is-last-node=\"\">\n<p data-start=\"87\" data-end=\"101\" data-is-last-node=\"\"><strong data-start=\"87\" data-end=\"101\" data-is-last-node=\"\">Pelota divertida<\/strong><\/p>\n<\/li>\n<\/ul>\n","protected":false},"featured_media":14806,"comment_status":"closed","ping_status":"closed","template":"","meta":{"_seopress_robots_primary_cat":"none","_seopress_titles_title":"","_seopress_titles_desc":"","_seopress_robots_index":""},"product_brand":[],"product_cat":[287,269],"product_tag":[],"class_list":{"0":"post-14805","1":"product","2":"type-product","3":"status-publish","4":"has-post-thumbnail","6":"product_cat-alfombra-forraje-conejos","7":"product_cat-juguetes-conejos","9":"first","10":"instock","11":"taxable","12":"shipping-taxable","13":"purchasable","14":"product-type-simple"},"_links":{"self":[{"href":"https:\/\/www.bunzyland.com\/es\/wp-json\/wp\/v2\/product\/14805","targetHints":{"allow":["GET"]}}],"collection":[{"href":"https:\/\/www.bunzyland.com\/es\/wp-json\/wp\/v2\/product"}],"about":[{"href":"https:\/\/www.bunzyland.com\/es\/wp-json\/wp\/v2\/types\/product"}],"replies":[{"embeddable":true,"href":"https:\/\/www.bunzyland.com\/es\/wp-json\/wp\/v2\/comments?post=14805"}],"wp:featuredmedia":[{"embeddable":true,"href":"https:\/\/www.bunzyland.com\/es\/wp-json\/wp\/v2\/media\/14806"}],"wp:attachment":[{"href":"https:\/\/www.bunzyland.com\/es\/wp-json\/wp\/v2\/media?parent=14805"}],"wp:term":[{"taxonomy":"product_brand","embeddable":true,"href":"https:\/\/www.bunzyland.com\/es\/wp-json\/wp\/v2\/product_brand?post=14805"},{"taxonomy":"product_cat","embeddable":true,"href":"https:\/\/www.bunzyland.com\/es\/wp-json\/wp\/v2\/product_cat?post=14805"},{"taxonomy":"product_tag","embeddable":true,"href":"https:\/\/www.bunzyland.com\/es\/wp-json\/wp\/v2\/product_tag?post=14805"}],"curies":[{"name":"wp","href":"https:\/\/api.w.org\/{rel}","templated":true}]}}