{"id":14817,"date":"2025-08-01T16:36:01","date_gmt":"2025-08-01T14:36:01","guid":{"rendered":"https:\/\/bunzyland.com\/product\/absorbent-floor-pads-for-rabbits\/"},"modified":"2025-10-06T16:54:46","modified_gmt":"2025-10-06T14:54:46","slug":"alfombrillas-absorbentes-para-conejos","status":"publish","type":"product","link":"https:\/\/www.bunzyland.com\/es\/producto\/alfombrillas-absorbentes-para-conejos\/","title":{"rendered":"Alfombrillas Absorbentes para Conejos"},"content":{"rendered":"<p><\/p>\n<h2 class=\"wp-block-heading\">Alfombrillas Absorbentes para Conejos: para un entorno limpio y saludable<\/h2>\n<p><\/p>\n<p><\/p>\n<p>Estas alfombrillas absorbentes para conejos son una soluci\u00f3n sencilla e higi\u00e9nica para gestionar los peque\u00f1os accidentes del d\u00eda a d\u00eda. Cada paquete contiene 30 alfombrillas desechables que son suaves, transpirables y altamente absorbentes. Su dise\u00f1o de secado r\u00e1pido ayuda a limitar los olores.<\/p>\n<p><\/p>\n<p><\/p>\n<figure class=\"wp-block-image\"><img decoding=\"async\" src=\"https:\/\/mon-lapinnain.com\/wp-content\/uploads\/2021\/08\/tapis-absorbant-pour-lapin-alese.jpg\" alt=\"alfombrilla absorbente para conejo-almohadilla\" class=\"wp-image-23886\" \/><\/figure>\n<p><\/p>\n<p><\/p>\n<p>Puedes usarlas directamente debajo de tu conejo durante la recuperaci\u00f3n, al viajar o incluso como fondo para la bandeja de arena. Solo tienes que colocar una alfombrilla en la bandeja y a\u00f1adir una fina capa de c\u00e1\u00f1amo encima. \u00bfEl resultado? El c\u00e1\u00f1amo se mantiene seco m\u00e1s tiempo y la limpieza se vuelve mucho m\u00e1s sencilla. Es una forma pr\u00e1ctica de mantener el entorno de tu conejo limpio y c\u00f3modo.<\/p>\n<p><\/p>\n<p><\/p>\n<figure class=\"wp-block-image\"><img decoding=\"async\" src=\"https:\/\/mon-lapinnain.com\/wp-content\/uploads\/2021\/08\/alese-lapin.jpg\" alt=\"almohadilla conejo\" class=\"wp-image-23885\" \/><\/figure>\n<p><\/p>\n<p><\/p>\n<h3 class=\"wp-block-heading\">Una soluci\u00f3n pr\u00e1ctica, higi\u00e9nica y sin estr\u00e9s<\/h3>\n<p><\/p>\n<p><\/p>\n<p>Estas alfombrillas tambi\u00e9n son perfectas para conejos que a\u00fan est\u00e1n aprendiendo a usar su bandeja o que a veces se equivocan \ud83d\udc30. Convenientes, discretas y f\u00e1ciles de desechar&#8230; pasan desapercibidas pero marcan una gran diferencia. Incluso puedes colocar una en un transportin, absorber\u00e1 cualquier accidente relacionado con el estr\u00e9s durante el viaje, manteniendo a tu conejito seco y c\u00f3modo hasta la llegada.<\/p>\n<p><\/p>\n<p><\/p>\n<figure class=\"wp-block-image\"><img decoding=\"async\" src=\"https:\/\/mon-lapinnain.com\/wp-content\/uploads\/2021\/08\/tapis-de-sol-pour-lapin-alese.jpg\" alt=\"alfombrilla de suelo para conejo almohadilla\" class=\"wp-image-23887\" \/><\/figure>\n<p><\/p>\n<p><\/p>\n<p>En resumen, es un accesorio sencillo pero s\u00faper ingenioso que facilita la vida tanto para ti como para tu conejo. \ud83d\ude0a<\/p>\n<p><\/p>\n<p><\/p>\n<p><strong>Caracter\u00edsticas de las alfombrillas absorbentes para conejos<\/strong><\/p>\n<p><\/p>\n<p><\/p>\n<ul class=\"wp-block-list\"><\/p>\n<li>Cantidad: 30 alfombrillas absorbentes por paquete<\/li>\n<p><\/p>\n<p><\/p>\n<li>Tama\u00f1o: 60 x 45 cm<\/li>\n<p><\/p>\n<p><\/p>\n<li>Patas secas, sin fugas<\/li>\n<p><\/ul>\n<p><\/p>\n<p><\/p>\n<p>Para un \u00e1rea de juego o descanso acogedora y adecuada, echa un vistazo a nuestra colecci\u00f3n completa de <a href=\"https:\/\/www.bunzyland.com\/es\/alfombras-conejos\/\" data-type=\"link\" data-id=\"https:\/\/bunzyland.com\/rabbit-mat\/\">alfombrillas para conejos<\/a>, perfectas para la comodidad de tu conejito.<\/p>\n<p><\/p>\n<p><\/p>\n<p><\/p>","protected":false},"excerpt":{"rendered":"<ul>\n<li data-start=\"34\" data-end=\"56\">\n<p data-start=\"36\" data-end=\"56\"><strong data-start=\"36\" data-end=\"54\">Alfombrillas Absorbentes<\/strong><\/p>\n<\/li>\n<li data-start=\"57\" data-end=\"81\">\n<p data-start=\"59\" data-end=\"81\"><strong data-start=\"59\" data-end=\"79\">Accesorio para Conejos<\/strong><\/p>\n<\/li>\n<li data-start=\"82\" data-end=\"105\">\n<p data-start=\"84\" data-end=\"105\"><strong data-start=\"84\" data-end=\"103\">Paquete de 30 Alfombrillas<\/strong><\/p>\n<\/li>\n<\/ul>\n","protected":false},"featured_media":14818,"comment_status":"closed","ping_status":"closed","template":"","meta":{"_seopress_robots_primary_cat":"none","_seopress_titles_title":"","_seopress_titles_desc":"","_seopress_robots_index":""},"product_brand":[],"product_cat":[278],"product_tag":[],"class_list":{"0":"post-14817","1":"product","2":"type-product","3":"status-publish","4":"has-post-thumbnail","6":"product_cat-accesorios-conejos","8":"first","9":"instock","10":"taxable","11":"shipping-taxable","12":"purchasable","13":"product-type-simple"},"_links":{"self":[{"href":"https:\/\/www.bunzyland.com\/es\/wp-json\/wp\/v2\/product\/14817","targetHints":{"allow":["GET"]}}],"collection":[{"href":"https:\/\/www.bunzyland.com\/es\/wp-json\/wp\/v2\/product"}],"about":[{"href":"https:\/\/www.bunzyland.com\/es\/wp-json\/wp\/v2\/types\/product"}],"replies":[{"embeddable":true,"href":"https:\/\/www.bunzyland.com\/es\/wp-json\/wp\/v2\/comments?post=14817"}],"wp:featuredmedia":[{"embeddable":true,"href":"https:\/\/www.bunzyland.com\/es\/wp-json\/wp\/v2\/media\/14818"}],"wp:attachment":[{"href":"https:\/\/www.bunzyland.com\/es\/wp-json\/wp\/v2\/media?parent=14817"}],"wp:term":[{"taxonomy":"product_brand","embeddable":true,"href":"https:\/\/www.bunzyland.com\/es\/wp-json\/wp\/v2\/product_brand?post=14817"},{"taxonomy":"product_cat","embeddable":true,"href":"https:\/\/www.bunzyland.com\/es\/wp-json\/wp\/v2\/product_cat?post=14817"},{"taxonomy":"product_tag","embeddable":true,"href":"https:\/\/www.bunzyland.com\/es\/wp-json\/wp\/v2\/product_tag?post=14817"}],"curies":[{"name":"wp","href":"https:\/\/api.w.org\/{rel}","templated":true}]}}