{"id":14828,"date":"2024-04-08T10:04:23","date_gmt":"2024-04-08T08:04:23","guid":{"rendered":"https:\/\/bunzyland.com\/product\/rabbit-toy-stacking-cups\/"},"modified":"2025-10-06T16:54:46","modified_gmt":"2025-10-06T14:54:46","slug":"juguete-para-conejos-vasos-apilables","status":"publish","type":"product","link":"https:\/\/www.bunzyland.com\/es\/producto\/juguete-para-conejos-vasos-apilables\/","title":{"rendered":"Juguete para conejos vasos apilables"},"content":{"rendered":"<h2><b>Juguete para conejos vasos apilables: un juguete de excavaci\u00f3n estrat\u00e9gico<\/b><\/h2>\n<p>Este <strong>juguete para conejos vasos apilables<\/strong> est\u00e1 inspirado en los famosos <strong>juguetes de excavaci\u00f3n para conejos<\/strong>, pero en una versi\u00f3n un poco m\u00e1s compleja. Es muy entretenido, desarrolla la inteligencia de tu conejo y estimula sus sentidos.<\/p>\n<p><img fetchpriority=\"high\" decoding=\"async\" class=\"alignnone wp-image-9056 size-full\" src=\"https:\/\/mon-lapinnain.com\/wp-content\/uploads\/2022\/07\/jouet-pour-lapin-petits-pots.gif\" alt=\"juguete para conejo vasitos\" width=\"350\" height=\"350\" \/><\/p>\n<p>Este divertido y l\u00fadico <strong>juguete para conejos<\/strong> te permite crear un verdadero v\u00ednculo con tu fiel compa\u00f1ero, pasando largos ratos jugando juntos. Tambi\u00e9n ayudar\u00e1 a reforzar su confianza en ti. De hecho, este tipo de actividad para compartir con tu peque\u00f1o amigo peludo permite fortalecer vuestro v\u00ednculo a largo plazo.<\/p>\n<h3>\u00bfC\u00f3mo jugar con tu conejo?<\/h3>\n<p>Este <strong>juguete interactivo para conejos<\/strong> requiere cierta estrategia por parte de tu conejo; \u00a1de ah\u00ed que sea ultra estimulante!<\/p>\n<p>Este <strong>juguete para conejos<\/strong> consta de seis vasos multicolores apilados de mayor a menor. La idea es que pongas sus golosinas favoritas en cada nivel. Tu conejo tendr\u00e1 que olfatear y usar sus instintos para intentar encontrar sus golosinas favoritas, que est\u00e1n escondidas a lo largo de este <strong>juguete dispensador de premios para conejos<\/strong>. Puede voltear los vasos o lanzarlos por el aire&#8230; Nada lo detendr\u00e1 en su b\u00fasqueda de premios. \ud83d\ude00<\/p>\n<p><img decoding=\"async\" class=\"alignnone wp-image-9054 size-full\" src=\"https:\/\/mon-lapinnain.com\/wp-content\/uploads\/2022\/07\/jeu-pour-lapin-mon-lapin-nain.gif\" alt=\"juguete para conejo bunzyland\" width=\"350\" height=\"350\" \/><\/p>\n<p>Los vasos est\u00e1n hechos de pl\u00e1stico ABS. Este material es no t\u00f3xico, resistente y ligero al mismo tiempo. Esto significa que si tu conejo los muerde, no ser\u00e1 peligroso para tu mascota. Es el material utilizado por grandes marcas como Playmobil y Lego.<\/p>\n<p><b>M\u00e1s detalles:<\/b><\/p>\n<ul>\n<li>Color: Multicolor<\/li>\n<li>6 peque\u00f1os vasos apilables + 1 bola<\/li>\n<li>Materiales: Pl\u00e1stico ABS (no t\u00f3xico)<\/li>\n<\/ul>\n<p>Para a\u00fan m\u00e1s diversi\u00f3n para tu amigo peludo, descubre nuestra selecci\u00f3n de <a href=\"https:\/\/www.bunzyland.com\/es\/juguetes-conejos\/\">juguetes para conejos<\/a> especialmente dise\u00f1ados para su bienestar y diversi\u00f3n.<\/p>\n","protected":false},"excerpt":{"rendered":"<ul>\n<li>Juguete interactivo para conejos<\/li>\n<li>Juguete para excavar<\/li>\n<\/ul>\n","protected":false},"featured_media":14829,"comment_status":"closed","ping_status":"closed","template":"","meta":{"_seopress_robots_primary_cat":"none","_seopress_titles_title":"","_seopress_titles_desc":"Rabbit toy stacking cups is a digging toy that stimulates the senses and develops the intelligence of your bunny. Best toy for your bunny","_seopress_robots_index":""},"product_brand":[],"product_cat":[296,269],"product_tag":[],"class_list":{"0":"post-14828","1":"product","2":"type-product","3":"status-publish","4":"has-post-thumbnail","6":"product_cat-bunny-shop","7":"product_cat-juguetes-conejos","8":"product_shipping_class-ok-mondial-relais","10":"first","11":"outofstock","12":"taxable","13":"shipping-taxable","14":"purchasable","15":"product-type-simple"},"_links":{"self":[{"href":"https:\/\/www.bunzyland.com\/es\/wp-json\/wp\/v2\/product\/14828","targetHints":{"allow":["GET"]}}],"collection":[{"href":"https:\/\/www.bunzyland.com\/es\/wp-json\/wp\/v2\/product"}],"about":[{"href":"https:\/\/www.bunzyland.com\/es\/wp-json\/wp\/v2\/types\/product"}],"replies":[{"embeddable":true,"href":"https:\/\/www.bunzyland.com\/es\/wp-json\/wp\/v2\/comments?post=14828"}],"wp:featuredmedia":[{"embeddable":true,"href":"https:\/\/www.bunzyland.com\/es\/wp-json\/wp\/v2\/media\/14829"}],"wp:attachment":[{"href":"https:\/\/www.bunzyland.com\/es\/wp-json\/wp\/v2\/media?parent=14828"}],"wp:term":[{"taxonomy":"product_brand","embeddable":true,"href":"https:\/\/www.bunzyland.com\/es\/wp-json\/wp\/v2\/product_brand?post=14828"},{"taxonomy":"product_cat","embeddable":true,"href":"https:\/\/www.bunzyland.com\/es\/wp-json\/wp\/v2\/product_cat?post=14828"},{"taxonomy":"product_tag","embeddable":true,"href":"https:\/\/www.bunzyland.com\/es\/wp-json\/wp\/v2\/product_tag?post=14828"}],"curies":[{"name":"wp","href":"https:\/\/api.w.org\/{rel}","templated":true}]}}