{"id":14837,"date":"2024-02-19T15:56:44","date_gmt":"2024-02-19T14:56:44","guid":{"rendered":"https:\/\/bunzyland.com\/product\/hay-ball-for-rabbits\/"},"modified":"2025-10-06T16:54:47","modified_gmt":"2025-10-06T14:54:47","slug":"bola-de-heno-para-conejos","status":"publish","type":"product","link":"https:\/\/www.bunzyland.com\/es\/producto\/bola-de-heno-para-conejos\/","title":{"rendered":"Bola de heno para conejos"},"content":{"rendered":"<div class=\"detailmodule_html\">\n<div class=\"detail-desc-decorate-richtext\">\n<h2>Bola de heno para mordisquear para conejos<\/h2>\n<p>La <strong>Bola de Heno para Conejos<\/strong> es m\u00e1s que solo una delicia. Por supuesto, esta bola de heno es adecuada tanto para los grandes como para los peque\u00f1os gourmets. Ofrezca a su conejito o conejo este juguete de heno que combina placer gustativo con cuidado dental. Es un tesoro natural, una fuente de fibra esencial que deleita los sentidos de su pequeo mientras contribuye a una digesti\u00f3n saludable.<\/p>\n<p><img fetchpriority=\"high\" decoding=\"async\" class=\"alignnone wp-image-16480\" src=\"https:\/\/mon-lapinnain.com\/wp-content\/uploads\/2021\/07\/jouet-pour-lapin-foin.png\" alt=\"juguete para conejo heno\" width=\"600\" height=\"600\" \/><\/p>\n<p>No solo este <strong>juguete para conejo<\/strong> sirve como un <strong>snack<\/strong> saludable, sino que tambi\u00e9n es un juguete interactivo que estimula la actividad f\u00edsica de su conejo. Al rodar y mordisquear esta bola de 10 cm de di\u00e1metro, su conejito hace ejercicio mientras disfruta de un sabroso premio. Es una forma divertida de combatir el aburrimiento y fomentar el comportamiento natural de b\u00fasqueda de alimento.<\/p>\n<h3>Un juguete para conejo como complemento<\/h3>\n<p><img decoding=\"async\" class=\"alignnone wp-image-16479\" src=\"https:\/\/mon-lapinnain.com\/wp-content\/uploads\/2021\/07\/boule-foin-pour-lapin.png\" alt=\"bola de heno para conejo\" width=\"600\" height=\"600\" \/><\/p>\n<p>Esta <strong>Bola de Heno para Conejos<\/strong> es imprescindible para todos los due\u00f1os de conejos. Hecha de hierba natural, esta bola de heno es la elecci\u00f3n perfecta para su conejito. Tenga en cuenta que este juego para conejos no reemplaza la ingesta diaria de heno del conejo. Aunque est\u00e1 esencialmente hecha de heno, este <strong>juguete interactivo<\/strong> sirve como un complemento para estimular la actividad y la gula. El heno cl\u00e1sico debe seguir siendo el alimento principal de su conejo.<\/p>\n<p><strong>Caracter\u00edsticas:&nbsp;<\/strong><\/p>\n<ul>\n<li>Materiales: Hierba natural<\/li>\n<li>Tama\u00f1o: 10 cm<\/li>\n<\/ul>\n<\/div>\n<div class=\"detailmodule_dynamic\">\n<p>Para a\u00fan m\u00e1s diversi\u00f3n para tu amigo peludo, descubre nuestra selecci\u00f3n de juguetes para conejos especialmente dise\u00f1ados para su bienestar y diversi\u00f3n.<\/p>\n<\/div>\n<div class=\"detailmodule_html\">\n<div class=\"detail-desc-decorate-richtext\"><\/div>\n<\/div>\n<\/div>\n","protected":false},"excerpt":{"rendered":"<p>Bola de heno para mordisquear para conejos La Bola de Heno para Conejos es m\u00e1s que solo una delicia. Por supuesto, esta bola de heno es adecuada tanto para los grandes como para los peque\u00f1os gourmets. Ofrezca a su conejito o conejo este juguete de heno que combina placer gustativo con cuidado dental. Es un [&hellip;]<\/p>\n","protected":false},"featured_media":14838,"comment_status":"closed","ping_status":"closed","template":"","meta":{"_seopress_robots_primary_cat":"none","_seopress_titles_title":"","_seopress_titles_desc":"","_seopress_robots_index":""},"product_brand":[],"product_cat":[296,293,269,299],"product_tag":[],"class_list":{"0":"post-14837","1":"product","2":"type-product","3":"status-publish","4":"has-post-thumbnail","6":"product_cat-bunny-shop","7":"product_cat-juguete-morder","8":"product_cat-juguetes-conejos","9":"product_cat-offers","11":"first","12":"instock","13":"taxable","14":"shipping-taxable","15":"purchasable","16":"product-type-simple"},"_links":{"self":[{"href":"https:\/\/www.bunzyland.com\/es\/wp-json\/wp\/v2\/product\/14837","targetHints":{"allow":["GET"]}}],"collection":[{"href":"https:\/\/www.bunzyland.com\/es\/wp-json\/wp\/v2\/product"}],"about":[{"href":"https:\/\/www.bunzyland.com\/es\/wp-json\/wp\/v2\/types\/product"}],"replies":[{"embeddable":true,"href":"https:\/\/www.bunzyland.com\/es\/wp-json\/wp\/v2\/comments?post=14837"}],"wp:featuredmedia":[{"embeddable":true,"href":"https:\/\/www.bunzyland.com\/es\/wp-json\/wp\/v2\/media\/14838"}],"wp:attachment":[{"href":"https:\/\/www.bunzyland.com\/es\/wp-json\/wp\/v2\/media?parent=14837"}],"wp:term":[{"taxonomy":"product_brand","embeddable":true,"href":"https:\/\/www.bunzyland.com\/es\/wp-json\/wp\/v2\/product_brand?post=14837"},{"taxonomy":"product_cat","embeddable":true,"href":"https:\/\/www.bunzyland.com\/es\/wp-json\/wp\/v2\/product_cat?post=14837"},{"taxonomy":"product_tag","embeddable":true,"href":"https:\/\/www.bunzyland.com\/es\/wp-json\/wp\/v2\/product_tag?post=14837"}],"curies":[{"name":"wp","href":"https:\/\/api.w.org\/{rel}","templated":true}]}}