{"id":14845,"date":"2024-02-19T15:56:43","date_gmt":"2024-02-19T14:56:43","guid":{"rendered":"https:\/\/bunzyland.com\/product\/straw-rabbit-carrot\/"},"modified":"2026-03-10T06:20:26","modified_gmt":"2026-03-10T05:20:26","slug":"zanahoria-de-paja-para-conejo","status":"publish","type":"product","link":"https:\/\/www.bunzyland.com\/es\/producto\/zanahoria-de-paja-para-conejo\/","title":{"rendered":"Zanahoria de paja para conejo"},"content":{"rendered":"<h2>Bocados de zanahoria para conejos<\/h2>\n<p>Tu conejo necesita mordisquear todos los d\u00edas para mantener una buena salud dental. Con la <strong>zanahoria de paja para conejo<\/strong>, tu peque\u00f1o podr\u00e1 morder un producto natural de buena calidad que mantendr\u00e1 sus dientes sanos.<\/p>\n<p><img fetchpriority=\"high\" decoding=\"async\" class=\"alignnone wp-image-10661\" src=\"https:\/\/www.bunzyland.com\/wp-content\/uploads\/2024\/02\/jeu-a-grignoter-pour-lapin-300x300.jpg\" alt=\"Zanahoria de paja para conejo\" width=\"600\" height=\"600\" srcset=\"https:\/\/bunzyland.com\/wp-content\/uploads\/2024\/02\/jeu-a-grignoter-pour-lapin-300x300.jpg 300w, https:\/\/bunzyland.com\/wp-content\/uploads\/2024\/02\/jeu-a-grignoter-pour-lapin-150x150.jpg 150w, https:\/\/bunzyland.com\/wp-content\/uploads\/2024\/02\/jeu-a-grignoter-pour-lapin-768x768.jpg 768w, https:\/\/bunzyland.com\/wp-content\/uploads\/2024\/02\/jeu-a-grignoter-pour-lapin-990x990.jpg 990w, https:\/\/bunzyland.com\/wp-content\/uploads\/2024\/02\/jeu-a-grignoter-pour-lapin-441x441.jpg 441w, https:\/\/bunzyland.com\/wp-content\/uploads\/2024\/02\/jeu-a-grignoter-pour-lapin-100x100.jpg 100w, https:\/\/bunzyland.com\/wp-content\/uploads\/2024\/02\/jeu-a-grignoter-pour-lapin-600x600.jpg 600w, https:\/\/bunzyland.com\/wp-content\/uploads\/2024\/02\/jeu-a-grignoter-pour-lapin.jpg 1000w\" sizes=\"(max-width: 600px) 100vw, 600px\" \/><\/p>\n<p>Esta zanahoria para conejos no t\u00f3xica est\u00e1 tejida con hierbas secas naturales. As\u00ed que no hay ning\u00fan riesgo para tu mascota.<\/p>\n<ul>\n<li>Mantiene los dientes de tu conejo<\/li>\n<li>Combate el aburrimiento<\/li>\n<li>Juguete divertido para poner en la jaula del conejo<\/li>\n<li>Fibras naturales<\/li>\n<\/ul>\n<h3>Un juguete imprescindible para conejos<\/h3>\n<p>Nuestra <strong>zanahoria de paja para conejo<\/strong> es el juguete perfecto para conejos de todos los tama\u00f1os. Tu conejo pronto vendr\u00e1 a olfatear y a morderla. Este juguete para conejos es esencial porque ofrece una actividad sana y adecuada para satisfacer su necesidad natural de roer. Tu conejo se entretendr\u00e1 sin el riesgo de da\u00f1ar los muebles de tu casa.<\/p>\n<p><img decoding=\"async\" class=\"alignnone wp-image-10662\" src=\"https:\/\/www.bunzyland.com\/wp-content\/uploads\/2024\/02\/jeu-carotte-pour-lapin-300x300.jpg\" alt=\"Zanahoria de paja para conejo\" width=\"600\" height=\"600\" srcset=\"https:\/\/bunzyland.com\/wp-content\/uploads\/2024\/02\/jeu-carotte-pour-lapin-300x300.jpg 300w, https:\/\/bunzyland.com\/wp-content\/uploads\/2024\/02\/jeu-carotte-pour-lapin-150x150.jpg 150w, https:\/\/bunzyland.com\/wp-content\/uploads\/2024\/02\/jeu-carotte-pour-lapin-768x768.jpg 768w, https:\/\/bunzyland.com\/wp-content\/uploads\/2024\/02\/jeu-carotte-pour-lapin-990x990.jpg 990w, https:\/\/bunzyland.com\/wp-content\/uploads\/2024\/02\/jeu-carotte-pour-lapin-441x441.jpg 441w, https:\/\/bunzyland.com\/wp-content\/uploads\/2024\/02\/jeu-carotte-pour-lapin-100x100.jpg 100w, https:\/\/bunzyland.com\/wp-content\/uploads\/2024\/02\/jeu-carotte-pour-lapin-600x600.jpg 600w, https:\/\/bunzyland.com\/wp-content\/uploads\/2024\/02\/jeu-carotte-pour-lapin.jpg 1000w\" sizes=\"(max-width: 600px) 100vw, 600px\" \/><\/p>\n<p>Este <strong>bocado de zanahoria<\/strong> es una excelente manera de combatir el aburrimiento en los conejos. El aburrimiento puede causar a veces comportamientos destructivos, pero con este juguete estimulante, tu conejo encontrar\u00e1 una ocupaci\u00f3n divertida y gratificante. Es una opci\u00f3n perfecta para mantener a tu conejo activo y feliz.<\/p>\n<p><strong>Caracter\u00edsticas:<\/strong><\/p>\n<p>Materiales: hierba natural<br \/>\nTama\u00f1o: 20 x 4 cm<\/p>\n","protected":false},"excerpt":{"rendered":"<p>Bocados de zanahoria para conejos Tu conejo necesita mordisquear todos los d\u00edas para mantener una buena salud dental. Con la zanahoria de paja para conejo, tu peque\u00f1o podr\u00e1 morder un producto natural de buena calidad que mantendr\u00e1 sus dientes sanos. Esta zanahoria para conejos no t\u00f3xica est\u00e1 tejida con hierbas secas naturales. As\u00ed que no [&hellip;]<\/p>\n","protected":false},"featured_media":14848,"comment_status":"closed","ping_status":"closed","template":"","meta":{"_seopress_robots_primary_cat":"none","_seopress_titles_title":"","_seopress_titles_desc":"","_seopress_robots_index":""},"product_brand":[],"product_cat":[296,293,269,299],"product_tag":[],"class_list":{"0":"post-14845","1":"product","2":"type-product","3":"status-publish","4":"has-post-thumbnail","6":"product_cat-bunny-shop","7":"product_cat-juguete-morder","8":"product_cat-juguetes-conejos","9":"product_cat-offers","11":"first","12":"instock","13":"sale","14":"taxable","15":"shipping-taxable","16":"purchasable","17":"product-type-simple"},"_links":{"self":[{"href":"https:\/\/www.bunzyland.com\/es\/wp-json\/wp\/v2\/product\/14845","targetHints":{"allow":["GET"]}}],"collection":[{"href":"https:\/\/www.bunzyland.com\/es\/wp-json\/wp\/v2\/product"}],"about":[{"href":"https:\/\/www.bunzyland.com\/es\/wp-json\/wp\/v2\/types\/product"}],"replies":[{"embeddable":true,"href":"https:\/\/www.bunzyland.com\/es\/wp-json\/wp\/v2\/comments?post=14845"}],"wp:featuredmedia":[{"embeddable":true,"href":"https:\/\/www.bunzyland.com\/es\/wp-json\/wp\/v2\/media\/14848"}],"wp:attachment":[{"href":"https:\/\/www.bunzyland.com\/es\/wp-json\/wp\/v2\/media?parent=14845"}],"wp:term":[{"taxonomy":"product_brand","embeddable":true,"href":"https:\/\/www.bunzyland.com\/es\/wp-json\/wp\/v2\/product_brand?post=14845"},{"taxonomy":"product_cat","embeddable":true,"href":"https:\/\/www.bunzyland.com\/es\/wp-json\/wp\/v2\/product_cat?post=14845"},{"taxonomy":"product_tag","embeddable":true,"href":"https:\/\/www.bunzyland.com\/es\/wp-json\/wp\/v2\/product_tag?post=14845"}],"curies":[{"name":"wp","href":"https:\/\/api.w.org\/{rel}","templated":true}]}}