{"id":14853,"date":"2024-02-19T15:56:43","date_gmt":"2024-02-19T14:56:43","guid":{"rendered":"https:\/\/bunzyland.com\/product\/rabbit-collar\/"},"modified":"2025-12-08T07:08:50","modified_gmt":"2025-12-08T06:08:50","slug":"collarin-para-conejo","status":"publish","type":"product","link":"https:\/\/www.bunzyland.com\/es\/producto\/collarin-para-conejo\/","title":{"rendered":"Collar\u00edn para conejo"},"content":{"rendered":"<div class=\"detailmodule_html\" style=\"text-align: left\">\n<div class=\"detail-desc-decorate-richtext\">\n<div class=\"detailmodule_html\">\n<div class=\"detail-desc-decorate-richtext\">\n<div class=\"detailmodule_html\">\n<div class=\"detail-desc-decorate-richtext\">\n<div style=\"text-align: left\">\n<h2 style=\"margin: 0px\">Collar\u00edn para conejo: un accesorio despu\u00e9s de la cirug\u00eda<\/h2>\n<p>\u00bfTu conejo acaba de salir del veterinario y se est\u00e1 rascando donde no deber\u00eda? Este <strong>collar\u00edn para conejo<\/strong> cuenta con un sistema antirrasgu\u00f1os y evita que tu conejo se rasque. Su forro de felpa preserva su campo de visi\u00f3n en comparaci\u00f3n con un collar c\u00f3nico de pl\u00e1stico tradicional. Es un excelente <strong>accesorio para conejos<\/strong> y recambio cuando tu peque\u00f1o salga de una cirug\u00eda como la castraci\u00f3n.<\/p>\n<h2>Un accesorio f\u00e1cil de poner<\/h2>\n<p>\u00a1Solo tienes que insertar la cabeza de tu conejo en el centro del collar\u00edn, apretar ligeramente el cord\u00f3n y listo! El <strong>collar para conejo<\/strong> tiene el tama\u00f1o adecuado para adaptarse al cuello de un perro crestado y no requiere otros sujetadores que puedan lastimar a tu mascota. Este collar\u00edn de algod\u00f3n duradero est\u00e1 disponible en varios estilos y colores. Solo tienes que elegir el que mejor se adapte a tu peque\u00f1o y esponjoso conejo. El tama\u00f1o m\u00e1s adecuado para un conejo es un collar\u00edn con un tama\u00f1o de cuello de 19 cm \/ 7,48&#8243;.<\/p>\n<p><img fetchpriority=\"high\" decoding=\"async\" class=\"alignnone wp-image-12069\" src=\"https:\/\/mon-lapinnain.com\/wp-content\/uploads\/2021\/07\/collerette-lapin.jpg\" alt=\"collar\u00edn para conejo\" width=\"600\" height=\"600\" \/><\/p>\n<p><strong>\u00a0<\/strong><\/p>\n<p><strong>M\u00e1s detalles:<\/strong><\/p>\n<ul>\n<li>Tama\u00f1o ajustable: hasta 19 cm (circunferencia del cuello del conejo)<\/li>\n<li>Color: estampado de lim\u00f3n<\/li>\n<li>Adecuado para conejos enanos, belier enanos y conejos con una circunferencia de cuello de hasta 19 cm<\/li>\n<\/ul>\n<p><strong>\u00a0<\/strong><\/p>\n<p>Para garantizar el bienestar y la comodidad de tu conejo, explora nuestra amplia gama de <a href=\"https:\/\/www.bunzyland.com\/es\/accesorios-conejos\/\">accesorios para conejos<\/a>, adaptados a todas sus necesidades.<\/p>\n<\/div>\n<\/div>\n<\/div>\n<\/div>\n<\/div>\n<\/div>\n<\/div>\n","protected":false},"excerpt":{"rendered":"<ul>\n<li>Antirrasgu\u00f1os<\/li>\n<li>Mejor que el collar isabelino<\/li>\n<\/ul>\n","protected":false},"featured_media":14854,"comment_status":"closed","ping_status":"closed","template":"","meta":{"_seopress_robots_primary_cat":"none","_seopress_titles_title":"","_seopress_titles_desc":"The rabbit collar is practical during an operation. This rabbit accessory will prevent your rabbit from scratching or biting its wires.","_seopress_robots_index":""},"product_brand":[],"product_cat":[278,296],"product_tag":[],"class_list":{"0":"post-14853","1":"product","2":"type-product","3":"status-publish","4":"has-post-thumbnail","6":"product_cat-accesorios-conejos","7":"product_cat-bunny-shop","9":"first","10":"outofstock","11":"taxable","12":"shipping-taxable","13":"purchasable","14":"product-type-simple"},"_links":{"self":[{"href":"https:\/\/www.bunzyland.com\/es\/wp-json\/wp\/v2\/product\/14853","targetHints":{"allow":["GET"]}}],"collection":[{"href":"https:\/\/www.bunzyland.com\/es\/wp-json\/wp\/v2\/product"}],"about":[{"href":"https:\/\/www.bunzyland.com\/es\/wp-json\/wp\/v2\/types\/product"}],"replies":[{"embeddable":true,"href":"https:\/\/www.bunzyland.com\/es\/wp-json\/wp\/v2\/comments?post=14853"}],"wp:featuredmedia":[{"embeddable":true,"href":"https:\/\/www.bunzyland.com\/es\/wp-json\/wp\/v2\/media\/14854"}],"wp:attachment":[{"href":"https:\/\/www.bunzyland.com\/es\/wp-json\/wp\/v2\/media?parent=14853"}],"wp:term":[{"taxonomy":"product_brand","embeddable":true,"href":"https:\/\/www.bunzyland.com\/es\/wp-json\/wp\/v2\/product_brand?post=14853"},{"taxonomy":"product_cat","embeddable":true,"href":"https:\/\/www.bunzyland.com\/es\/wp-json\/wp\/v2\/product_cat?post=14853"},{"taxonomy":"product_tag","embeddable":true,"href":"https:\/\/www.bunzyland.com\/es\/wp-json\/wp\/v2\/product_tag?post=14853"}],"curies":[{"name":"wp","href":"https:\/\/api.w.org\/{rel}","templated":true}]}}