{"id":14862,"date":"2024-02-19T15:56:42","date_gmt":"2024-02-19T14:56:42","guid":{"rendered":"https:\/\/bunzyland.com\/product\/rabbit-bed-pompom\/"},"modified":"2025-10-06T16:54:48","modified_gmt":"2025-10-06T14:54:48","slug":"cama-para-conejo-con-pompon","status":"publish","type":"product","link":"https:\/\/www.bunzyland.com\/es\/producto\/cama-para-conejo-con-pompon\/","title":{"rendered":"Cama para conejo con pomp\u00f3n"},"content":{"rendered":"<h2>Una cama adorable para conejos<\/h2>\n<p>Esta<strong> cama para conejo<\/strong> con pomp\u00f3n es perfecta para conejitos a los que les encanta tumbarse sobre superficies suaves y mullidas. Descubre una suave y adorable <strong>cama para conejos<\/strong> con un irresistible pomp\u00f3n peque\u00f1o. Esta <strong>alfombra para conejos<\/strong> ofrecer\u00e1 a tu mascota un lugar donde descansar c\u00f3modamente.<\/p>\n<p><img fetchpriority=\"high\" decoding=\"async\" class=\"alignnone wp-image-5369\" src=\"https:\/\/mon-lapinnain.com\/wp-content\/uploads\/2021\/07\/lit-pour-lapin-nain.jpg\" alt=\"Cama para conejo blanca\" width=\"600\" height=\"600\" \/><\/p>\n<h2>La cama perfecta para conejos<\/h2>\n<p>Puedes colocar la <strong>cama para conejo<\/strong> en el recinto de tu mascota o en un lugar tranquilo de tu hogar. As\u00ed, podr\u00e1 descansar y relajarse siempre que quiera. Los conejitos adoran tumbarse en una cama c\u00f3moda. Esto proporcionar\u00e1 todo el confort que tu peque\u00f1o amigo necesita. Adem\u00e1s, mantendr\u00e1 sus patitas sanas y libres de pododermatitis.<\/p>\n<p><img decoding=\"async\" class=\"alignnone wp-image-16525\" src=\"https:\/\/mon-lapinnain.com\/wp-content\/uploads\/2021\/07\/lit-pour-lapin-douillet-blanc.png\" alt=\"Cama para conejo\" width=\"600\" height=\"600\" \/><\/p>\n<p>Dise\u00f1ada con amor, esta <strong>cama para conejo<\/strong> respeta la necesidad natural de tu conejo de descansar sobre algo suave y tranquilizador. Le ofrece un lugar seguro y una zona de confort donde puede relajarse plenamente, lejos del bullicio de tu hogar. Con esta <strong>cama para conejos<\/strong>, tu conejito disfrutar\u00e1 de horas de sue\u00f1o tranquilo y momentos de relax.<\/p>\n<p><img decoding=\"async\" class=\"alignnone\" src=\"https:\/\/cdn.shopify.com\/s\/files\/1\/0450\/8303\/3765\/files\/Coussin_pour_lapin_6b61ed1e-516d-4d98-9257-ffaec2557439_600x600.gif?v=1610990933\" alt=\"Cama para conejo\" width=\"328\" height=\"335\" \/><\/p>\n<p>M\u00e1s detalles:<br \/>\n<strong>Material:<\/strong> algod\u00f3n y felpa<br \/>\n<strong>Color:<\/strong> rosa o blanco<br \/>\n<strong>Tama\u00f1o<\/strong>: 40 x 25 cm<\/p>\n","protected":false},"excerpt":{"rendered":"<ul>\n<li>La mejor cama para conejos<\/li>\n<li>C\u00f3moda<\/li>\n<\/ul>\n","protected":false},"featured_media":14863,"comment_status":"closed","ping_status":"closed","template":"","meta":{"_seopress_robots_primary_cat":"none","_seopress_titles_title":"","_seopress_titles_desc":"Rabbit bed, the brand new bed designed especially for our dwarf rabbit friends. A comfortable mat adapted to their morphology.","_seopress_robots_index":""},"product_brand":[],"product_cat":[296,275],"product_tag":[],"class_list":{"0":"post-14862","1":"product","2":"type-product","3":"status-publish","4":"has-post-thumbnail","6":"product_cat-bunny-shop","7":"product_cat-camas-conejos","9":"first","10":"instock","11":"taxable","12":"shipping-taxable","13":"purchasable","14":"product-type-simple"},"_links":{"self":[{"href":"https:\/\/www.bunzyland.com\/es\/wp-json\/wp\/v2\/product\/14862","targetHints":{"allow":["GET"]}}],"collection":[{"href":"https:\/\/www.bunzyland.com\/es\/wp-json\/wp\/v2\/product"}],"about":[{"href":"https:\/\/www.bunzyland.com\/es\/wp-json\/wp\/v2\/types\/product"}],"replies":[{"embeddable":true,"href":"https:\/\/www.bunzyland.com\/es\/wp-json\/wp\/v2\/comments?post=14862"}],"wp:featuredmedia":[{"embeddable":true,"href":"https:\/\/www.bunzyland.com\/es\/wp-json\/wp\/v2\/media\/14863"}],"wp:attachment":[{"href":"https:\/\/www.bunzyland.com\/es\/wp-json\/wp\/v2\/media?parent=14862"}],"wp:term":[{"taxonomy":"product_brand","embeddable":true,"href":"https:\/\/www.bunzyland.com\/es\/wp-json\/wp\/v2\/product_brand?post=14862"},{"taxonomy":"product_cat","embeddable":true,"href":"https:\/\/www.bunzyland.com\/es\/wp-json\/wp\/v2\/product_cat?post=14862"},{"taxonomy":"product_tag","embeddable":true,"href":"https:\/\/www.bunzyland.com\/es\/wp-json\/wp\/v2\/product_tag?post=14862"}],"curies":[{"name":"wp","href":"https:\/\/api.w.org\/{rel}","templated":true}]}}