{"id":14876,"date":"2024-02-19T15:56:41","date_gmt":"2024-02-19T14:56:41","guid":{"rendered":"https:\/\/bunzyland.com\/product\/rabbit-enclosure\/"},"modified":"2025-10-06T16:54:48","modified_gmt":"2025-10-06T14:54:48","slug":"recinto-para-conejos","status":"publish","type":"product","link":"https:\/\/www.bunzyland.com\/es\/producto\/recinto-para-conejos\/","title":{"rendered":"Recinto para conejos"},"content":{"rendered":"<h2>El recinto para conejos ultra-pr\u00e1ctico<\/h2>\n<p>Este <strong>recinto para conejos<\/strong> es ideal para tu conejito, para que pueda moverse por tu hogar en semi-libertad y con total seguridad. El montaje de los 12 paneles es f\u00e1cil de instalar. Puedes crear un recinto adaptado a la comodidad de tu conejo. Los paneles son totalmente modulares, por lo que puedes a\u00f1adir un juego extra de paneles para crear un entorno m\u00e1s grande para tu conejo.<\/p>\n<p><img fetchpriority=\"high\" decoding=\"async\" class=\"alignnone wp-image-16144\" src=\"https:\/\/mon-lapinnain.com\/wp-content\/uploads\/2021\/07\/enclos-modulable-pour-lapin.png\" alt=\"Recinto para conejos\" width=\"600\" height=\"330\" \/><\/p>\n<h2>Un recinto para la seguridad de tu conejo enano<\/h2>\n<p>\u00bfOdias la idea de que tu conejo est\u00e9 encerrado en una jaula peque\u00f1a sin un \u00e1rea de juego segura? Este <strong>recinto para conejos<\/strong> le proporciona a tu mascota m\u00e1s espacio para moverse y jugar. Tu conejito estar\u00e1 seguro en su h\u00e1bitat y no correr\u00e1 el riesgo de ponerse en peligro mordiendo cables el\u00e9ctricos u ocasionando otros problemas. As\u00ed podr\u00e1s estar m\u00e1s tranquilo permiti\u00e9ndole vivir su vida de conejo.<\/p>\n<p><img decoding=\"async\" class=\"alignnone wp-image-16143\" src=\"https:\/\/mon-lapinnain.com\/wp-content\/uploads\/2021\/07\/enclos-modulable-lapin.png\" alt=\"Recinto para conejos\" width=\"600\" height=\"466\" \/><\/p>\n<p>Las rejillas est\u00e1n separadas por 1,5 cm, por lo que tu conejo no se caer\u00e1. Permanecer\u00e1 seguro dentro de su recinto sin riesgo de quedarse atascado.<\/p>\n<p><img decoding=\"async\" class=\"alignnone wp-image-16141\" src=\"https:\/\/mon-lapinnain.com\/wp-content\/uploads\/2021\/07\/enclos-lapin.png\" alt=\"parque para conejos\" width=\"600\" height=\"600\" \/><\/p>\n<h2>Ajustable y modular a tu gusto<\/h2>\n<p>Puedes utilizar varios juegos de paneles para aumentar el tama\u00f1o del recinto de tu conejo. Un panel cuadrado mide 35 cm, as\u00ed que solo tienes que calcular el n\u00famero de paneles que necesitas.<\/p>\n<p><strong>Caracter\u00edsticas<\/strong> :<br \/>\nModular<br \/>\nMateriales: Metal<br \/>\nTama\u00f1o del panel: L: 35cm x W: 35cm x H: 35 cm<br \/>\nJuegos: conjunto de 12 paneles<br \/>\nColor: Negro<br \/>\nContenido del paquete: Lote de 12 paneles, conectores<\/p>\n","protected":false},"excerpt":{"rendered":"<ul>\n<li>Recinto modular<\/li>\n<li>F\u00e1cil de montar<\/li>\n<li>Ideal para ampliar un parque<\/li>\n<\/ul>\n","protected":false},"featured_media":14877,"comment_status":"closed","ping_status":"closed","template":"","meta":{"_seopress_robots_primary_cat":"none","_seopress_titles_title":"","_seopress_titles_desc":"","_seopress_robots_index":""},"product_brand":[],"product_cat":[296,301],"product_tag":[],"class_list":{"0":"post-14876","1":"product","2":"type-product","3":"status-publish","4":"has-post-thumbnail","6":"product_cat-bunny-shop","7":"product_cat-recinto-conejos","8":"product_shipping_class-ne-passe-pas-en-mondial-relais","10":"first","11":"instock","12":"taxable","13":"shipping-taxable","14":"purchasable","15":"product-type-simple"},"_links":{"self":[{"href":"https:\/\/www.bunzyland.com\/es\/wp-json\/wp\/v2\/product\/14876","targetHints":{"allow":["GET"]}}],"collection":[{"href":"https:\/\/www.bunzyland.com\/es\/wp-json\/wp\/v2\/product"}],"about":[{"href":"https:\/\/www.bunzyland.com\/es\/wp-json\/wp\/v2\/types\/product"}],"replies":[{"embeddable":true,"href":"https:\/\/www.bunzyland.com\/es\/wp-json\/wp\/v2\/comments?post=14876"}],"wp:featuredmedia":[{"embeddable":true,"href":"https:\/\/www.bunzyland.com\/es\/wp-json\/wp\/v2\/media\/14877"}],"wp:attachment":[{"href":"https:\/\/www.bunzyland.com\/es\/wp-json\/wp\/v2\/media?parent=14876"}],"wp:term":[{"taxonomy":"product_brand","embeddable":true,"href":"https:\/\/www.bunzyland.com\/es\/wp-json\/wp\/v2\/product_brand?post=14876"},{"taxonomy":"product_cat","embeddable":true,"href":"https:\/\/www.bunzyland.com\/es\/wp-json\/wp\/v2\/product_cat?post=14876"},{"taxonomy":"product_tag","embeddable":true,"href":"https:\/\/www.bunzyland.com\/es\/wp-json\/wp\/v2\/product_tag?post=14876"}],"curies":[{"name":"wp","href":"https:\/\/api.w.org\/{rel}","templated":true}]}}