{"id":14886,"date":"2024-02-19T15:56:39","date_gmt":"2024-02-19T14:56:39","guid":{"rendered":"https:\/\/bunzyland.com\/product\/rabbit-carrot-toy\/"},"modified":"2025-10-06T16:54:49","modified_gmt":"2025-10-06T14:54:49","slug":"juguete-de-zanahoria-para-conejo","status":"publish","type":"product","link":"https:\/\/www.bunzyland.com\/es\/producto\/juguete-de-zanahoria-para-conejo\/","title":{"rendered":"Juguete de zanahoria para conejo"},"content":{"rendered":"<h2>Juguete de zanahoria para conejo: un juguete ideal para el cuidado dental<\/h2>\n<p>Tu conejito necesita roer para desgastar sus dientes, que s\u00f3lo se liman a lo largo de su vida. Con la alimentaci\u00f3n adecuada y algunos juguetes, tu conejo tendr\u00e1 los mejores dientes \ud83d\ude0b. Este <strong>juguete de zanahoria para conejo<\/strong> es un <strong>juguete para conejos<\/strong> que a tu peque\u00f1o amigo le encantar\u00e1 masticar \ud83d\ude0b.<\/p>\n<p>Con nuestro set de 3 zanahorias de rat\u00e1n, tu conejito podr\u00e1 morderlas y repartir sus peque\u00f1as porciones mientras se divierte. Tambi\u00e9n ayuda a combatir el aburrimiento en tu conejo enano favorito.<\/p>\n<ul>\n<li>combate el aburrimiento<\/li>\n<li>cuida los dientes<\/li>\n<li>variedad de zanahorias<\/li>\n<li>calidad<\/li>\n<\/ul>\n<p><strong>M\u00e1s detalles sobre estos juguetes para masticar para conejos:<br \/>\n<\/strong>Material: Rat\u00e1n<br \/>\nTama\u00f1o: 10 x 3 cm \/ 3,93&#8243; x 1,18&#8243;<br \/>\nContenido del paquete: 3 zanahorias de rat\u00e1n<\/p>\n","protected":false},"excerpt":{"rendered":"<ul>\n<li>Juguetes para masticar para conejos<\/li>\n<li>Salud dental<\/li>\n<\/ul>\n","protected":false},"featured_media":14887,"comment_status":"closed","ping_status":"closed","template":"","meta":{"_seopress_robots_primary_cat":"none","_seopress_titles_title":"","_seopress_titles_desc":"Rabbit carrot toy, a toy representing carrots in rattan so that your dwarf rabbit can make its teeth. It's a non-toxic rabbit chew toys.","_seopress_robots_index":""},"product_brand":[],"product_cat":[296,293,269,299],"product_tag":[],"class_list":{"0":"post-14886","1":"product","2":"type-product","3":"status-publish","4":"has-post-thumbnail","6":"product_cat-bunny-shop","7":"product_cat-juguete-morder","8":"product_cat-juguetes-conejos","9":"product_cat-offers","11":"first","12":"instock","13":"taxable","14":"shipping-taxable","15":"purchasable","16":"product-type-simple"},"_links":{"self":[{"href":"https:\/\/www.bunzyland.com\/es\/wp-json\/wp\/v2\/product\/14886","targetHints":{"allow":["GET"]}}],"collection":[{"href":"https:\/\/www.bunzyland.com\/es\/wp-json\/wp\/v2\/product"}],"about":[{"href":"https:\/\/www.bunzyland.com\/es\/wp-json\/wp\/v2\/types\/product"}],"replies":[{"embeddable":true,"href":"https:\/\/www.bunzyland.com\/es\/wp-json\/wp\/v2\/comments?post=14886"}],"wp:featuredmedia":[{"embeddable":true,"href":"https:\/\/www.bunzyland.com\/es\/wp-json\/wp\/v2\/media\/14887"}],"wp:attachment":[{"href":"https:\/\/www.bunzyland.com\/es\/wp-json\/wp\/v2\/media?parent=14886"}],"wp:term":[{"taxonomy":"product_brand","embeddable":true,"href":"https:\/\/www.bunzyland.com\/es\/wp-json\/wp\/v2\/product_brand?post=14886"},{"taxonomy":"product_cat","embeddable":true,"href":"https:\/\/www.bunzyland.com\/es\/wp-json\/wp\/v2\/product_cat?post=14886"},{"taxonomy":"product_tag","embeddable":true,"href":"https:\/\/www.bunzyland.com\/es\/wp-json\/wp\/v2\/product_tag?post=14886"}],"curies":[{"name":"wp","href":"https:\/\/api.w.org\/{rel}","templated":true}]}}