{"id":14894,"date":"2024-02-19T15:56:39","date_gmt":"2024-02-19T14:56:39","guid":{"rendered":"https:\/\/bunzyland.com\/product\/toy-for-rabbit-in-wood\/"},"modified":"2025-10-06T16:54:49","modified_gmt":"2025-10-06T14:54:49","slug":"juguete-de-madera-para-conejo","status":"publish","type":"product","link":"https:\/\/www.bunzyland.com\/es\/producto\/juguete-de-madera-para-conejo\/","title":{"rendered":"Juguete de madera para conejo"},"content":{"rendered":"<div class=\"detailmodule_html\">\n<h2 class=\"detail-desc-decorate-richtext\">Juguete de madera para conejo: lo imprescindible<\/h2>\n<p>Con este <strong>juguete de madera para conejo<\/strong>, tu peque\u00f1o animal puede jugar y divertirse mientras no est\u00e1s. Tu conejito puede sentirse muy solo cuando te vas si no tiene nada con qu\u00e9 entretenerse ni olvidar tu ausencia. Este <strong>juguete mordedor para conejo<\/strong> ser\u00e1 una gran incorporaci\u00f3n al entorno de tu conejo para mantenerlo entretenido.<\/p>\n<p>Este <strong>juguete de madera para conejo<\/strong> es perfecto para que tu mascota juegue cuando no est\u00e1s en casa. Consid\u00e9ralo una inversi\u00f3n para darle a tu peque\u00f1o amigo algo divertido que hacer mientras trabajas o realizas otras tareas durante el d\u00eda.<\/p>\n<p><img fetchpriority=\"high\" decoding=\"async\" class=\"alignnone\" src=\"https:\/\/monlapinnain.hellodr.tech\/wp-content\/uploads\/sites\/532\/2021\/02\/Jouet-en-bois-pour-lapin_600x600.jpg?v=1608396584\" alt=\"Juguete de madera para conejo\" width=\"600\" height=\"600\" \/><\/p>\n<p>A tu mascota le encantar\u00e1 agitar este maravilloso <strong>juguete para conejo<\/strong>, ya que las campanitas en su interior despertar\u00e1n su curiosidad. A tu mascota tambi\u00e9n le encantar\u00e1 morder este peque\u00f1o juguete, lo cual ser\u00e1 ideal para desgastar sus dientes. Es importante que tu conejo mantenga sus dientes todos los d\u00edas comiendo heno y mordisqueando diferentes objetos. Este <strong>juguete mordedor de madera para conejo<\/strong> es perfecto para satisfacer el deseo de morder de tu conejo. Tus sillas y puertas estar\u00e1n a salvo con este mordedor.<\/p>\n<p><strong>M\u00e1s detalles sobre este juguete:<\/strong><\/p>\n<p>Material: Madera, metal<br \/>\nTama\u00f1o: 7 x 5 cm \/ 2,75&#8243; x 1,96&#8243;<\/p>\n<\/div>\n","protected":false},"excerpt":{"rendered":"<ul>\n<li>Juguete para conejo<\/li>\n<li>Contra el aburrimiento<\/li>\n<\/ul>\n","protected":false},"featured_media":14895,"comment_status":"closed","ping_status":"closed","template":"","meta":{"_seopress_robots_primary_cat":"none","_seopress_titles_title":"","_seopress_titles_desc":"Toy for rabbit in wood, a natural toy for your pet to play with. Wooden product that your rabbit can chew on! Best rabbit toy","_seopress_robots_index":""},"product_brand":[],"product_cat":[296,293,269,299],"product_tag":[],"class_list":{"0":"post-14894","1":"product","2":"type-product","3":"status-publish","4":"has-post-thumbnail","6":"product_cat-bunny-shop","7":"product_cat-juguete-morder","8":"product_cat-juguetes-conejos","9":"product_cat-offers","11":"first","12":"instock","13":"taxable","14":"shipping-taxable","15":"purchasable","16":"product-type-simple"},"_links":{"self":[{"href":"https:\/\/www.bunzyland.com\/es\/wp-json\/wp\/v2\/product\/14894","targetHints":{"allow":["GET"]}}],"collection":[{"href":"https:\/\/www.bunzyland.com\/es\/wp-json\/wp\/v2\/product"}],"about":[{"href":"https:\/\/www.bunzyland.com\/es\/wp-json\/wp\/v2\/types\/product"}],"replies":[{"embeddable":true,"href":"https:\/\/www.bunzyland.com\/es\/wp-json\/wp\/v2\/comments?post=14894"}],"wp:featuredmedia":[{"embeddable":true,"href":"https:\/\/www.bunzyland.com\/es\/wp-json\/wp\/v2\/media\/14895"}],"wp:attachment":[{"href":"https:\/\/www.bunzyland.com\/es\/wp-json\/wp\/v2\/media?parent=14894"}],"wp:term":[{"taxonomy":"product_brand","embeddable":true,"href":"https:\/\/www.bunzyland.com\/es\/wp-json\/wp\/v2\/product_brand?post=14894"},{"taxonomy":"product_cat","embeddable":true,"href":"https:\/\/www.bunzyland.com\/es\/wp-json\/wp\/v2\/product_cat?post=14894"},{"taxonomy":"product_tag","embeddable":true,"href":"https:\/\/www.bunzyland.com\/es\/wp-json\/wp\/v2\/product_tag?post=14894"}],"curies":[{"name":"wp","href":"https:\/\/api.w.org\/{rel}","templated":true}]}}