{"id":14905,"date":"2024-02-19T15:56:39","date_gmt":"2024-02-19T14:56:39","guid":{"rendered":"https:\/\/bunzyland.com\/product\/treats-ball-rabbit-toy\/"},"modified":"2025-10-06T16:54:49","modified_gmt":"2025-10-06T14:54:49","slug":"pelota-de-premios-juguete-para-conejo","status":"publish","type":"product","link":"https:\/\/www.bunzyland.com\/es\/producto\/pelota-de-premios-juguete-para-conejo\/","title":{"rendered":"Pelota de premios | Juguete para conejo"},"content":{"rendered":"<h2>Una pelota de premios para tu conejo, dise\u00f1ada especialmente para \u00e9l<\/h2>\n<p>La <strong>pelota de premios<\/strong> \u00abBunzyland\u00bb es una revoluci\u00f3n en el mundo del <strong>juego para conejos<\/strong>. Especialmente dise\u00f1ada para despertar la curiosidad de tu conejo, esta bola no es solo un juguete, es una aventura en s\u00ed misma. Introduce las golosinas favoritas de tu conejo en su interior. Observa c\u00f3mo tu conejito se convierte en un peque\u00f1o explorador, decidido a liberar esos codiciados premios. Estimulaci\u00f3n mental y f\u00edsica, incluso cuando no est\u00e1s en casa.<\/p>\n<p><img fetchpriority=\"high\" decoding=\"async\" class=\"alignnone\" src=\"https:\/\/cdn.shopify.com\/s\/files\/1\/0450\/8303\/3765\/files\/Balle_friandise_lapin_600x600.gif?v=1608291820\" alt=\"juego de pelota de premios para conejo\" width=\"350\" height=\"350\" \/><\/p>\n<h3>Un juguete para conejo que mejora su calidad de vida<\/h3>\n<p>Con un di\u00e1metro de 7.5 cm, esta <strong>Pelota Sabrosa<\/strong> es del tama\u00f1o ideal para que tu conejo la empuje y haga rodar f\u00e1cilmente.<\/p>\n<p><img decoding=\"async\" class=\"alignnone wp-image-16486\" src=\"https:\/\/mon-lapinnain.com\/wp-content\/uploads\/2021\/07\/jouet-pour-lapin-balle-friandise-bleu.png\" alt=\"pelota de juguete para conejo-azul\" width=\"600\" height=\"600\" \/><\/p>\n<p>Este peque\u00f1o <strong>juego para conejos<\/strong> ayuda a mantener a tu conejito sano. Cada intento por alcanzar los premios es una sesi\u00f3n de ejercicio disfrazada, ayudando a mantener a tu conejo en forma. Adem\u00e1s, este juguete ayuda a prevenir el aburrimiento y el estr\u00e9s, dos enemigos de la salud emocional de tu conejo.<\/p>\n<p><img decoding=\"async\" class=\"alignnone wp-image-16487\" src=\"https:\/\/mon-lapinnain.com\/wp-content\/uploads\/2021\/07\/jouet-pour-lapin-balle-friandise.png\" alt=\"pelota de juguete para conejo con premio\" width=\"600\" height=\"600\" \/><\/p>\n<p>Esta <strong>Pelota de premios<\/strong> es el regalo perfecto para tu mascota. Enriquece su vida diaria, manteni\u00e9ndolo activo, feliz y saludable. Dale a tu conejo una fuente inagotable de felicidad con esta bola m\u00e1gica y \u00a1disfruta vi\u00e9ndolo saltar de alegr\u00eda!<\/p>\n<p><strong>Caracter\u00edsticas:<\/strong><\/p>\n<p><strong>Color:<\/strong> 2 colores diferentes (Azul, Amarillo)<br \/>\n<strong>Tama\u00f1o:<\/strong> 7,5 cm (di\u00e1metro)<\/p>\n<p>Para a\u00fan m\u00e1s diversi\u00f3n para tu amigo peludo, descubre nuestra selecci\u00f3n de <a href=\"https:\/\/www.bunzyland.com\/es\/juguetes-conejos\/\">juguetes para conejos<\/a> especialmente dise\u00f1ados para su bienestar y disfrute.<\/p>\n","protected":false},"excerpt":{"rendered":"<p>Una pelota de premios para tu conejo, dise\u00f1ada especialmente para \u00e9l La pelota de premios \u00abBunzyland\u00bb es una revoluci\u00f3n en el mundo del juego para conejos. Especialmente dise\u00f1ada para despertar la curiosidad de tu conejo, esta bola no es solo un juguete, es una aventura en s\u00ed misma. Introduce las golosinas favoritas de tu conejo [&hellip;]<\/p>\n","protected":false},"featured_media":14906,"comment_status":"closed","ping_status":"closed","template":"","meta":{"_seopress_robots_primary_cat":"none","_seopress_titles_title":"","_seopress_titles_desc":"Rabbit treat ball, a popular toy for rabbits. It keeps them entertained and stimulates their intelligence through play.","_seopress_robots_index":""},"product_brand":[],"product_cat":[296,269,299],"product_tag":[],"class_list":{"0":"post-14905","1":"product","2":"type-product","3":"status-publish","4":"has-post-thumbnail","6":"product_cat-bunny-shop","7":"product_cat-juguetes-conejos","8":"product_cat-offers","10":"first","11":"outofstock","12":"sale","13":"taxable","14":"shipping-taxable","15":"purchasable","16":"product-type-variable","17":"has-default-attributes"},"_links":{"self":[{"href":"https:\/\/www.bunzyland.com\/es\/wp-json\/wp\/v2\/product\/14905","targetHints":{"allow":["GET"]}}],"collection":[{"href":"https:\/\/www.bunzyland.com\/es\/wp-json\/wp\/v2\/product"}],"about":[{"href":"https:\/\/www.bunzyland.com\/es\/wp-json\/wp\/v2\/types\/product"}],"replies":[{"embeddable":true,"href":"https:\/\/www.bunzyland.com\/es\/wp-json\/wp\/v2\/comments?post=14905"}],"wp:featuredmedia":[{"embeddable":true,"href":"https:\/\/www.bunzyland.com\/es\/wp-json\/wp\/v2\/media\/14906"}],"wp:attachment":[{"href":"https:\/\/www.bunzyland.com\/es\/wp-json\/wp\/v2\/media?parent=14905"}],"wp:term":[{"taxonomy":"product_brand","embeddable":true,"href":"https:\/\/www.bunzyland.com\/es\/wp-json\/wp\/v2\/product_brand?post=14905"},{"taxonomy":"product_cat","embeddable":true,"href":"https:\/\/www.bunzyland.com\/es\/wp-json\/wp\/v2\/product_cat?post=14905"},{"taxonomy":"product_tag","embeddable":true,"href":"https:\/\/www.bunzyland.com\/es\/wp-json\/wp\/v2\/product_tag?post=14905"}],"curies":[{"name":"wp","href":"https:\/\/api.w.org\/{rel}","templated":true}]}}