{"id":14916,"date":"2024-02-19T15:56:38","date_gmt":"2024-02-19T14:56:38","guid":{"rendered":"https:\/\/bunzyland.com\/product\/rabbit-rope-set\/"},"modified":"2025-10-06T16:54:49","modified_gmt":"2025-10-06T14:54:49","slug":"set-de-cuerda-para-conejos","status":"publish","type":"product","link":"https:\/\/www.bunzyland.com\/es\/producto\/set-de-cuerda-para-conejos\/","title":{"rendered":"Set de Cuerda para Conejos"},"content":{"rendered":"<h2>Este juguete de madera y cuerda seguramente encantar\u00e1 a tu conejo.<\/h2>\n<p>Nuestros conejos adoran explorar y masticar, y nuestro <strong>Set de Cuerda para Conejos<\/strong> est\u00e1 dise\u00f1ado para incentivar estos comportamientos naturales. Con unas dimensiones pr\u00e1cticas de 3x3x20 cm, este juguete es perfecto para conejos de todos los tama\u00f1os. \ud83d\udc30\ud83c\udf89<\/p>\n<p>Esta atractiva cuerda para juego se combina con bloques de madera resistentes para proporcionar a tu conejo horas de masticaci\u00f3n y diversi\u00f3n. Adem\u00e1s de satisfacer el instinto de <strong>roer de tu conejo<\/strong>, este <strong>juguete para conejos<\/strong> ayuda a mantener una buena higiene dental, siendo lo suficientemente suave para ser seguro con sus peque\u00f1os dientes. \ud83e\uddb7\ud83c\udf3f<\/p>\n<h3>Un juego para estimular a tu conejo<\/h3>\n<p>La mezcla de texturas entre la cuerda suave y los bloques de madera ofrece una experiencia de juego variada que cautivar\u00e1 la atenci\u00f3n de tu conejo. Esta <strong>actividad<\/strong> con el <strong>Set de Cuerda para Conejos<\/strong> puede ayudar a prevenir el aburrimiento y estimular la inteligencia de tu mascota, manteni\u00e9ndolo activo y feliz. \ud83d\udca1\u2728<\/p>\n<p>F\u00e1cil de instalar en el corral o \u00e1rea de juegos de tu conejo, este juguete para roer puede utilizarse para fomentar el movimiento y el ejercicio, contribuyendo a su salud general. Los bloques de madera a\u00f1aden un extra de desaf\u00edo, animando a tu conejo a usar sus patas y boca para descubrir diferentes formas de jugar.<\/p>\n<p><strong>Caracter\u00edsticas:<\/strong><\/p>\n<p>Materiales: madera, cuerda<br \/>\nDimensiones: 20 cm x 3 cm<\/p>\n","protected":false},"excerpt":{"rendered":"<p>Este juguete de madera y cuerda seguramente encantar\u00e1 a tu conejo. Nuestros conejos adoran explorar y masticar, y nuestro Set de Cuerda para Conejos est\u00e1 dise\u00f1ado para incentivar estos comportamientos naturales. Con unas dimensiones pr\u00e1cticas de 3x3x20 cm, este juguete es perfecto para conejos de todos los tama\u00f1os. \ud83d\udc30\ud83c\udf89 Esta atractiva cuerda para juego se [&hellip;]<\/p>\n","protected":false},"featured_media":14918,"comment_status":"closed","ping_status":"closed","template":"","meta":{"_seopress_robots_primary_cat":"none","_seopress_titles_title":"","_seopress_titles_desc":"","_seopress_robots_index":""},"product_brand":[],"product_cat":[296,293,269,299],"product_tag":[],"class_list":{"0":"post-14916","1":"product","2":"type-product","3":"status-publish","4":"has-post-thumbnail","6":"product_cat-bunny-shop","7":"product_cat-juguete-morder","8":"product_cat-juguetes-conejos","9":"product_cat-offers","11":"first","12":"instock","13":"taxable","14":"shipping-taxable","15":"purchasable","16":"product-type-simple"},"_links":{"self":[{"href":"https:\/\/www.bunzyland.com\/es\/wp-json\/wp\/v2\/product\/14916","targetHints":{"allow":["GET"]}}],"collection":[{"href":"https:\/\/www.bunzyland.com\/es\/wp-json\/wp\/v2\/product"}],"about":[{"href":"https:\/\/www.bunzyland.com\/es\/wp-json\/wp\/v2\/types\/product"}],"replies":[{"embeddable":true,"href":"https:\/\/www.bunzyland.com\/es\/wp-json\/wp\/v2\/comments?post=14916"}],"wp:featuredmedia":[{"embeddable":true,"href":"https:\/\/www.bunzyland.com\/es\/wp-json\/wp\/v2\/media\/14918"}],"wp:attachment":[{"href":"https:\/\/www.bunzyland.com\/es\/wp-json\/wp\/v2\/media?parent=14916"}],"wp:term":[{"taxonomy":"product_brand","embeddable":true,"href":"https:\/\/www.bunzyland.com\/es\/wp-json\/wp\/v2\/product_brand?post=14916"},{"taxonomy":"product_cat","embeddable":true,"href":"https:\/\/www.bunzyland.com\/es\/wp-json\/wp\/v2\/product_cat?post=14916"},{"taxonomy":"product_tag","embeddable":true,"href":"https:\/\/www.bunzyland.com\/es\/wp-json\/wp\/v2\/product_tag?post=14916"}],"curies":[{"name":"wp","href":"https:\/\/api.w.org\/{rel}","templated":true}]}}