{"id":14924,"date":"2024-02-19T15:56:37","date_gmt":"2024-02-19T14:56:37","guid":{"rendered":"https:\/\/bunzyland.com\/product\/rabbit-carrier-bag\/"},"modified":"2025-10-06T16:54:50","modified_gmt":"2025-10-06T14:54:50","slug":"bolso-transportador-para-conejos","status":"publish","type":"product","link":"https:\/\/www.bunzyland.com\/es\/producto\/bolso-transportador-para-conejos\/","title":{"rendered":"Bolso transportador para conejos"},"content":{"rendered":"<h2>La bolsa adecuada para conejos enanos<\/h2>\n<p>La <strong>bolsa transportadora para conejos<\/strong> \u00abBunzyland\u00bb es perfecta para llevar a tu amigo peludo de viaje o al veterinario. <strong>El tama\u00f1o de la bolsa est\u00e1 perfectamente adaptado<\/strong> al tama\u00f1o de tu conejo. Se sentir\u00e1 seguro y c\u00f3modo dentro.<\/p>\n<p><img fetchpriority=\"high\" decoding=\"async\" class=\"alignnone\" src=\"https:\/\/monlapinnain.hellodr.tech\/wp-content\/uploads\/sites\/532\/2021\/02\/Sac-de-transport-lapin-mon-lapin-nain_600x600.jpg?v=1609232994\" alt=\"Bolsa de transporte para conejos\" width=\"347\" height=\"600\" \/><\/p>\n<h2>Una bolsa aireada y transpirable para conejos<\/h2>\n<p>Esta <strong>bolsa para conejos<\/strong> est\u00e1 dise\u00f1ada con materiales transpirables que permiten el paso del aire a trav\u00e9s de la bolsa. As\u00ed, tu conejo no pasar\u00e1 demasiado calor y podr\u00e1 respirar normalmente.<\/p>\n<h3>Transporte c\u00f3modo<\/h3>\n<p>Esta <strong>bolsa transportadora para conejos<\/strong> tiene un coj\u00edn en su interior. Para mayor confort y para evitar que tu conejo se deslice durante el viaje, la bolsa con su peque\u00f1o coj\u00edn ser\u00e1 perfecta para \u00e9l. <strong>Suave y lavable<\/strong>, el coj\u00edn es un verdadero plus en esta bolsa.<\/p>\n<p><img decoding=\"async\" class=\"alignnone\" src=\"https:\/\/monlapinnain.hellodr.tech\/wp-content\/uploads\/sites\/532\/2021\/02\/Sac-de-transport-lapin-nain_600x600.jpg?v=1609233305\" alt=\"bolso transportador para conejos\" width=\"451\" height=\"600\" \/><\/p>\n<p><strong>Caracter\u00edsticas :<\/strong><\/p>\n<p><strong>Materiales :<\/strong> Tela y malla<br \/>\n<strong>Tama\u00f1o :<\/strong> Ancho 42cm x Largo 20cm x Alto 26cm<br \/>\n<strong>Color :<\/strong> Azul<br \/>\n<strong>Contenido del paquete :<\/strong> Bolsa + Coj\u00edn<\/p>\n<p>Para que viajar con tu mascota sea m\u00e1s f\u00e1cil, seguro y c\u00f3modo, descubre nuestra gama de <a href=\"https:\/\/www.bunzyland.com\/es\/transportin-conejos\/\">bolsas transportadoras para conejos<\/a>, dise\u00f1adas para viajar sin preocupaciones.<\/p>\n","protected":false},"excerpt":{"rendered":"<p>La bolsa adecuada para conejos enanos La bolsa transportadora para conejos \u00abBunzyland\u00bb es perfecta para llevar a tu amigo peludo de viaje o al veterinario. El tama\u00f1o de la bolsa est\u00e1 perfectamente adaptado al tama\u00f1o de tu conejo. Se sentir\u00e1 seguro y c\u00f3modo dentro. Una bolsa aireada y transpirable para conejos Esta bolsa para conejos [&hellip;]<\/p>\n","protected":false},"featured_media":14925,"comment_status":"closed","ping_status":"closed","template":"","meta":{"_seopress_robots_primary_cat":"none","_seopress_titles_title":"","_seopress_titles_desc":"Rabbit carrier bag, an essential accessory for transporting your rabbitou when traveling or visiting the vet.","_seopress_robots_index":""},"product_brand":[],"product_cat":[278,296,307],"product_tag":[],"class_list":{"0":"post-14924","1":"product","2":"type-product","3":"status-publish","4":"has-post-thumbnail","6":"product_cat-accesorios-conejos","7":"product_cat-bunny-shop","8":"product_cat-transportin-conejos","10":"first","11":"instock","12":"taxable","13":"shipping-taxable","14":"purchasable","15":"product-type-simple"},"_links":{"self":[{"href":"https:\/\/www.bunzyland.com\/es\/wp-json\/wp\/v2\/product\/14924","targetHints":{"allow":["GET"]}}],"collection":[{"href":"https:\/\/www.bunzyland.com\/es\/wp-json\/wp\/v2\/product"}],"about":[{"href":"https:\/\/www.bunzyland.com\/es\/wp-json\/wp\/v2\/types\/product"}],"replies":[{"embeddable":true,"href":"https:\/\/www.bunzyland.com\/es\/wp-json\/wp\/v2\/comments?post=14924"}],"wp:featuredmedia":[{"embeddable":true,"href":"https:\/\/www.bunzyland.com\/es\/wp-json\/wp\/v2\/media\/14925"}],"wp:attachment":[{"href":"https:\/\/www.bunzyland.com\/es\/wp-json\/wp\/v2\/media?parent=14924"}],"wp:term":[{"taxonomy":"product_brand","embeddable":true,"href":"https:\/\/www.bunzyland.com\/es\/wp-json\/wp\/v2\/product_brand?post=14924"},{"taxonomy":"product_cat","embeddable":true,"href":"https:\/\/www.bunzyland.com\/es\/wp-json\/wp\/v2\/product_cat?post=14924"},{"taxonomy":"product_tag","embeddable":true,"href":"https:\/\/www.bunzyland.com\/es\/wp-json\/wp\/v2\/product_tag?post=14924"}],"curies":[{"name":"wp","href":"https:\/\/api.w.org\/{rel}","templated":true}]}}