{"id":14936,"date":"2024-02-19T15:56:34","date_gmt":"2024-02-19T14:56:34","guid":{"rendered":"https:\/\/bunzyland.com\/product\/rabbit-tunnel-grey\/"},"modified":"2025-10-06T16:54:50","modified_gmt":"2025-10-06T14:54:50","slug":"tunel-para-conejos-gris","status":"publish","type":"product","link":"https:\/\/www.bunzyland.com\/es\/producto\/tunel-para-conejos-gris\/","title":{"rendered":"T\u00fanel para conejos gris"},"content":{"rendered":"<div class=\"detail-desc-decorate-richtext\" style=\"text-align: start\">\n<h2>\u00a1El t\u00fanel gris para tu conejito!<\/h2>\n<p>El T\u00fanel Gris para Conejos de BunZyland es el juguete perfecto para tu amigo peludo. \u00bfA tu conejo le gusta esconderse en lugares insospechados? \u00a1Es totalmente natural! A los conejos les gusta sentirse tan seguros como en una madriguera.<\/p>\n<p><img fetchpriority=\"high\" decoding=\"async\" class=\"alignnone wp-image-6658\" src=\"https:\/\/mon-lapinnain.com\/wp-content\/uploads\/2021\/07\/tunnel-gris-pour-lapin-jeu-mon-lapin-nain.jpg\" alt=\"t\u00fanel para conejos\" width=\"600\" height=\"600\" \/><\/p>\n<p>Este t\u00fanel para conejos le dar\u00e1 a tu conejito una sensaci\u00f3n de seguridad y bienestar. Las diferentes entradas y salidas de este t\u00fanel son un aut\u00e9ntico parque de juegos para tu peludo. Es el accesorio esencial para un conejo feliz y realizado.<\/p>\n<p><img decoding=\"async\" class=\"alignnone wp-image-16547\" src=\"https:\/\/mon-lapinnain.com\/wp-content\/uploads\/2021\/07\/tunnel-gris-pour-lapin.png\" alt=\"t\u00fanel gris para conejos\" width=\"600\" height=\"600\" \/><\/p>\n<p>Este <strong>t\u00fanel<\/strong> es el <strong>juguete<\/strong> perfecto para tu peque\u00f1o compa\u00f1ero. A tu conejito le encantar\u00e1 tener un nuevo lugar para jugar y esconderse. Tambi\u00e9n puede utilizarse como zona de descanso, as\u00ed que tendr\u00e1 un lugar c\u00f3modo para dormir mientras se divierte.<\/p>\n<h3>Un juguete imprescindible para conejos<\/h3>\n<p><img decoding=\"async\" class=\"alignnone wp-image-16548\" src=\"https:\/\/mon-lapinnain.com\/wp-content\/uploads\/2021\/07\/tunnel-pour-lapin-long.png\" alt=\"t\u00fanel largo para conejos\" width=\"600\" height=\"600\" \/><\/p>\n<p>Este <strong>sistema de t\u00faneles para conejos<\/strong> est\u00e1 disponible en dos tama\u00f1os diferentes: el peque\u00f1o mide 67 cm \/ 26,3&#8243; de largo y el grande mide 1,30 m \/ 51,1&#8243; de largo. Est\u00e1 hecho de materiales resistentes y de alta calidad, y es f\u00e1cil de mantener. A tu conejito le encantar\u00e1 asomar su cabecita por los diferentes agujeros del <strong>t\u00fanel para conejos<\/strong>. \u00a1Los juegos de esconder y buscar no tienen fin!<\/p>\n<p><img loading=\"lazy\" decoding=\"async\" class=\"alignnone wp-image-16545\" src=\"https:\/\/mon-lapinnain.com\/wp-content\/uploads\/2021\/07\/tunnel-pour-lapin-pratique.png\" alt=\"t\u00fanel pr\u00e1ctico para conejos\" width=\"600\" height=\"600\" \/><\/p>\n<div class=\"detail-desc-decorate-richtext\" style=\"text-align: start\">\n<p><strong>M\u00e1s detalles:<\/strong><\/p>\n<\/div>\n<div class=\"detail-desc-decorate-richtext\"><strong>Tama\u00f1os: <\/strong><\/div>\n<div class=\"detail-desc-decorate-richtext\">67 x 30 cm \/ 26,3&#8243; x 11,8&#8243;<br \/>\n<span style=\"font-size: revert;color: initial;font-family: var(--wp--preset--font-family--primary)\">o<br \/>\n130 x 30 cm \/ 51,1&#8243; x 11,8&#8243;<\/span><\/div>\n<div class=\"detail-desc-decorate-richtext\">\n<p><strong>Materiales:<\/strong> Tela de algod\u00f3n<\/p>\n<p><strong>Colores:<\/strong> gris<\/p>\n<\/div>\n<\/div>\n","protected":false},"excerpt":{"rendered":"<p>\u00a1El t\u00fanel gris para tu conejito! El T\u00fanel Gris para Conejos de BunZyland es el juguete perfecto para tu amigo peludo. \u00bfA tu conejo le gusta esconderse en lugares insospechados? \u00a1Es totalmente natural! A los conejos les gusta sentirse tan seguros como en una madriguera. Este t\u00fanel para conejos le dar\u00e1 a tu conejito una [&hellip;]<\/p>\n","protected":false},"featured_media":14937,"comment_status":"closed","ping_status":"closed","template":"","meta":{"_seopress_robots_primary_cat":"none","_seopress_titles_title":"","_seopress_titles_desc":"Rabbit tunnel grey, this accessory will be a perfect toy for rabbit. His underground just for him, a toy he will love! Best rabbit toy !","_seopress_robots_index":""},"product_brand":[],"product_cat":[296,269,285],"product_tag":[],"class_list":{"0":"post-14936","1":"product","2":"type-product","3":"status-publish","4":"has-post-thumbnail","6":"product_cat-bunny-shop","7":"product_cat-juguetes-conejos","8":"product_cat-tunel-conejos","10":"first","11":"instock","12":"taxable","13":"shipping-taxable","14":"purchasable","15":"product-type-variable","16":"has-default-attributes"},"_links":{"self":[{"href":"https:\/\/www.bunzyland.com\/es\/wp-json\/wp\/v2\/product\/14936","targetHints":{"allow":["GET"]}}],"collection":[{"href":"https:\/\/www.bunzyland.com\/es\/wp-json\/wp\/v2\/product"}],"about":[{"href":"https:\/\/www.bunzyland.com\/es\/wp-json\/wp\/v2\/types\/product"}],"replies":[{"embeddable":true,"href":"https:\/\/www.bunzyland.com\/es\/wp-json\/wp\/v2\/comments?post=14936"}],"wp:featuredmedia":[{"embeddable":true,"href":"https:\/\/www.bunzyland.com\/es\/wp-json\/wp\/v2\/media\/14937"}],"wp:attachment":[{"href":"https:\/\/www.bunzyland.com\/es\/wp-json\/wp\/v2\/media?parent=14936"}],"wp:term":[{"taxonomy":"product_brand","embeddable":true,"href":"https:\/\/www.bunzyland.com\/es\/wp-json\/wp\/v2\/product_brand?post=14936"},{"taxonomy":"product_cat","embeddable":true,"href":"https:\/\/www.bunzyland.com\/es\/wp-json\/wp\/v2\/product_cat?post=14936"},{"taxonomy":"product_tag","embeddable":true,"href":"https:\/\/www.bunzyland.com\/es\/wp-json\/wp\/v2\/product_tag?post=14936"}],"curies":[{"name":"wp","href":"https:\/\/api.w.org\/{rel}","templated":true}]}}