{"id":14959,"date":"2024-02-19T15:56:33","date_gmt":"2024-02-19T14:56:33","guid":{"rendered":"https:\/\/bunzyland.com\/product\/xxl-rabbit-enclosure\/"},"modified":"2026-03-04T06:06:54","modified_gmt":"2026-03-04T05:06:54","slug":"recinto-para-conejos-xxl","status":"publish","type":"product","link":"https:\/\/www.bunzyland.com\/es\/producto\/recinto-para-conejos-xxl\/","title":{"rendered":"Recinto para conejos XXL"},"content":{"rendered":"<div class=\"detailmodule_html\">\n<div class=\"detail-desc-decorate-richtext\">\n<div class=\"custom-tempate-content\">\n<h2>El recinto para conejos XXL: La soluci\u00f3n ideal<\/h2>\n<p>Un conejo feliz es aquel que prospera en su entorno. Tu conejo necesita espacio para correr, jugar y vivir su vida de conejo con total seguridad. El <strong>recinto para conejos XXL<\/strong> es la soluci\u00f3n ideal para una calidad de vida digna de ese nombre. Este <strong>recinto modular<\/strong> se puede montar f\u00e1cilmente en dos niveles, o en un solo nivel para un parque para conejos a\u00fan m\u00e1s grande. Este recinto interior tambi\u00e9n es adecuado para varios conejos.<\/p>\n<p><img fetchpriority=\"high\" decoding=\"async\" class=\"alignnone wp-image-16756\" src=\"https:\/\/mon-lapinnain.com\/wp-content\/uploads\/2021\/07\/enclos-pour-lapin-modulable-XL.jpg\" alt=\"Recinto para conejos XXL\" width=\"600\" height=\"600\" \/><\/p>\n<p>\u00a1Tu conejo no tiene que vivir en una jaula! El conejo es un animal que necesita bastante espacio, contrariamente a la creencia popular.<\/p>\n<h2><img decoding=\"async\" class=\"alignnone wp-image-16755\" src=\"https:\/\/mon-lapinnain.com\/wp-content\/uploads\/2021\/07\/enclos-lapin-xxl-grand.jpg\" alt=\"Recinto para conejos\" width=\"600\" height=\"600\" \/><\/h2>\n<\/div>\n<h2><\/h2>\n<div class=\"custom-tempate-content\">\n<h2>El recinto para conejos f\u00e1cil de montar<\/h2>\n<p>El <strong>recinto para conejos XXL<\/strong> est\u00e1 compuesto por 36 paneles. El montaje es f\u00e1cil y divertido, gracias a los conectores suministrados. Tambi\u00e9n puedes a\u00f1adir una alfombra de c\u00e1\u00f1amo para que tu conejo disfrute del segundo piso del recinto. Tambi\u00e9n puedes a\u00f1adir accesorios y una casa para conejos para que tu conejo pueda esconderse y descansar en paz.<\/p>\n<p><strong>Caracter\u00edsticas :<\/strong><\/p>\n<ul>\n<li>Parque para conejos<\/li>\n<li>Recinto modular para conejos<\/li>\n<li>N\u00famero de paneles: 36 paneles incluyendo 2 rejillas<\/li>\n<li>Tama\u00f1o del panel: Alto 35 x Ancho 35 cm<\/li>\n<li>Materiales: Metal<\/li>\n<li>Color: Negro o blanco<\/li>\n<\/ul>\n<p><img decoding=\"async\" class=\"alignnone wp-image-7399\" src=\"https:\/\/mon-lapinnain.com\/wp-content\/uploads\/2021\/07\/enclos-a\u0300-lapin.jpg\" alt=\"Recinto para conejos XXL\" width=\"600\" height=\"600\" \/><\/p>\n<\/div>\n<\/div>\n<\/div>\n","protected":false},"excerpt":{"rendered":"<ul>\n<li>Recinto modular<\/li>\n<li>Parque grande para conejos<\/li>\n<li>M\u00faltiples configuraciones posibles<\/li>\n<\/ul>\n","protected":false},"featured_media":14960,"comment_status":"closed","ping_status":"closed","template":"","meta":{"_seopress_robots_primary_cat":"none","_seopress_titles_title":"","_seopress_titles_desc":"","_seopress_robots_index":""},"product_brand":[],"product_cat":[296,301],"product_tag":[],"class_list":{"0":"post-14959","1":"product","2":"type-product","3":"status-publish","4":"has-post-thumbnail","6":"product_cat-bunny-shop","7":"product_cat-recinto-conejos","8":"product_shipping_class-ne-passe-pas-en-mondial-relais","10":"first","11":"instock","12":"taxable","13":"shipping-taxable","14":"purchasable","15":"product-type-simple"},"_links":{"self":[{"href":"https:\/\/www.bunzyland.com\/es\/wp-json\/wp\/v2\/product\/14959","targetHints":{"allow":["GET"]}}],"collection":[{"href":"https:\/\/www.bunzyland.com\/es\/wp-json\/wp\/v2\/product"}],"about":[{"href":"https:\/\/www.bunzyland.com\/es\/wp-json\/wp\/v2\/types\/product"}],"replies":[{"embeddable":true,"href":"https:\/\/www.bunzyland.com\/es\/wp-json\/wp\/v2\/comments?post=14959"}],"wp:featuredmedia":[{"embeddable":true,"href":"https:\/\/www.bunzyland.com\/es\/wp-json\/wp\/v2\/media\/14960"}],"wp:attachment":[{"href":"https:\/\/www.bunzyland.com\/es\/wp-json\/wp\/v2\/media?parent=14959"}],"wp:term":[{"taxonomy":"product_brand","embeddable":true,"href":"https:\/\/www.bunzyland.com\/es\/wp-json\/wp\/v2\/product_brand?post=14959"},{"taxonomy":"product_cat","embeddable":true,"href":"https:\/\/www.bunzyland.com\/es\/wp-json\/wp\/v2\/product_cat?post=14959"},{"taxonomy":"product_tag","embeddable":true,"href":"https:\/\/www.bunzyland.com\/es\/wp-json\/wp\/v2\/product_tag?post=14959"}],"curies":[{"name":"wp","href":"https:\/\/api.w.org\/{rel}","templated":true}]}}