{"id":14973,"date":"2024-02-19T15:56:33","date_gmt":"2024-02-19T14:56:33","guid":{"rendered":"https:\/\/bunzyland.com\/product\/rabbit-snuffle-mat\/"},"modified":"2025-10-06T16:54:50","modified_gmt":"2025-10-06T14:54:50","slug":"alfombrilla-olfativa-para-conejos","status":"publish","type":"product","link":"https:\/\/www.bunzyland.com\/es\/producto\/alfombrilla-olfativa-para-conejos\/","title":{"rendered":"Alfombrilla olfativa para conejos"},"content":{"rendered":"<div class=\"detailmodule_html\">\n<div class=\"detail-desc-decorate-richtext\">\n<div class=\"custom-tempate-content\">\n<h2>Alfombrilla para excavar: El nuevo juguete para conejos<\/h2>\n<p>La <strong>Alfombrilla para excavar<\/strong> de BunZyland es el juguete perfecto para mantener entretenido a tu conejo. Los <strong>conejos<\/strong> son curiosos por naturaleza y les encanta husmear y explorar todo a su alrededor. Este <strong>juego de olfateo<\/strong> mantendr\u00e1 a tu conejo ocupado durante horas. Solo tienes que esconder algunas golosinas en la <strong>alfombrilla para excavar para conejos<\/strong> y \u00a1listo para explorar!<\/p>\n<p><img fetchpriority=\"high\" decoding=\"async\" class=\"alignnone wp-image-8300\" src=\"https:\/\/mon-lapinnain.com\/wp-content\/uploads\/2021\/07\/jeu-pour-lapin-2.jpg\" alt=\"juguete para conejos\" width=\"600\" height=\"762\" \/><\/p>\n<h2><span data-sheets-value=\"{&quot;1&quot;:2,&quot;2&quot;:&quot;rabbit enrichment&quot;}\" data-sheets-userformat=\"{&quot;2&quot;:25281,&quot;3&quot;:{&quot;1&quot;:0},&quot;9&quot;:1,&quot;10&quot;:1,&quot;12&quot;:0,&quot;16&quot;:11,&quot;17&quot;:1}\">Un juego que contribuye al enriquecimiento del conejo<\/span><\/h2>\n<p>La <strong>alfombrilla olfativa para conejos<\/strong> es la soluci\u00f3n perfecta al problema del aburrimiento. Tu peque\u00f1o amigo estar\u00e1 ocupado buscando las golosinas que escondas en la alfombrilla, as\u00ed que no se dar\u00e1 cuenta de tu ausencia prolongada. Este <strong>juguete para conejos<\/strong> es una excelente actividad para estimular sus sentidos e inteligencia, lo que le ayuda a mantenerse mentalmente sano y satisfecho en su vida como conejo. Es una gran <strong>actividad para conejos<\/strong> tanto para j\u00f3venes, mayores e incluso conejos adultos. \u00a1As\u00ed que compra hoy esta <strong>alfombra de forrajeo para conejos<\/strong> para mantener a tu mascota sana y feliz!<\/p>\n<p><img decoding=\"async\" class=\"alignnone wp-image-7391\" src=\"https:\/\/mon-lapinnain.com\/wp-content\/uploads\/2021\/07\/Tapis-de-fouille-pour-lapin-2.jpg\" alt=\"alfombrilla de forrajeo para conejos\" width=\"600\" height=\"600\" \/><\/p>\n<p><b>M\u00e1s detalles de este juguete para conejos:<\/b><\/p>\n<ul>\n<li style=\"font-weight: 400\"><span style=\"font-weight: 400\">Estimula los sentidos y la inteligencia<\/span><\/li>\n<li style=\"font-weight: 400\"><span style=\"font-weight: 400\">Preserva su salud mental<\/span><\/li>\n<li style=\"font-weight: 400\"><span style=\"font-weight: 400\">Consejo anti-glotoner\u00eda (permite que tu conejo coma m\u00e1s despacio)<\/span><\/li>\n<li style=\"font-weight: 400\"><span style=\"font-weight: 400\">Tama\u00f1o: Di\u00e1metro de unos 45 cm \/ 17,7&#8243;<\/span><\/li>\n<li style=\"font-weight: 400\"><span style=\"font-weight: 400\">Materiales: Fieltro<\/span><\/li>\n<li style=\"font-weight: 400\"><span style=\"font-weight: 400\">Color: Gris y blanco<\/span><\/li>\n<\/ul>\n<\/div>\n<p>Para estimular los instintos naturales de tu conejo y animarlo a forrajear y explorar, descubre nuestra gama de <a href=\"https:\/\/www.bunzyland.com\/es\/alfombra-forraje-conejos\/\">alfombrillas de forrajeo para conejos,<\/a> dise\u00f1adas para proporcionar horas de diversi\u00f3n saludable.<\/p>\n<\/div>\n<\/div>\n","protected":false},"excerpt":{"rendered":"<p>Alfombrilla para excavar: El nuevo juguete para conejos La Alfombrilla para excavar de BunZyland es el juguete perfecto para mantener entretenido a tu conejo. Los conejos son curiosos por naturaleza y les encanta husmear y explorar todo a su alrededor. Este juego de olfateo mantendr\u00e1 a tu conejo ocupado durante horas. Solo tienes que esconder [&hellip;]<\/p>\n","protected":false},"featured_media":14974,"comment_status":"closed","ping_status":"closed","template":"","meta":{"_seopress_robots_primary_cat":"none","_seopress_titles_title":"","_seopress_titles_desc":"A rabbit snuffle mat is a fun way to keep your rabbit entertained. It's a perfect toy for dwarf bunny, who love to snoop and explore.","_seopress_robots_index":""},"product_brand":[],"product_cat":[287,283,296,269],"product_tag":[],"class_list":{"0":"post-14973","1":"product","2":"type-product","3":"status-publish","4":"has-post-thumbnail","6":"product_cat-alfombra-forraje-conejos","7":"product_cat-alfombras-conejos","8":"product_cat-bunny-shop","9":"product_cat-juguetes-conejos","11":"first","12":"instock","13":"taxable","14":"shipping-taxable","15":"purchasable","16":"product-type-simple"},"_links":{"self":[{"href":"https:\/\/www.bunzyland.com\/es\/wp-json\/wp\/v2\/product\/14973","targetHints":{"allow":["GET"]}}],"collection":[{"href":"https:\/\/www.bunzyland.com\/es\/wp-json\/wp\/v2\/product"}],"about":[{"href":"https:\/\/www.bunzyland.com\/es\/wp-json\/wp\/v2\/types\/product"}],"replies":[{"embeddable":true,"href":"https:\/\/www.bunzyland.com\/es\/wp-json\/wp\/v2\/comments?post=14973"}],"wp:featuredmedia":[{"embeddable":true,"href":"https:\/\/www.bunzyland.com\/es\/wp-json\/wp\/v2\/media\/14974"}],"wp:attachment":[{"href":"https:\/\/www.bunzyland.com\/es\/wp-json\/wp\/v2\/media?parent=14973"}],"wp:term":[{"taxonomy":"product_brand","embeddable":true,"href":"https:\/\/www.bunzyland.com\/es\/wp-json\/wp\/v2\/product_brand?post=14973"},{"taxonomy":"product_cat","embeddable":true,"href":"https:\/\/www.bunzyland.com\/es\/wp-json\/wp\/v2\/product_cat?post=14973"},{"taxonomy":"product_tag","embeddable":true,"href":"https:\/\/www.bunzyland.com\/es\/wp-json\/wp\/v2\/product_tag?post=14973"}],"curies":[{"name":"wp","href":"https:\/\/api.w.org\/{rel}","templated":true}]}}