{"id":14984,"date":"2024-02-19T15:56:32","date_gmt":"2024-02-19T14:56:32","guid":{"rendered":"https:\/\/bunzyland.com\/product\/rabbit-foraging-mat\/"},"modified":"2025-10-06T16:54:51","modified_gmt":"2025-10-06T14:54:51","slug":"alfombrilla-de-forrajeo-para-conejos","status":"publish","type":"product","link":"https:\/\/www.bunzyland.com\/es\/producto\/alfombrilla-de-forrajeo-para-conejos\/","title":{"rendered":"Alfombrilla de forrajeo para conejos"},"content":{"rendered":"<p><\/p>\n<h2 class=\"wp-block-heading\"><b>Alfombrilla de forrajeo para conejos: un juego divertido y estimulante<\/b><\/h2>\n<p><\/p>\n<p><\/p>\n<p><span style=\"font-weight: 400\">Esta <\/span><b>alfombrilla de forrajeo para conejos<\/b><span style=\"font-weight: 400\"> es un mini huerto de verduras. Dispone de varios elementos de juego para tu <\/span><b>conejo mascota<\/b><span style=\"font-weight: 400\">. Todos ellos est\u00e1n en relieve para que puedas esconder comida seca o premios para que tu <\/span><b>conejo<\/b><span style=\"font-weight: 400\"> los busque usando el olfato, rebuscando y husmeando. Cuando est\u00e1 suelto en la naturaleza, el <\/span><b>conejo enano<\/b><span style=\"font-weight: 400\"> es capaz de encontrar comida bajo tierra usando su sentido del olfato. \u00a1Por eso es importante estimularlo!<\/span><\/p>\n<p><\/p>\n<p><\/p>\n<h2 class=\"wp-block-heading\"><img fetchpriority=\"high\" decoding=\"async\" class=\"alignnone size-full wp-image-7341\" src=\"https:\/\/mon-lapinnain.com\/wp-content\/uploads\/2021\/07\/tapis-de-fouille-lapin-jeux.gif\" alt=\"Juego para conejo\" width=\"400\" height=\"400\"><\/h2>\n<p><\/p>\n<p><\/p>\n<h2 class=\"wp-block-heading\"><b>Un juguete para conejos que responde a sus necesidades<\/b><\/h2>\n<p><\/p>\n<p><\/p>\n<p><span style=\"font-weight: 400\">La <\/span><b>alfombrilla de forrajeo para conejos<\/b><span style=\"font-weight: 400\"> tiene una primera franja con coles con todas sus hojas en relieve, una segunda franja con zanahorias, que tambi\u00e9n tiene ranuras para esconder premios a\u00fan m\u00e1s dif\u00edciles de encontrar. Luego hay una tercera franja con dos mazorcas de ma\u00edz y finalmente una franja de hierba m\u00e1s gruesa y m\u00e1s densa con fieltro verde que sobresale de la alfombrilla (alrededor de 5 cm \/ 1,9&#8243;). \u00a1Es un <\/span><b>juguete perfecto para conejos<\/b><span style=\"font-weight: 400\">!<\/span><\/p>\n<p><\/p>\n<p><\/p>\n<figure class=\"wp-block-image is-resized\"><img decoding=\"async\" src=\"https:\/\/mon-lapinnain.com\/wp-content\/uploads\/2021\/07\/jeu-pour-lapin.jpg\" alt=\"juguete para conejo\" class=\"wp-image-7340\" style=\"width:auto;height:600px\" \/><\/figure>\n<p><\/p>\n<p><\/p>\n<p>Este <strong>juguete para conejos<\/strong> est\u00e1 especialmente hecho para <strong>animales peque\u00f1os<\/strong> y ser\u00e1 seguro para tu <strong>conejo<\/strong>. Est\u00e1 fabricado con materiales duraderos y resistentes.<\/p>\n<p><\/p>\n<p><\/p>\n<p>\u00a1Puedes ayudar a mantener entretenido a tu conejo enano escondiendo sus premios favoritos en las esquinas de la alfombrilla! <strong>Los conejos<\/strong> son animales sociales que necesitan entretenimiento y estimulaci\u00f3n, \u00a1y este juego es ideal para satisfacer sus necesidades!<\/p>\n<p><\/p>\n<p><\/p>\n<figure class=\"wp-block-image\"><img decoding=\"async\" src=\"https:\/\/mon-lapinnain.com\/wp-content\/uploads\/2021\/07\/Tapis-de-fouille-pour-lapin.gif\" alt=\"Alfombrilla de forrajeo para conejo\" class=\"wp-image-7334\" \/><\/figure>\n<p><\/p>\n<p><\/p>\n<p><strong>Caracter\u00edsticas de la alfombrilla de forrajeo para conejos<\/strong><\/p>\n<p><\/p>\n<p><\/p>\n<ul class=\"wp-block-list\"><\/p>\n<li>Alfombrilla de forrajeo para conejos con forma de mini huerto de verduras<\/li>\n<p><\/p>\n<p><\/p>\n<li>Entretenida y divertida<\/li>\n<p><\/p>\n<p><\/p>\n<li>Tejido no t\u00f3xico, duradero y resistente<\/li>\n<p><\/p>\n<p><\/p>\n<li>Parte inferior antideslizante<\/li>\n<p><\/p>\n<p><\/p>\n<li>F\u00e1cil de lavar<\/li>\n<p><\/p>\n<p><\/p>\n<li>Tama\u00f1o: De forma cuadrada, la alfombrilla mide aproximadamente 73 cm x 73 cm \/ 28,7&#8243; x 28,7&#8243;<\/li>\n<p><\/p>\n<p><\/p>\n<li>Color: El fondo es blanco y la alfombrilla tiene varios colores: marr\u00f3n, naranja, verde y amarillo.<\/li>\n<p><\/ul>\n<p><\/p>\n<p><\/p>\n<p>Para estimular los instintos naturales de tu conejo y animarle a forrajear y explorar, descubre nuestra gama de <a href=\"https:\/\/www.bunzyland.com\/es\/alfombra-forraje-conejos\/\">alfombrillas de forrajeo para conejos<\/a>, dise\u00f1adas para proporcionar horas de diversi\u00f3n saludable.<\/p>\n<p><\/p>\n","protected":false},"excerpt":{"rendered":"<p>Alfombrilla de forrajeo para conejos: un juego divertido y estimulante Esta alfombrilla de forrajeo para conejos es un mini huerto de verduras. Dispone de varios elementos de juego para tu conejo mascota. Todos ellos est\u00e1n en relieve para que puedas esconder comida seca o premios para que tu conejo los busque usando el olfato, rebuscando [&hellip;]<\/p>\n","protected":false},"featured_media":14985,"comment_status":"closed","ping_status":"closed","template":"","meta":{"_seopress_robots_primary_cat":"none","_seopress_titles_title":"","_seopress_titles_desc":"Rabbit foraging mat is a fun and colourful felt toy for bunny is not only entertaining but also playful for your pet. A perfect rabbit toy!","_seopress_robots_index":""},"product_brand":[],"product_cat":[287,283,296,269],"product_tag":[],"class_list":{"0":"post-14984","1":"product","2":"type-product","3":"status-publish","4":"has-post-thumbnail","6":"product_cat-alfombra-forraje-conejos","7":"product_cat-alfombras-conejos","8":"product_cat-bunny-shop","9":"product_cat-juguetes-conejos","11":"first","12":"instock","13":"taxable","14":"shipping-taxable","15":"purchasable","16":"product-type-simple"},"_links":{"self":[{"href":"https:\/\/www.bunzyland.com\/es\/wp-json\/wp\/v2\/product\/14984","targetHints":{"allow":["GET"]}}],"collection":[{"href":"https:\/\/www.bunzyland.com\/es\/wp-json\/wp\/v2\/product"}],"about":[{"href":"https:\/\/www.bunzyland.com\/es\/wp-json\/wp\/v2\/types\/product"}],"replies":[{"embeddable":true,"href":"https:\/\/www.bunzyland.com\/es\/wp-json\/wp\/v2\/comments?post=14984"}],"wp:featuredmedia":[{"embeddable":true,"href":"https:\/\/www.bunzyland.com\/es\/wp-json\/wp\/v2\/media\/14985"}],"wp:attachment":[{"href":"https:\/\/www.bunzyland.com\/es\/wp-json\/wp\/v2\/media?parent=14984"}],"wp:term":[{"taxonomy":"product_brand","embeddable":true,"href":"https:\/\/www.bunzyland.com\/es\/wp-json\/wp\/v2\/product_brand?post=14984"},{"taxonomy":"product_cat","embeddable":true,"href":"https:\/\/www.bunzyland.com\/es\/wp-json\/wp\/v2\/product_cat?post=14984"},{"taxonomy":"product_tag","embeddable":true,"href":"https:\/\/www.bunzyland.com\/es\/wp-json\/wp\/v2\/product_tag?post=14984"}],"curies":[{"name":"wp","href":"https:\/\/api.w.org\/{rel}","templated":true}]}}