{"id":14995,"date":"2024-02-19T15:56:31","date_gmt":"2024-02-19T14:56:31","guid":{"rendered":"https:\/\/bunzyland.com\/product\/rabbit-carrier\/"},"modified":"2025-10-06T16:54:51","modified_gmt":"2025-10-06T14:54:51","slug":"transportin-para-conejos","status":"publish","type":"product","link":"https:\/\/www.bunzyland.com\/es\/producto\/transportin-para-conejos\/","title":{"rendered":"Transport\u00edn para conejos"},"content":{"rendered":"<h2><b>Transport\u00edn para conejos: una bolsa pr\u00e1ctica y adecuada<\/b><\/h2>\n<p>\u00bfTienes un conejo y te preguntas c\u00f3mo llevarlo de vacaciones o al veterinario? Este <strong>transport\u00edn para conejos<\/strong> es tu soluci\u00f3n. Es c\u00f3modo gracias al coj\u00edn interior de forro polar sobre el que tu conejo puede sentarse. Tambi\u00e9n tiene peque\u00f1as ventanas de malla para ventilaci\u00f3n. El aire entra f\u00e1cilmente y tu peque\u00f1o conejo puede ver el exterior. La <strong>bolsa para conejos<\/strong> tiene varias aberturas por las que tu mascota puede entrar y salir: una gran abertura en la parte trasera como una puerta, una m\u00e1s peque\u00f1a en el lateral y, finalmente, una tercera abertura en la parte superior del <strong>transport\u00edn para conejos<\/strong>.<\/p>\n<p><img fetchpriority=\"high\" decoding=\"async\" class=\"alignnone wp-image-8981\" src=\"https:\/\/mon-lapinnain.com\/wp-content\/uploads\/2021\/08\/sac-de-transport-lapin-1.jpg\" alt=\"Bolsa transportadora para conejos\" width=\"600\" height=\"600\" \/><\/p>\n<h3><b>Una transportadora para conejos: c\u00f3moda y f\u00e1cil de mantener<\/b><\/h3>\n<p>La alfombrilla interior se puede quitar completamente para facilitar la limpieza. El <strong>transport\u00edn para conejos<\/strong> incluso se puede lavar a m\u00e1quina. Para el transporte, el soporte del coj\u00edn tiene dos correas cortas y una correa larga para el hombro, ajustable y desmontable. Tambi\u00e9n se puede fijar a una maleta con ruedas y el sistema de arn\u00e9s permite asegurarlo al asiento cuando viajes en coche.<\/p>\n<p><img decoding=\"async\" class=\"alignnone wp-image-7459\" src=\"https:\/\/mon-lapinnain.com\/wp-content\/uploads\/2021\/08\/Sac-transport-lapin-nain.jpg\" alt=\"Bolsa para conejos\" width=\"600\" height=\"413\" \/><\/p>\n<p>Adem\u00e1s, el <strong>transport\u00edn para conejos<\/strong> est\u00e1 equipado con tiras reflectantes para la seguridad nocturna.<\/p>\n<p>Por \u00faltimo, la<strong> bolsa para conejos<\/strong> es f\u00e1cil de guardar: \u00a1una vez doblada, no ocupa espacio cuando la guardas!<\/p>\n<ul>\n<li>Tres aberturas con cremallera<\/li>\n<li>Alfombrilla interior extra\u00edble y lavable a m\u00e1quina<\/li>\n<li>Asas cortas + correa de hombro ajustable y desmontable<\/li>\n<\/ul>\n<p><img decoding=\"async\" class=\"alignnone wp-image-8982\" src=\"https:\/\/mon-lapinnain.com\/wp-content\/uploads\/2021\/08\/sac-transport-lapin-1.jpg\" alt=\"Transport\u00edn para conejos\" width=\"600\" height=\"600\" \/><\/p>\n<p><b>M\u00e1s detalles :<\/b><\/p>\n<p>Talla \u00fanica: Mide 44,5 cm de largo, 24 cm de ancho y 28 cm de alto (17,5&#8243; x 9,4&#8243; x 11&#8243;). Se recomienda elegir un <strong>transport\u00edn para conejos<\/strong> que sea m\u00e1s peque\u00f1o que el lugar habitual donde tu conejo permanece. Aun as\u00ed, debe ser lo suficientemente grande para que tu mascota pueda tumbarse c\u00f3modamente y sentirse a gusto.<\/p>\n<p>1 color: gris, negro y marr\u00f3n<\/p>\n","protected":false},"excerpt":{"rendered":"<ul>\n<li style=\"font-weight: 400\"><span style=\"font-weight: 400\">Transportadora para conejos<\/span><\/li>\n<li style=\"font-weight: 400\"><span style=\"font-weight: 400\">C\u00f3modo<\/span><\/li>\n<li style=\"font-weight: 400\"><span style=\"font-weight: 400\">Para viajes<\/span><\/li>\n<\/ul>\n","protected":false},"featured_media":14996,"comment_status":"closed","ping_status":"closed","template":"","meta":{"_seopress_robots_primary_cat":"none","_seopress_titles_title":"","_seopress_titles_desc":"The Rabbit carrier is a comfortable and stylish rabbit carrier bag. Your bunny will find it a safe haven on all your travels!","_seopress_robots_index":""},"product_brand":[],"product_cat":[278,296,307],"product_tag":[],"class_list":{"0":"post-14995","1":"product","2":"type-product","3":"status-publish","4":"has-post-thumbnail","6":"product_cat-accesorios-conejos","7":"product_cat-bunny-shop","8":"product_cat-transportin-conejos","9":"product_shipping_class-ok-mondial-relais","11":"first","12":"instock","13":"taxable","14":"shipping-taxable","15":"purchasable","16":"product-type-simple"},"_links":{"self":[{"href":"https:\/\/www.bunzyland.com\/es\/wp-json\/wp\/v2\/product\/14995","targetHints":{"allow":["GET"]}}],"collection":[{"href":"https:\/\/www.bunzyland.com\/es\/wp-json\/wp\/v2\/product"}],"about":[{"href":"https:\/\/www.bunzyland.com\/es\/wp-json\/wp\/v2\/types\/product"}],"replies":[{"embeddable":true,"href":"https:\/\/www.bunzyland.com\/es\/wp-json\/wp\/v2\/comments?post=14995"}],"wp:featuredmedia":[{"embeddable":true,"href":"https:\/\/www.bunzyland.com\/es\/wp-json\/wp\/v2\/media\/14996"}],"wp:attachment":[{"href":"https:\/\/www.bunzyland.com\/es\/wp-json\/wp\/v2\/media?parent=14995"}],"wp:term":[{"taxonomy":"product_brand","embeddable":true,"href":"https:\/\/www.bunzyland.com\/es\/wp-json\/wp\/v2\/product_brand?post=14995"},{"taxonomy":"product_cat","embeddable":true,"href":"https:\/\/www.bunzyland.com\/es\/wp-json\/wp\/v2\/product_cat?post=14995"},{"taxonomy":"product_tag","embeddable":true,"href":"https:\/\/www.bunzyland.com\/es\/wp-json\/wp\/v2\/product_tag?post=14995"}],"curies":[{"name":"wp","href":"https:\/\/api.w.org\/{rel}","templated":true}]}}