{"id":15004,"date":"2024-02-19T15:56:30","date_gmt":"2024-02-19T14:56:30","guid":{"rendered":"https:\/\/bunzyland.com\/product\/rabbit-bottle\/"},"modified":"2025-10-06T16:54:51","modified_gmt":"2025-10-06T14:54:51","slug":"botella-para-conejo","status":"publish","type":"product","link":"https:\/\/www.bunzyland.com\/es\/producto\/botella-para-conejo\/","title":{"rendered":"Botella para conejo"},"content":{"rendered":"<h2>Botella para conejo: el accesorio pr\u00e1ctico<\/h2>\n<p>Esta <strong>botella para conejo<\/strong> es el <strong>accesorio ideal<\/strong> para ofrecer agua de manera f\u00e1cil e higi\u00e9nica a tu conejo. Gracias a su ingenioso sistema de doble bola, <strong>evita fugas<\/strong> y mantiene a tu conejo seco cuando viene a beber. Su punta reforzada anti-mordisqueo garantiza durabilidad a pesar de los peque\u00f1os dientes de tu conejo.<\/p>\n<p>Su generosa capacidad de 750ml significa que tendr\u00e1s que rellenar el agua con menos frecuencia. Tu conejo dispondr\u00e1 siempre de agua fresca y limpia, esencial para su salud. Su ingenioso sistema de enganche permite fijar el <strong>bebedero para conejo<\/strong> de forma segura a los barrotes de la jaula o recinto. \u00a1Se acabaron los derrames de agua! Tu conejo podr\u00e1 beber libremente sin que la <strong>botella para conejo<\/strong> se mueva.<\/p>\n<p><img fetchpriority=\"high\" decoding=\"async\" class=\"alignnone wp-image-7904\" src=\"https:\/\/mon-lapinnain.com\/wp-content\/uploads\/2021\/10\/biberon-lapin-en-verre.jpg\" alt=\"botella para conejo\" width=\"600\" height=\"729\" \/><\/p>\n<p>Pr\u00e1ctico y bien pensado, este <strong>bebedero para conejo<\/strong> facilita la hidrataci\u00f3n de tu mascota, de forma m\u00e1s f\u00e1cil y saludable. Un imprescindible para el bienestar de tu conejo.<\/p>\n<h3>Bebedero para conejo: un accesorio ingenioso<\/h3>\n<p>Gracias a su soporte para jaula, este <strong>accesorio para conejo<\/strong> es tan ingenioso como pr\u00e1ctico. El modelo de 750ml se llena directamente por la parte superior. Ni siquiera tendr\u00e1s que quitar la <strong>botella para conejo<\/strong> para rellenarla de agua. Este <strong>dispensador de agua para conejo<\/strong> ha sido dise\u00f1ado desde cero para facilitarte el d\u00eda a d\u00eda. Es <strong>el mejor bebedero para conejo<\/strong> del mercado.<\/p>\n<p><img decoding=\"async\" class=\"alignnone wp-image-7905\" src=\"https:\/\/mon-lapinnain.com\/wp-content\/uploads\/2021\/10\/biberon-lapin.jpg\" alt=\"bebedero para conejo\" width=\"524\" height=\"600\" \/><\/p>\n<p><strong>Caracter\u00edsticas :<\/strong><\/p>\n<ul>\n<li>Capacidad: 750ml<\/li>\n<li>Materiales: Pl\u00e1stico<\/li>\n<li>Llenado de agua desde la parte superior sin mover la botella<\/li>\n<li>Color: Verde claro<\/li>\n<\/ul>\n<p>Para asegurar el bienestar y la comodidad de tu conejo, explora nuestra amplia gama de <a href=\"https:\/\/www.bunzyland.com\/es\/accesorios-conejos\/\">accesorios para conejos<\/a>, adaptados a todas sus necesidades.<\/p>\n","protected":false},"excerpt":{"rendered":"<ul>\n<li>750ml<\/li>\n<\/ul>\n","protected":false},"featured_media":15005,"comment_status":"closed","ping_status":"closed","template":"","meta":{"_seopress_robots_primary_cat":"none","_seopress_titles_title":"","_seopress_titles_desc":"This rabbit bottle is the most practical of all rabbit drinkers. This large rabbit bottle is practical, durable and one of the best!","_seopress_robots_index":""},"product_brand":[],"product_cat":[278,290,296],"product_tag":[],"class_list":{"0":"post-15004","1":"product","2":"type-product","3":"status-publish","4":"has-post-thumbnail","6":"product_cat-accesorios-conejos","7":"product_cat-bebedero-para-conejos","8":"product_cat-bunny-shop","9":"product_shipping_class-ok-mondial-relais","11":"first","12":"instock","13":"sale","14":"taxable","15":"shipping-taxable","16":"purchasable","17":"product-type-simple"},"_links":{"self":[{"href":"https:\/\/www.bunzyland.com\/es\/wp-json\/wp\/v2\/product\/15004","targetHints":{"allow":["GET"]}}],"collection":[{"href":"https:\/\/www.bunzyland.com\/es\/wp-json\/wp\/v2\/product"}],"about":[{"href":"https:\/\/www.bunzyland.com\/es\/wp-json\/wp\/v2\/types\/product"}],"replies":[{"embeddable":true,"href":"https:\/\/www.bunzyland.com\/es\/wp-json\/wp\/v2\/comments?post=15004"}],"wp:featuredmedia":[{"embeddable":true,"href":"https:\/\/www.bunzyland.com\/es\/wp-json\/wp\/v2\/media\/15005"}],"wp:attachment":[{"href":"https:\/\/www.bunzyland.com\/es\/wp-json\/wp\/v2\/media?parent=15004"}],"wp:term":[{"taxonomy":"product_brand","embeddable":true,"href":"https:\/\/www.bunzyland.com\/es\/wp-json\/wp\/v2\/product_brand?post=15004"},{"taxonomy":"product_cat","embeddable":true,"href":"https:\/\/www.bunzyland.com\/es\/wp-json\/wp\/v2\/product_cat?post=15004"},{"taxonomy":"product_tag","embeddable":true,"href":"https:\/\/www.bunzyland.com\/es\/wp-json\/wp\/v2\/product_tag?post=15004"}],"curies":[{"name":"wp","href":"https:\/\/api.w.org\/{rel}","templated":true}]}}