{"id":15012,"date":"2024-02-19T15:56:30","date_gmt":"2024-02-19T14:56:30","guid":{"rendered":"https:\/\/bunzyland.com\/product\/rack-hay-rabbit-barrel\/"},"modified":"2025-10-06T16:54:51","modified_gmt":"2025-10-06T14:54:51","slug":"barril-para-heno-de-conejo","status":"publish","type":"product","link":"https:\/\/www.bunzyland.com\/es\/producto\/barril-para-heno-de-conejo\/","title":{"rendered":"Barril para heno de conejo"},"content":{"rendered":"<h2>Ratelier de heno para conejos: el accesorio perfecto para \u00e9l<\/h2>\n<p>Este <strong>comedero de heno para conejos<\/strong> es un <strong>accesorio<\/strong> diario esencial para tu conejo. A diferencia de otros <strong>comedores<\/strong> de pl\u00e1stico o metal, este <strong>dispensador de heno para conejos<\/strong> est\u00e1 hecho de madera, lo que lo hace mucho m\u00e1s resistente y duradero. Este <strong>comedero para conejos<\/strong> es ideal para mantener la comida de tu conejo limpia y saludable. Simplemente abre la tapa, ll\u00e9nala con una generosa cantidad de heno y ci\u00e9rrala. Tu peque\u00f1o descubrir\u00e1 pronto este nuevo y apetitoso <strong>accesorio<\/strong>.<\/p>\n<h2><img fetchpriority=\"high\" decoding=\"async\" class=\"alignnone wp-image-16005\" src=\"https:\/\/mon-lapinnain.com\/wp-content\/uploads\/2024\/01\/Tonneau-foin-lapin.png\" alt=\"Barril para heno de conejo\" width=\"600\" height=\"600\" \/><\/h2>\n<p>Para mayor diversi\u00f3n y entretenimiento, puedes colgar el <strong>Barril de Heno para Conejos<\/strong> horizontalmente. Tu conejo se divertir\u00e1 al m\u00e1ximo. Cuando quiera mordisquear su heno, har\u00e1 girar el barril como un <strong>dispensador<\/strong>. Un nuevo <strong>juego para conejos<\/strong> que le encantar\u00e1.<\/p>\n<h2><img decoding=\"async\" class=\"alignnone wp-image-15999\" src=\"https:\/\/mon-lapinnain.com\/wp-content\/uploads\/2024\/01\/Tonneau-ratelier-lapin.png\" alt=\"ratelier para conejos\" width=\"600\" height=\"600\" \/><\/h2>\n<h3>\u00bfPor qu\u00e9 un ratelier para conejos?<\/h3>\n<p>Para un conejo saludable, es vital que tu peque\u00f1o <strong>coma heno todos los d\u00edas<\/strong>. Es el alimento b\u00e1sico principal del conejo, y debe comerlo diariamente en cantidades bastante grandes. Este alimento debe estar disponible en todo momento, por eso este <strong>ratelier de heno para conejos<\/strong> es ideal para \u00e9l. El heno es perfecto para el sistema digestivo de tu conejo, adem\u00e1s de para el desgaste normal de sus dientes.<\/p>\n<h2><img decoding=\"async\" class=\"alignnone wp-image-16002\" src=\"https:\/\/mon-lapinnain.com\/wp-content\/uploads\/2024\/01\/Ratelier-en-bois-pour-lapin.png\" alt=\"Ratelier de madera para conejos\" width=\"600\" height=\"600\" \/><\/h2>\n<p>Caracter\u00edsticas :<\/p>\n<ul>\n<li>Ratelier de madera<\/li>\n<li>Tama\u00f1o: Alto 25cm x di\u00e1metro 19cm<\/li>\n<\/ul>\n<p>Para asegurar el bienestar y la comodidad de tu conejo, explora nuestra amplia gama de <a href=\"https:\/\/www.bunzyland.com\/es\/accesorios-conejos\/\">accesorios para conejos<\/a>, adaptados a todas sus necesidades.<\/p>\n","protected":false},"excerpt":{"rendered":"<ul>\n<li>Comedero para conejos<\/li>\n<li>Accesorios para conejos<\/li>\n<\/ul>\n","protected":false},"featured_media":15013,"comment_status":"closed","ping_status":"closed","template":"","meta":{"_seopress_robots_primary_cat":"none","_seopress_titles_title":"","_seopress_titles_desc":"This rabbit hay rack is the ideal accessory for your rabbit's daily routine. This wooden rabbit barrel is a fun and practical game.","_seopress_robots_index":""},"product_brand":[],"product_cat":[278,296,281],"product_tag":[],"class_list":{"0":"post-15012","1":"product","2":"type-product","3":"status-publish","4":"has-post-thumbnail","6":"product_cat-accesorios-conejos","7":"product_cat-bunny-shop","8":"product_cat-comedero-heno-conejos","9":"product_shipping_class-ok-mondial-relais","11":"first","12":"instock","13":"taxable","14":"shipping-taxable","15":"purchasable","16":"product-type-simple"},"_links":{"self":[{"href":"https:\/\/www.bunzyland.com\/es\/wp-json\/wp\/v2\/product\/15012","targetHints":{"allow":["GET"]}}],"collection":[{"href":"https:\/\/www.bunzyland.com\/es\/wp-json\/wp\/v2\/product"}],"about":[{"href":"https:\/\/www.bunzyland.com\/es\/wp-json\/wp\/v2\/types\/product"}],"replies":[{"embeddable":true,"href":"https:\/\/www.bunzyland.com\/es\/wp-json\/wp\/v2\/comments?post=15012"}],"wp:featuredmedia":[{"embeddable":true,"href":"https:\/\/www.bunzyland.com\/es\/wp-json\/wp\/v2\/media\/15013"}],"wp:attachment":[{"href":"https:\/\/www.bunzyland.com\/es\/wp-json\/wp\/v2\/media?parent=15012"}],"wp:term":[{"taxonomy":"product_brand","embeddable":true,"href":"https:\/\/www.bunzyland.com\/es\/wp-json\/wp\/v2\/product_brand?post=15012"},{"taxonomy":"product_cat","embeddable":true,"href":"https:\/\/www.bunzyland.com\/es\/wp-json\/wp\/v2\/product_cat?post=15012"},{"taxonomy":"product_tag","embeddable":true,"href":"https:\/\/www.bunzyland.com\/es\/wp-json\/wp\/v2\/product_tag?post=15012"}],"curies":[{"name":"wp","href":"https:\/\/api.w.org\/{rel}","templated":true}]}}