{"id":15022,"date":"2024-02-19T15:56:29","date_gmt":"2024-02-19T14:56:29","guid":{"rendered":"https:\/\/bunzyland.com\/product\/toy-for-rabbit-stacking-cups\/"},"modified":"2026-03-13T11:22:00","modified_gmt":"2026-03-13T10:22:00","slug":"juguete-para-conejo-vasos-apilables","status":"publish","type":"product","link":"https:\/\/www.bunzyland.com\/es\/producto\/juguete-para-conejo-vasos-apilables\/","title":{"rendered":"Juguete para conejo Vasos apilables"},"content":{"rendered":"<p><\/p>\n<h2 class=\"wp-block-heading\"><strong>Juguete para conejo Vasos apilables: divertido e interactivo<\/strong><\/h2>\n<p><\/p>\n<p><\/p>\n<p>Este <strong>juguete para conejo Vasos apilables<\/strong> es un excelente juguete para mantener entretenido a tu conejo. A los conejitos les encanta jugar, buscar y olfatear cosas, as\u00ed que este <strong>juguete econ\u00f3mico para conejo<\/strong> es perfecto para ellos. Es importante estimular los sentidos de tu conejo para mantener su salud mental. Jugar le permite a tu mascota desarrollar tanto sus sentidos como su inteligencia. \u00a1Un conejo sano es un conejo feliz!<\/p>\n<p><\/p>\n<p><\/p>\n<figure class=\"wp-block-image\"><img decoding=\"async\" src=\"https:\/\/mon-lapinnain.com\/wp-content\/uploads\/2021\/09\/Jeu-pour-lapin-pot.gif\" alt=\"vasos para conejos\" class=\"wp-image-7622\" \/><\/figure>\n<p><\/p>\n<p><\/p>\n<h2 class=\"wp-block-heading\">\u00bfC\u00f3mo jugar con tu conejo?<\/h2>\n<p><\/p>\n<p><\/p>\n<p>Jugar con tu conejo es f\u00e1cil y divertido con estos <strong>vasos apilables para conejos<\/strong>. Coloca algunas golosinas en los vasitos, ap\u00edlalos para que tu conejito los agarre y juegue. \u00a1Tu conejo buscar\u00e1 las golosinas que has escondido en el <strong>juguete para conejo<\/strong> y se volver\u00e1 loco con esta nueva actividad! Tambi\u00e9n puedes esconder solo una golosina en uno de los vasitos y ponerlos en el suelo. \u00a1Tus conejitos buscar\u00e1n la golosina escondida! \u00a1Ya ver\u00e1s, siempre gana \u00e9l!<\/p>\n<p><\/p>\n<p><\/p>\n<figure class=\"wp-block-image is-resized\"><img decoding=\"async\" src=\"https:\/\/mon-lapinnain.com\/wp-content\/uploads\/2024\/02\/stacking-cups-lapin.png\" alt=\"Vasos juguete para conejo\" class=\"wp-image-16828\" style=\"width:auto;height:599px\" \/><\/figure>\n<p><\/p>\n<p><\/p>\n<h2 class=\"wp-block-heading\">Un juguete de excavaci\u00f3n para conejos<\/h2>\n<p><\/p>\n<p><\/p>\n<p>El <strong>juguete para conejo vasos apilables<\/strong> es un juguete de excavaci\u00f3n basado en el mismo principio que la <strong>alfombra olfativa para conejo<\/strong>. Es una actividad divertida y deportiva para tu conejo, ya que 10 minutos de juego son suficientes para mantenerlo sano.<\/p>\n<p><\/p>\n<p><\/p>\n<figure class=\"wp-block-image\"><img decoding=\"async\" src=\"https:\/\/mon-lapinnain.com\/wp-content\/uploads\/2021\/09\/Jeux-pour-lapin.gif\" alt=\"Juguete para conejo\" class=\"wp-image-7625\" \/><\/figure>\n<p><\/p>\n<p><\/p>\n<p><strong>M\u00e1s detalles:<\/strong><\/p>\n<p><\/p>\n<p><\/p>\n<ul class=\"wp-block-list\"><\/p>\n<li>Juego de 8 vasos de diferentes tama\u00f1os<\/li>\n<p><\/p>\n<p><\/p>\n<li>Vasos de colores pastel<\/li>\n<p><\/p>\n<p><\/p>\n<li>Pl\u00e1stico<\/li>\n<p><\/ul>\n<p><\/p>\n<p><\/p>\n<p>Para a\u00fan m\u00e1s diversi\u00f3n para tu amigo peludo, descubre nuestra selecci\u00f3n de <a href=\"https:\/\/www.bunzyland.com\/es\/juguetes-conejos\/\">juguetes para conejo<\/a> especialmente dise\u00f1ados para su bienestar y entretenimiento.<\/p>\n<p><\/p>\n","protected":false},"excerpt":{"rendered":"<ul>\n<li>Juguete para conejo<\/li>\n<li>Combate el aburrimiento en los conejos<\/li>\n<li>Desarrolla la inteligencia del conejo<\/li>\n<li>Preserva la salud mental<\/li>\n<\/ul>\n","protected":false},"featured_media":15023,"comment_status":"closed","ping_status":"closed","template":"","meta":{"_seopress_robots_primary_cat":"none","_seopress_titles_title":"","_seopress_titles_desc":"The toy for rabbit Stacking cups is a playful bunny toy that is perfect for developing the dwarf rabbit's senses and intelligence.","_seopress_robots_index":""},"product_brand":[],"product_cat":[296,269],"product_tag":[],"class_list":{"0":"post-15022","1":"product","2":"type-product","3":"status-publish","4":"has-post-thumbnail","6":"product_cat-bunny-shop","7":"product_cat-juguetes-conejos","8":"product_shipping_class-ok-mondial-relais","10":"first","11":"outofstock","12":"sale","13":"taxable","14":"shipping-taxable","15":"purchasable","16":"product-type-simple"},"_links":{"self":[{"href":"https:\/\/www.bunzyland.com\/es\/wp-json\/wp\/v2\/product\/15022","targetHints":{"allow":["GET"]}}],"collection":[{"href":"https:\/\/www.bunzyland.com\/es\/wp-json\/wp\/v2\/product"}],"about":[{"href":"https:\/\/www.bunzyland.com\/es\/wp-json\/wp\/v2\/types\/product"}],"replies":[{"embeddable":true,"href":"https:\/\/www.bunzyland.com\/es\/wp-json\/wp\/v2\/comments?post=15022"}],"wp:featuredmedia":[{"embeddable":true,"href":"https:\/\/www.bunzyland.com\/es\/wp-json\/wp\/v2\/media\/15023"}],"wp:attachment":[{"href":"https:\/\/www.bunzyland.com\/es\/wp-json\/wp\/v2\/media?parent=15022"}],"wp:term":[{"taxonomy":"product_brand","embeddable":true,"href":"https:\/\/www.bunzyland.com\/es\/wp-json\/wp\/v2\/product_brand?post=15022"},{"taxonomy":"product_cat","embeddable":true,"href":"https:\/\/www.bunzyland.com\/es\/wp-json\/wp\/v2\/product_cat?post=15022"},{"taxonomy":"product_tag","embeddable":true,"href":"https:\/\/www.bunzyland.com\/es\/wp-json\/wp\/v2\/product_tag?post=15022"}],"curies":[{"name":"wp","href":"https:\/\/api.w.org\/{rel}","templated":true}]}}