{"id":15030,"date":"2024-02-19T15:56:29","date_gmt":"2024-02-19T14:56:29","guid":{"rendered":"https:\/\/bunzyland.com\/product\/rabbit-hay-feeder-bag\/"},"modified":"2025-10-06T16:54:52","modified_gmt":"2025-10-06T14:54:52","slug":"bolsa-dispensadora-de-heno-para-conejos","status":"publish","type":"product","link":"https:\/\/www.bunzyland.com\/es\/producto\/bolsa-dispensadora-de-heno-para-conejos\/","title":{"rendered":"Bolsa dispensadora de heno para conejos"},"content":{"rendered":"<h2><b>Bolsa dispensadora de heno para conejos: pr\u00e1ctica y econ\u00f3mica<\/b><\/h2>\n<p>\u00bfEst\u00e1s cansado de que tu conejo o mini lop desperdicie el heno? \u00a1La <strong>bolsa dispensadora de heno para conejos<\/strong> es la soluci\u00f3n anti-desperdicio! Llena la<strong> rejilla de heno para conejos<\/strong> hasta arriba y tu mascota disfrutar\u00e1 de comer de este divertido accesorio nuevo. \u00a1El soporte para heno anti-desperdicio te facilitar\u00e1 mucho la vida! \u00a1No m\u00e1s heno por todas partes!<\/p>\n<p>Es una soluci\u00f3n m\u00e1s segura, limpia y econ\u00f3mica para tu conejito. Dejar el heno en el suelo no es recomendable, ya que puede ensuciarse con tu peque\u00f1a mascota, lo que no es muy higi\u00e9nico. Tu conejo tambi\u00e9n necesita tener heno disponible durante todo el d\u00eda, y rellenarlo es muy sencillo con este dise\u00f1o de bolsa.<\/p>\n<p><img fetchpriority=\"high\" decoding=\"async\" class=\"alignnone wp-image-7683\" src=\"https:\/\/mon-lapinnain.com\/wp-content\/uploads\/2021\/09\/Sac-a\u0300-foin-jaune.jpg\" alt=\"Bolsa dispensadora de heno para conejos\" width=\"600\" height=\"600\" \/><\/p>\n<h2><b>La <span data-sheets-value=\"{&quot;1&quot;:2,&quot;2&quot;:&quot;rabbit hay rack&quot;}\" data-sheets-userformat=\"{&quot;2&quot;:25281,&quot;3&quot;:{&quot;1&quot;:0},&quot;9&quot;:1,&quot;10&quot;:1,&quot;12&quot;:0,&quot;16&quot;:11,&quot;17&quot;:1}\">rejilla de heno para conejos<\/span> para ense\u00f1arles a usar el ba\u00f1o<\/b><\/h2>\n<p>Coloca la<strong> bolsa de heno para conejos<\/strong> en el corral o directamente sobre el ba\u00f1o, ya que a los conejitos les gusta comer heno mientras hacen pis y caca. Aqu\u00ed tienes un consejo para entrenar a tu conejo a usar el ba\u00f1o. Para evitar que tu conejo haga sus necesidades en otros lugares, debe adquirir el reflejo de ir al sitio adecuado. El <strong>dispensador de heno<\/strong> ayudar\u00e1 a tu conejo a entender que el ba\u00f1o es un lugar agradable, as\u00ed que es perfecto para este prop\u00f3sito.<\/p>\n<h2>Bolsa de heno adorable<\/h2>\n<p>El <strong>soporte para heno<\/strong> est\u00e1 disponible en 3 colores diferentes. Se fija f\u00e1cilmente a los barrotes de la jaula o del corral con 2 ganchos met\u00e1licos.<\/p>\n<p><b>M\u00e1s detalles:<\/b><\/p>\n<ul>\n<li>Algod\u00f3n<\/li>\n<li>Tama\u00f1o: 33 cm de largo x 24 cm de alto x 5,5 cm de ancho \/ 13&#8243; largo x 9,4&#8243; alto x 2,1&#8243; ancho<\/li>\n<li>Amarillo<\/li>\n<\/ul>\n","protected":false},"excerpt":{"rendered":"<ul>\n<li>Accesorio para conejos<\/li>\n<li>Dispensador de heno para conejos<\/li>\n<li>Entrenar a un conejo para usar el ba\u00f1o<\/li>\n<\/ul>\n","protected":false},"featured_media":15031,"comment_status":"closed","ping_status":"closed","template":"","meta":{"_seopress_robots_primary_cat":"none","_seopress_titles_title":"","_seopress_titles_desc":"The Rabbit hay feeder bag is the must-have accessory for rabbit to avoid waste and learn cleanliness. perfect for litter training rabbits.","_seopress_robots_index":""},"product_brand":[],"product_cat":[278,296,281,299],"product_tag":[],"class_list":{"0":"post-15030","1":"product","2":"type-product","3":"status-publish","4":"has-post-thumbnail","6":"product_cat-accesorios-conejos","7":"product_cat-bunny-shop","8":"product_cat-comedero-heno-conejos","9":"product_cat-offers","11":"first","12":"instock","13":"sale","14":"taxable","15":"shipping-taxable","16":"purchasable","17":"product-type-simple"},"_links":{"self":[{"href":"https:\/\/www.bunzyland.com\/es\/wp-json\/wp\/v2\/product\/15030","targetHints":{"allow":["GET"]}}],"collection":[{"href":"https:\/\/www.bunzyland.com\/es\/wp-json\/wp\/v2\/product"}],"about":[{"href":"https:\/\/www.bunzyland.com\/es\/wp-json\/wp\/v2\/types\/product"}],"replies":[{"embeddable":true,"href":"https:\/\/www.bunzyland.com\/es\/wp-json\/wp\/v2\/comments?post=15030"}],"wp:featuredmedia":[{"embeddable":true,"href":"https:\/\/www.bunzyland.com\/es\/wp-json\/wp\/v2\/media\/15031"}],"wp:attachment":[{"href":"https:\/\/www.bunzyland.com\/es\/wp-json\/wp\/v2\/media?parent=15030"}],"wp:term":[{"taxonomy":"product_brand","embeddable":true,"href":"https:\/\/www.bunzyland.com\/es\/wp-json\/wp\/v2\/product_brand?post=15030"},{"taxonomy":"product_cat","embeddable":true,"href":"https:\/\/www.bunzyland.com\/es\/wp-json\/wp\/v2\/product_cat?post=15030"},{"taxonomy":"product_tag","embeddable":true,"href":"https:\/\/www.bunzyland.com\/es\/wp-json\/wp\/v2\/product_tag?post=15030"}],"curies":[{"name":"wp","href":"https:\/\/api.w.org\/{rel}","templated":true}]}}