{"id":15061,"date":"2024-02-19T15:56:27","date_gmt":"2024-02-19T14:56:27","guid":{"rendered":"https:\/\/bunzyland.com\/product\/rabbit-bowl\/"},"modified":"2025-10-06T16:54:53","modified_gmt":"2025-10-06T14:54:53","slug":"cuenco-para-conejo","status":"publish","type":"product","link":"https:\/\/www.bunzyland.com\/es\/producto\/cuenco-para-conejo\/","title":{"rendered":"Cuenco para conejo"},"content":{"rendered":"<h2>Cuenco para conejo: El comedero ideal<\/h2>\n<p>El <strong>cuenco para conejo<\/strong> es el <strong>accesorio<\/strong> perfecto para tu peque\u00f1o amigo. Este <strong>comedero para conejo<\/strong> ofrece muchos beneficios para tu conejito. Puedes guardar comida, heno y agua en \u00e9l. No te preocupes por que tu mascota vuelque el comedero e inunde la jaula, este <strong>cuenco de agua para conejo<\/strong> est\u00e1 especialmente dise\u00f1ado para no derramar agua. El comedero est\u00e1 hecho de cer\u00e1mica pesada, \u00a1as\u00ed tu conejo no convertir\u00e1 su jaula en una piscina!<\/p>\n<p>Tu conejito estar\u00e1 en la posici\u00f3n correcta para comer y beber tanto como quiera. Coloca el <strong>cuenco para conejo<\/strong> en una esquina de la jaula, si es posible opuesto al ba\u00f1o, para mantener el agua limpia y segura.<\/p>\n<p><img fetchpriority=\"high\" decoding=\"async\" class=\"alignnone wp-image-8083\" src=\"https:\/\/mon-lapinnain.com\/wp-content\/uploads\/2021\/11\/gamelle-lapin.jpg\" alt=\"cuenco para conejo\" width=\"600\" height=\"600\" \/><\/p>\n<p>Hay dos <strong>cuencos para conejos<\/strong>, uno redondo y otro triangular, elige el que m\u00e1s te convenga. Estos dos comederos de cer\u00e1mica con sus bonitos dise\u00f1os de zanahorias encajar\u00e1n perfectamente en el h\u00e1bitat de tu mascota. Este <strong>cuenco de comida para conejo<\/strong> tambi\u00e9n puede contener heno, ensalada o los pellets de tu conejo.<\/p>\n<h3><span data-sheets-value=\"{&quot;1&quot;:2,&quot;2&quot;:&quot;can rabbits drink out of a bowl&quot;}\" data-sheets-userformat=\"{&quot;2&quot;:8897,&quot;3&quot;:{&quot;1&quot;:0},&quot;9&quot;:1,&quot;10&quot;:1,&quot;12&quot;:0,&quot;16&quot;:11}\">\u00bfPueden los conejos beber de un cuenco?<\/span><\/h3>\n<p>Es mejor elegir un <strong>cuenco para conejo<\/strong> en lugar de una botella. Esta opci\u00f3n se adapta mucho mejor al comportamiento de tu conejo. Ofrece una mejor posici\u00f3n al beber y no hay riesgo de da\u00f1ar los dientes de tu conejo a largo plazo.<\/p>\n<p><strong><br \/>\nM\u00e1s detalles de este comedero para conejo:<\/strong><\/p>\n<ul>\n<li>Materiales: Cer\u00e1mica pesada<\/li>\n<li>Formas: Redonda o triangular<\/li>\n<li>Dimensiones:<br \/>\ncuenco redondo: D 13cm x H 6cm (D 5.1in x H 2.4in)<br \/>\ncuenco triangular: L 10,5 x An 12 x Al 5,5 cm (L 4.1in x An 4.7in x Al 2.2in)<\/li>\n<\/ul>\n<p>Para asegurar el bienestar y la comodidad de tu conejo, explora nuestra amplia gama de <a href=\"https:\/\/www.bunzyland.com\/es\/accesorios-conejos\/\">accesorios para conejos<\/a>, adaptados a todas sus necesidades.<\/p>\n","protected":false},"excerpt":{"rendered":"<ul>\n<li>Cuenco para conejo<\/li>\n<li>Cer\u00e1mica<\/li>\n<\/ul>\n","protected":false},"featured_media":15062,"comment_status":"closed","ping_status":"closed","template":"","meta":{"_seopress_robots_primary_cat":"none","_seopress_titles_title":"","_seopress_titles_desc":"","_seopress_robots_index":""},"product_brand":[],"product_cat":[278,290,296,299],"product_tag":[],"class_list":{"0":"post-15061","1":"product","2":"type-product","3":"status-publish","4":"has-post-thumbnail","6":"product_cat-accesorios-conejos","7":"product_cat-bebedero-para-conejos","8":"product_cat-bunny-shop","9":"product_cat-offers","10":"product_shipping_class-ok-mondial-relais","12":"first","13":"instock","14":"sale","15":"taxable","16":"shipping-taxable","17":"purchasable","18":"product-type-variable","19":"has-default-attributes"},"_links":{"self":[{"href":"https:\/\/www.bunzyland.com\/es\/wp-json\/wp\/v2\/product\/15061","targetHints":{"allow":["GET"]}}],"collection":[{"href":"https:\/\/www.bunzyland.com\/es\/wp-json\/wp\/v2\/product"}],"about":[{"href":"https:\/\/www.bunzyland.com\/es\/wp-json\/wp\/v2\/types\/product"}],"replies":[{"embeddable":true,"href":"https:\/\/www.bunzyland.com\/es\/wp-json\/wp\/v2\/comments?post=15061"}],"wp:featuredmedia":[{"embeddable":true,"href":"https:\/\/www.bunzyland.com\/es\/wp-json\/wp\/v2\/media\/15062"}],"wp:attachment":[{"href":"https:\/\/www.bunzyland.com\/es\/wp-json\/wp\/v2\/media?parent=15061"}],"wp:term":[{"taxonomy":"product_brand","embeddable":true,"href":"https:\/\/www.bunzyland.com\/es\/wp-json\/wp\/v2\/product_brand?post=15061"},{"taxonomy":"product_cat","embeddable":true,"href":"https:\/\/www.bunzyland.com\/es\/wp-json\/wp\/v2\/product_cat?post=15061"},{"taxonomy":"product_tag","embeddable":true,"href":"https:\/\/www.bunzyland.com\/es\/wp-json\/wp\/v2\/product_tag?post=15061"}],"curies":[{"name":"wp","href":"https:\/\/api.w.org\/{rel}","templated":true}]}}