{"id":15080,"date":"2024-02-19T15:56:27","date_gmt":"2024-02-19T14:56:27","guid":{"rendered":"https:\/\/bunzyland.com\/product\/non-slip-rabbit-mat\/"},"modified":"2025-10-06T16:54:53","modified_gmt":"2025-10-06T14:54:53","slug":"alfombrilla-antideslizante-para-conejo","status":"publish","type":"product","link":"https:\/\/www.bunzyland.com\/es\/producto\/alfombrilla-antideslizante-para-conejo\/","title":{"rendered":"Alfombrilla antideslizante para conejo"},"content":{"rendered":"<h2>La alfombrilla antideslizante para conejo que combina comodidad y practicidad<\/h2>\n<p>Tanto si tu conejo es de vida libre como semi-libre, ofr\u00e9cele la <strong>Alfombrilla Antideslizante para Conejo<\/strong>, especialmente dise\u00f1ada para adaptarse a su estilo de vida. Esta <strong>alfombrilla para el suelo<\/strong>, tan bonita como pr\u00e1ctica, se integra armoniosamente en el espacio de tu conejo, proporcion\u00e1ndole un lugar dedicado para sus actividades diarias. Esta <strong>alfombra de juegos para conejos<\/strong> tambi\u00e9n puede adaptarse f\u00e1cilmente como suelo para el parque, ofreciendo a tu conejo un espacio c\u00f3modo. Su superficie suave es perfecta para que tu conejo descanse, juegue y se desplace.<\/p>\n<p><img fetchpriority=\"high\" decoding=\"async\" class=\"alignnone wp-image-14113 size-full\" src=\"https:\/\/mon-lapinnain.com\/wp-content\/uploads\/2021\/11\/grand-tapis-lapin.gif\" alt=\"alfombrilla grande para conejo\" width=\"415\" height=\"500\" \/><\/p>\n<p>Nuestra <strong>alfombrilla para conejo<\/strong> es una verdadera ventaja para el bienestar de tu mascota, especialmente para conejos con patas sensibles. Su revestimiento antideslizante garantiza que la <strong>alfombrilla<\/strong> permanezca bien fija, incluso cuando tu conejo est\u00e9 lleno de energ\u00eda y corra de un lado a otro. Est\u00e1 dise\u00f1ada para reducir el riesgo de lesiones causadas por movimientos bruscos, asegurando que el tiempo de juego sea siempre seguro y divertido. Su textura ligeramente afelpada tambi\u00e9n es ideal para mantener sanas sus delicadas patitas.<\/p>\n<p><img decoding=\"async\" class=\"alignnone wp-image-14114\" src=\"https:\/\/mon-lapinnain.com\/wp-content\/uploads\/2021\/11\/Tapis-pour-lapin-antiderapant.png\" alt=\"Alfombrilla antideslizante para conejo\" width=\"600\" height=\"600\" \/><\/p>\n<h3>\u00bfPor qu\u00e9 tener una alfombra para tu conejo?<\/h3>\n<p>Con esta <strong>alfombrilla antideslizante para conejo<\/strong>, puedes transformar el espacio de vida de tu peque\u00f1o tesoro en un verdadero parque de juegos. Puedes colocar f\u00e1cilmente su caja de arena, casita, cama acogedora y comederos para crear un entorno perfectamente adaptado a sus necesidades. Nuestra <strong>alfombrilla<\/strong> sirve de base ideal para organizar y delimitar el espacio personal de tu conejo, permiti\u00e9ndole sentirse seguro en su propio peque\u00f1o mundo.<\/p>\n<p><img decoding=\"async\" class=\"alignnone wp-image-14120\" src=\"https:\/\/mon-lapinnain.com\/wp-content\/uploads\/2021\/11\/Tapis-pour-lapin-grand.png\" alt=\"Alfombrilla grande para conejo\" width=\"600\" height=\"485\" \/><\/p>\n<p>Su facilidad de mantenimiento es una ventaja indiscutible para todos los padres de conejos: solo tienes que ponerla en la lavadora a baja temperatura (30\u00b0C) y la <strong>alfombrilla para conejo<\/strong> conserva su agarre y su textura suave. Como puedes ver, es un imprescindible si tienes un conejo en casa. Es una soluci\u00f3n pr\u00e1ctica y est\u00e9tica para amueblar el espacio de vida de tu conejo. \ud83d\udc07\u2728\ud83c\udfe1<\/p>\n<p><strong><br \/>Caracter\u00edsticas:\u00a0<\/strong><\/p>\n<ul>\n<li>Materiales: Algod\u00f3n<\/li>\n<li>Alfombrilla para parques de conejos<\/li>\n<li>Previene la pododermatitis<\/li>\n<li>Tama\u00f1o: Disponible en 3 tama\u00f1os<\/li>\n<li>Color: 2 estampados de conejos diferentes (Azul \/ Rosa)<\/li>\n<li>Lavar a baja temperatura (30\u00b0C)<\/li>\n<\/ul>\n<p><img loading=\"lazy\" decoding=\"async\" class=\"alignnone wp-image-14116\" src=\"https:\/\/mon-lapinnain.com\/wp-content\/uploads\/2021\/11\/Tapis-de-sol-pour-lapin.png\" alt=\"Alfombrillas de suelo para conejos\" width=\"600\" height=\"600\" \/><\/p>\n<p>Descubre nuestra colecci\u00f3n de <strong>alfombrillas para conejo<\/strong>, perfectas para la comodidad de tu peque\u00f1o compa\u00f1ero, para una zona de juego o descanso agradable y adaptada.<\/p>\n<p><\/p>\n<p><\/p>","protected":false},"excerpt":{"rendered":"<ul>\n<li>Alfombrilla para conejo<\/li>\n<li>Accesorios para conejos<\/li>\n<\/ul>\n","protected":false},"featured_media":15081,"comment_status":"closed","ping_status":"closed","template":"","meta":{"_seopress_robots_primary_cat":"none","_seopress_titles_title":"","_seopress_titles_desc":"","_seopress_robots_index":""},"product_brand":[],"product_cat":[283,296],"product_tag":[],"class_list":{"0":"post-15080","1":"product","2":"type-product","3":"status-publish","4":"has-post-thumbnail","6":"product_cat-alfombras-conejos","7":"product_cat-bunny-shop","8":"product_shipping_class-ok-mondial-relais","10":"first","11":"instock","12":"taxable","13":"shipping-taxable","14":"purchasable","15":"product-type-variable","16":"has-default-attributes"},"_links":{"self":[{"href":"https:\/\/www.bunzyland.com\/es\/wp-json\/wp\/v2\/product\/15080","targetHints":{"allow":["GET"]}}],"collection":[{"href":"https:\/\/www.bunzyland.com\/es\/wp-json\/wp\/v2\/product"}],"about":[{"href":"https:\/\/www.bunzyland.com\/es\/wp-json\/wp\/v2\/types\/product"}],"replies":[{"embeddable":true,"href":"https:\/\/www.bunzyland.com\/es\/wp-json\/wp\/v2\/comments?post=15080"}],"wp:featuredmedia":[{"embeddable":true,"href":"https:\/\/www.bunzyland.com\/es\/wp-json\/wp\/v2\/media\/15081"}],"wp:attachment":[{"href":"https:\/\/www.bunzyland.com\/es\/wp-json\/wp\/v2\/media?parent=15080"}],"wp:term":[{"taxonomy":"product_brand","embeddable":true,"href":"https:\/\/www.bunzyland.com\/es\/wp-json\/wp\/v2\/product_brand?post=15080"},{"taxonomy":"product_cat","embeddable":true,"href":"https:\/\/www.bunzyland.com\/es\/wp-json\/wp\/v2\/product_cat?post=15080"},{"taxonomy":"product_tag","embeddable":true,"href":"https:\/\/www.bunzyland.com\/es\/wp-json\/wp\/v2\/product_tag?post=15080"}],"curies":[{"name":"wp","href":"https:\/\/api.w.org\/{rel}","templated":true}]}}