{"id":15095,"date":"2024-02-19T15:56:26","date_gmt":"2024-02-19T14:56:26","guid":{"rendered":"https:\/\/bunzyland.com\/product\/natural-rabbit-toy\/"},"modified":"2025-10-06T16:54:53","modified_gmt":"2025-10-06T14:54:53","slug":"juguete-natural-para-conejo","status":"publish","type":"product","link":"https:\/\/www.bunzyland.com\/es\/producto\/juguete-natural-para-conejo\/","title":{"rendered":"Juguete natural para conejo"},"content":{"rendered":"<h2>Un juguete para conejo con ramas para roer<\/h2>\n<p>El <strong>juguete natural para conejo<\/strong> es un accesorio para roer hecho de <strong>ramas de manzano<\/strong> envueltas en hierba natural trenzada. Este <strong>juguete para conejo enano<\/strong> es el regalo perfecto para tu conejo. Podr\u00e1 jugar mientras roe. Este mordedor para conejo est\u00e1 hecho de madera encordada con hierba natural. Sin duda, satisfar\u00e1 las ganas de roer de tu peque\u00f1o compa\u00f1ero, mientras evita que mastique objetos da\u00f1inos como el pl\u00e1stico. Como puedes ver, a los conejos les encanta roer y es uno de sus pasatiempos favoritos&#8230; as\u00ed que es buena idea regalarle a tu mascota un <strong>accesorio para conejo<\/strong> especialmente dise\u00f1ado para este prop\u00f3sito.<\/p>\n<h3>Ramitas y cuerda: \u00d1AM<\/h3>\n<p>El <strong>juguete natural para conejo<\/strong> con ramitas unidas por una cuerda natural representa todo lo que les encanta a los conejos, \u00a1todo en un solo objeto! De hecho, es uno de los <strong>juguetes favoritos de los conejos<\/strong>, ya que les permite jugar y divertirse mientras mastican materiales que adoran. Algunos juguetes para conejos est\u00e1n hechos totalmente de cuerda, otros de madera, pero este <strong>mordedor para conejo<\/strong> combina ambos, para alegr\u00eda de tu peque\u00f1o peludo. Adem\u00e1s, roer este juguete ayuda a tu conejo a mantener una buena higiene dental.<\/p>\n<p>Sin embargo, ten en cuenta que este <strong>juguete natural para conejo<\/strong> de ninguna manera reemplaza la alimentaci\u00f3n principal de tu conejo, que es el heno, sino que es m\u00e1s bien un premio.<\/p>\n<p><strong>Caracter\u00edsticas:<\/strong><\/p>\n<ul>\n<li><strong>Materiales:<\/strong> madera natural (manzano) + hierbas naturales tejidas<\/li>\n<li><strong>Tama\u00f1o:<\/strong> 15cm<\/li>\n<\/ul>\n<p>Para a\u00fan m\u00e1s diversi\u00f3n para tu amigo peludo, descubre nuestra selecci\u00f3n de <a href=\"_wp_link_placeholder\" data-wplink-edit=\"true\">juguetes para conejo<\/a> especialmente dise\u00f1ados para su bienestar y disfrute.<\/p>\n","protected":false},"excerpt":{"rendered":"<ul>\n<li>Juego de snacks<\/li>\n<li>100% Natural<\/li>\n<\/ul>\n","protected":false},"featured_media":15096,"comment_status":"closed","ping_status":"closed","template":"","meta":{"_seopress_robots_primary_cat":"none","_seopress_titles_title":"","_seopress_titles_desc":"The natural rabbit toy in the form of tied apple tree branches is one of the healthiest treats for your rabbit.","_seopress_robots_index":""},"product_brand":[],"product_cat":[296,293,269],"product_tag":[],"class_list":{"0":"post-15095","1":"product","2":"type-product","3":"status-publish","4":"has-post-thumbnail","6":"product_cat-bunny-shop","7":"product_cat-juguete-morder","8":"product_cat-juguetes-conejos","9":"product_shipping_class-ok-mondial-relais","11":"first","12":"outofstock","13":"taxable","14":"shipping-taxable","15":"purchasable","16":"product-type-simple"},"_links":{"self":[{"href":"https:\/\/www.bunzyland.com\/es\/wp-json\/wp\/v2\/product\/15095","targetHints":{"allow":["GET"]}}],"collection":[{"href":"https:\/\/www.bunzyland.com\/es\/wp-json\/wp\/v2\/product"}],"about":[{"href":"https:\/\/www.bunzyland.com\/es\/wp-json\/wp\/v2\/types\/product"}],"replies":[{"embeddable":true,"href":"https:\/\/www.bunzyland.com\/es\/wp-json\/wp\/v2\/comments?post=15095"}],"wp:featuredmedia":[{"embeddable":true,"href":"https:\/\/www.bunzyland.com\/es\/wp-json\/wp\/v2\/media\/15096"}],"wp:attachment":[{"href":"https:\/\/www.bunzyland.com\/es\/wp-json\/wp\/v2\/media?parent=15095"}],"wp:term":[{"taxonomy":"product_brand","embeddable":true,"href":"https:\/\/www.bunzyland.com\/es\/wp-json\/wp\/v2\/product_brand?post=15095"},{"taxonomy":"product_cat","embeddable":true,"href":"https:\/\/www.bunzyland.com\/es\/wp-json\/wp\/v2\/product_cat?post=15095"},{"taxonomy":"product_tag","embeddable":true,"href":"https:\/\/www.bunzyland.com\/es\/wp-json\/wp\/v2\/product_tag?post=15095"}],"curies":[{"name":"wp","href":"https:\/\/api.w.org\/{rel}","templated":true}]}}