{"id":15104,"date":"2024-02-19T15:56:26","date_gmt":"2024-02-19T14:56:26","guid":{"rendered":"https:\/\/bunzyland.com\/product\/fun-toy-for-rabbit\/"},"modified":"2025-10-06T16:54:53","modified_gmt":"2025-10-06T14:54:53","slug":"juguete-divertido-para-conejo","status":"publish","type":"product","link":"https:\/\/www.bunzyland.com\/es\/producto\/juguete-divertido-para-conejo\/","title":{"rendered":"Juguete divertido para conejo"},"content":{"rendered":"<h2><b>Juguete divertido para conejo\u00a0: Un <span data-sheets-value=\"{&quot;1&quot;:2,&quot;2&quot;:&quot;digging toys for rabbits&quot;}\" data-sheets-userformat=\"{&quot;2&quot;:8897,&quot;3&quot;:{&quot;1&quot;:0},&quot;9&quot;:1,&quot;10&quot;:1,&quot;12&quot;:0,&quot;16&quot;:11}\">juguete de excavaci\u00f3n<\/span> divertido<\/b><\/h2>\n<p>El <strong>juguete divertido para conejo<\/strong> es un <strong>juguete de excavaci\u00f3n<\/strong> para estimular a tu conejito. Este <strong>juguete de peluche para conejo<\/strong> es un tipo de rompecabezas, basado en el mismo principio que la <strong>alfombrilla de forrajeo para conejos<\/strong>. Cada vez que tu querido juegue con este <strong>juguete para conejo<\/strong>, tendr\u00e1 un efecto positivo en su desarrollo y le ayudar\u00e1 a crecer. Este <strong>juguete interactivo para conejos<\/strong> puede considerarse como un tipo de dispensador de premios y es una buena t\u00e9cnica para estimular a tu mascota.<\/p>\n<p><img fetchpriority=\"high\" decoding=\"async\" class=\"alignnone wp-image-8419\" src=\"https:\/\/mon-lapinnain.com\/wp-content\/uploads\/2022\/04\/tapis-de-fouille-pour-lapin-nain.jpg\" alt=\"alfombrilla olfativa para conejos\" width=\"600\" height=\"600\" \/><\/p>\n<p>Este hermoso <strong>juguete de excavaci\u00f3n para conejos<\/strong> mantendr\u00e1 entretenido a tu peque\u00f1o amigo durante horas mientras le proporciona ejercicio mental. Tambi\u00e9n es un peluche que tranquilizar\u00e1 a tu mascota, le encantar\u00e1 dormir a su lado.<\/p>\n<h3>Un juguete en el mismo esp\u00edritu que la\u00a0alfombrilla de forrajeo<\/h3>\n<p>Este <strong>juguete para conejo<\/strong> es l\u00fadico y divertido. Para hacer que el <strong>juguete de excavaci\u00f3n para conejo<\/strong> sea entretenido, simplemente coloca los premios favoritos de tu conejo en el centro de este acorde\u00f3n. Tu conejito tendr\u00e1 que usar su inteligencia para conseguir los premios escondidos en el <strong>juguete para conejos<\/strong>.<br \/>\nDe esta manera, tu peque\u00f1o amigo buscar\u00e1 sus premios favoritos, lo que estimular\u00e1 su pensamiento y sentidos. Adem\u00e1s, le permite hacer esfuerzos f\u00edsicos que ayudan a tu conejo a mantenerse en forma. Este <strong>juguete para conejo<\/strong> es ideal para el desarrollo f\u00edsico y mental de tu peque\u00f1o amigo.<\/p>\n<p><b>M\u00e1s detalles:<\/b><\/p>\n<ul>\n<li style=\"font-weight: 400\">3 estilos diferentes: conejo, koala, hipop\u00f3tamo<\/li>\n<li style=\"font-weight: 400\">Materiales: Tela<\/li>\n<li style=\"font-weight: 400\">Tama\u00f1o: 30 x 20cm (11,8 x 7,9 in)<\/li>\n<\/ul>\n<p><img decoding=\"async\" class=\"alignnone wp-image-8420\" src=\"https:\/\/mon-lapinnain.com\/wp-content\/uploads\/2022\/04\/tapis-de-fouille-pour-lapin.jpg\" alt=\"juguetes para conejos\" width=\"600\" height=\"600\" \/><\/p>\n<p>Para a\u00fan m\u00e1s diversi\u00f3n para tu amigo peludo, descubre nuestra selecci\u00f3n de <a href=\"https:\/\/www.bunzyland.com\/es\/juguetes-conejos\/\">juguetes para conejos<\/a> especialmente dise\u00f1ados para su bienestar y disfrute.<\/p>\n","protected":false},"excerpt":{"rendered":"<ul>\n<li>Mismo principio que la alfombrilla de forrajeo para conejos<\/li>\n<li>L\u00fadico y divertido<\/li>\n<\/ul>\n","protected":false},"featured_media":15105,"comment_status":"closed","ping_status":"closed","template":"","meta":{"_seopress_robots_primary_cat":"none","_seopress_titles_title":"","_seopress_titles_desc":"Fun toy for rabbit is based on the same principle as the Rabbit digging Toy. It stimulates your rabbit's senses. It's the best rabbit toy!","_seopress_robots_index":""},"product_brand":[],"product_cat":[296,269],"product_tag":[],"class_list":{"0":"post-15104","1":"product","2":"type-product","3":"status-publish","4":"has-post-thumbnail","6":"product_cat-bunny-shop","7":"product_cat-juguetes-conejos","8":"product_shipping_class-ok-mondial-relais","10":"first","11":"instock","12":"taxable","13":"shipping-taxable","14":"purchasable","15":"product-type-variable","16":"has-default-attributes"},"_links":{"self":[{"href":"https:\/\/www.bunzyland.com\/es\/wp-json\/wp\/v2\/product\/15104","targetHints":{"allow":["GET"]}}],"collection":[{"href":"https:\/\/www.bunzyland.com\/es\/wp-json\/wp\/v2\/product"}],"about":[{"href":"https:\/\/www.bunzyland.com\/es\/wp-json\/wp\/v2\/types\/product"}],"replies":[{"embeddable":true,"href":"https:\/\/www.bunzyland.com\/es\/wp-json\/wp\/v2\/comments?post=15104"}],"wp:featuredmedia":[{"embeddable":true,"href":"https:\/\/www.bunzyland.com\/es\/wp-json\/wp\/v2\/media\/15105"}],"wp:attachment":[{"href":"https:\/\/www.bunzyland.com\/es\/wp-json\/wp\/v2\/media?parent=15104"}],"wp:term":[{"taxonomy":"product_brand","embeddable":true,"href":"https:\/\/www.bunzyland.com\/es\/wp-json\/wp\/v2\/product_brand?post=15104"},{"taxonomy":"product_cat","embeddable":true,"href":"https:\/\/www.bunzyland.com\/es\/wp-json\/wp\/v2\/product_cat?post=15104"},{"taxonomy":"product_tag","embeddable":true,"href":"https:\/\/www.bunzyland.com\/es\/wp-json\/wp\/v2\/product_tag?post=15104"}],"curies":[{"name":"wp","href":"https:\/\/api.w.org\/{rel}","templated":true}]}}