{"id":15117,"date":"2024-02-19T15:56:25","date_gmt":"2024-02-19T14:56:25","guid":{"rendered":"https:\/\/bunzyland.com\/product\/rabbit-tunnel-foldable\/"},"modified":"2025-12-13T20:05:52","modified_gmt":"2025-12-13T19:05:52","slug":"tunel-para-conejos-plegable","status":"publish","type":"product","link":"https:\/\/www.bunzyland.com\/es\/producto\/tunel-para-conejos-plegable\/","title":{"rendered":"T\u00fanel para conejos plegable"},"content":{"rendered":"<h2>T\u00fanel para conejos: plegable con m\u00faltiples aberturas<\/h2>\n<p>El <strong>t\u00fanel para conejos plegable<\/strong> es un accesorio de juego que tiene la forma de la letra \u00abY\u00bb. Hay una abertura en cada extremo, adem\u00e1s de una abertura en la parte superior. A tu mascota seguramente le encantar\u00e1 este <strong>juguete para conejos<\/strong>, ya que su instinto animal le dir\u00e1 que este <strong>sistema de t\u00fanel para conejos<\/strong> se parece mucho a una madriguera. Podr\u00e1 correr por dentro, esconderse, salir por una de las aberturas&#8230; \u00a1Exactamente como en una madriguera!<\/p>\n<p><img fetchpriority=\"high\" decoding=\"async\" class=\"alignnone wp-image-12968\" src=\"https:\/\/mon-lapinnain.com\/wp-content\/uploads\/2022\/03\/tunnel-pour-lapin-pliable.jpg\" alt=\"t\u00fanel para conejos plegable\" width=\"600\" height=\"600\" \/><\/p>\n<p>Este tipo de <strong>juguetes para conejos<\/strong> favorece el bienestar de tu mascota. Cuanto m\u00e1s juegue tu conejo con \u00e9l, m\u00e1s feliz y realizado estar\u00e1.<\/p>\n<p>Adem\u00e1s, como este <strong>t\u00fanel para conejos<\/strong> es plegable, incluso cuando est\u00e9s de viaje, podr\u00e1s llevarlo f\u00e1cilmente contigo en la maleta.<\/p>\n<p><img decoding=\"async\" class=\"alignnone wp-image-12971\" src=\"https:\/\/mon-lapinnain.com\/wp-content\/uploads\/2022\/03\/tunnel-pour-lapin-1.jpg\" alt=\"t\u00fanel para conejos\" width=\"600\" height=\"600\" \/><\/p>\n<h3>Sobre los juguetes para conejos<\/h3>\n<p>El <strong>t\u00fanel para conejos plegable<\/strong> es sin duda un <strong>juguete para conejos<\/strong>&#8230; \u00a1Pero no solo eso! Este tipo de juguetes ayuda al desarrollo y bienestar de tu mascota. Un <strong>t\u00fanel para conejitos<\/strong> ofrece multitud de posibilidades de juego para tu fiel compa\u00f1ero. Le encantar\u00e1 correr por dentro como un loco.<\/p>\n<p><img decoding=\"async\" class=\"alignnone wp-image-8380\" src=\"https:\/\/mon-lapinnain.com\/wp-content\/uploads\/2022\/02\/jeux-pour-lapin-tunnel-jeu.jpg\" alt=\"juguete para conejos t\u00fanel\" width=\"600\" height=\"600\" \/><\/p>\n<p>Con este accesorio de <strong>juguete para conejos<\/strong>, el peque\u00f1o travieso podr\u00e1 entrar y salir por las 4 aberturas del t\u00fanel, adem\u00e1s de poder refugiarse dentro si tiene miedo. Todas estas actividades le permitir\u00e1n hacer ejercicio y mantenerse en forma. Tambi\u00e9n puedes participar en el juego fingiendo que quieres atraparlo, o moviendo una golosina que le guste por este <strong>t\u00fanel para conejos<\/strong>. A tu peque\u00f1o conejo le encantar\u00e1 su nuevo juguete para mascotas cada vez.<\/p>\n<p><b>M\u00e1s detalles:<\/b><\/p>\n<ul>\n<li style=\"font-weight: 400\">Materiales: Tejido impermeable<\/li>\n<li style=\"font-weight: 400\">Plegable y f\u00e1cil de transportar<\/li>\n<\/ul>\n<p><img loading=\"lazy\" decoding=\"async\" class=\"alignnone wp-image-12965\" src=\"https:\/\/mon-lapinnain.com\/wp-content\/uploads\/2022\/03\/dimension-tunnel.jpg\" alt=\"t\u00fanel para conejos\" width=\"600\" height=\"451\" \/><\/p>\n","protected":false},"excerpt":{"rendered":"<p>T\u00fanel para conejos: plegable con m\u00faltiples aberturas El t\u00fanel para conejos plegable es un accesorio de juego que tiene la forma de la letra \u00abY\u00bb. Hay una abertura en cada extremo, adem\u00e1s de una abertura en la parte superior. A tu mascota seguramente le encantar\u00e1 este juguete para conejos, ya que su instinto animal le [&hellip;]<\/p>\n","protected":false},"featured_media":15118,"comment_status":"closed","ping_status":"closed","template":"","meta":{"_seopress_robots_primary_cat":"none","_seopress_titles_title":"","_seopress_titles_desc":"The rabbit tunnel foldable is the best toy for rabbit to help maintain your rabbit's physical health and mental well-being.","_seopress_robots_index":""},"product_brand":[],"product_cat":[296,269,285],"product_tag":[],"class_list":{"0":"post-15117","1":"product","2":"type-product","3":"status-publish","4":"has-post-thumbnail","6":"product_cat-bunny-shop","7":"product_cat-juguetes-conejos","8":"product_cat-tunel-conejos","9":"product_shipping_class-ok-mondial-relais","11":"first","12":"outofstock","13":"taxable","14":"shipping-taxable","15":"purchasable","16":"product-type-simple"},"_links":{"self":[{"href":"https:\/\/www.bunzyland.com\/es\/wp-json\/wp\/v2\/product\/15117","targetHints":{"allow":["GET"]}}],"collection":[{"href":"https:\/\/www.bunzyland.com\/es\/wp-json\/wp\/v2\/product"}],"about":[{"href":"https:\/\/www.bunzyland.com\/es\/wp-json\/wp\/v2\/types\/product"}],"replies":[{"embeddable":true,"href":"https:\/\/www.bunzyland.com\/es\/wp-json\/wp\/v2\/comments?post=15117"}],"wp:featuredmedia":[{"embeddable":true,"href":"https:\/\/www.bunzyland.com\/es\/wp-json\/wp\/v2\/media\/15118"}],"wp:attachment":[{"href":"https:\/\/www.bunzyland.com\/es\/wp-json\/wp\/v2\/media?parent=15117"}],"wp:term":[{"taxonomy":"product_brand","embeddable":true,"href":"https:\/\/www.bunzyland.com\/es\/wp-json\/wp\/v2\/product_brand?post=15117"},{"taxonomy":"product_cat","embeddable":true,"href":"https:\/\/www.bunzyland.com\/es\/wp-json\/wp\/v2\/product_cat?post=15117"},{"taxonomy":"product_tag","embeddable":true,"href":"https:\/\/www.bunzyland.com\/es\/wp-json\/wp\/v2\/product_tag?post=15117"}],"curies":[{"name":"wp","href":"https:\/\/api.w.org\/{rel}","templated":true}]}}