{"id":15130,"date":"2024-02-19T15:56:22","date_gmt":"2024-02-19T14:56:22","guid":{"rendered":"https:\/\/bunzyland.com\/product\/rabbit-litter-tray-hygienic\/"},"modified":"2026-02-08T17:29:01","modified_gmt":"2026-02-08T16:29:01","slug":"bandeja-higienica-para-conejos","status":"publish","type":"product","link":"https:\/\/www.bunzyland.com\/es\/producto\/bandeja-higienica-para-conejos\/","title":{"rendered":"Bandeja higi\u00e9nica para conejos"},"content":{"rendered":"<h2>Una bandeja higi\u00e9nica para conejos con rejilla ultra higi\u00e9nica<\/h2>\n<p>Descubre la revoluci\u00f3n en el mundo de los <strong>accesorios para conejos<\/strong>: nuestra <strong>Bandeja higi\u00e9nica para conejos<\/strong>, especialmente dise\u00f1ada para combinar comodidad y limpieza. Este <strong>accesorio<\/strong> es una soluci\u00f3n higi\u00e9nica que mantiene el espacio de tu conejo limpio y seco, mientras le proporciona a tu peque\u00f1o compa\u00f1ero un lugar c\u00f3modo para sus necesidades. \ud83d\udc30\u2728<\/p>\n<p><img fetchpriority=\"high\" decoding=\"async\" class=\"alignnone size-full wp-image-8520\" src=\"https:\/\/mon-lapinnain.com\/wp-content\/uploads\/2022\/03\/litiere-bac-pour-lapin.gif\" alt=\"bandeja-de-arena-conejo bandeja-de-arena-conejo\" width=\"400\" height=\"400\" \/><\/p>\n<p>Esta <strong>bandeja para conejos<\/strong> est\u00e1 dise\u00f1ada para facilitar la vida diaria de los due\u00f1os de conejos. Con su rejilla extra\u00edble, separa el conejo de sus necesidades, reduciendo el riesgo de pododermatitis. Esto te ahorra un tiempo valioso y crea un entorno m\u00e1s saludable para tu conejo. Tu conejo no entrar\u00e1 en contacto con sus propios excrementos.<\/p>\n<h3>Un accesorio pr\u00e1ctico para conejos<\/h3>\n<p>Nuestra <strong>Bandeja higi\u00e9nica para conejos<\/strong> est\u00e1 disponible en dos tama\u00f1os, peque\u00f1o y grande, para adaptarse perfectamente al espacio vital de tu conejo, ya sea un conejo enano o uno m\u00e1s grande. El dise\u00f1o ergon\u00f3mico de esta <strong>bandeja para conejos<\/strong> permite a tu conejo entrar y salir f\u00e1cilmente, haci\u00e9ndola perfecta para todas las edades y condiciones f\u00edsicas. \ud83d\udcd0\ud83d\udd04<\/p>\n<p><img decoding=\"async\" class=\"alignnone wp-image-8523\" src=\"https:\/\/mon-lapinnain.com\/wp-content\/uploads\/2022\/03\/litie\u0300re-pour-lapin.jpg\" alt=\"Bandeja higi\u00e9nica para conejos\" width=\"600\" height=\"600\" \/><\/p>\n<p>La superficie de la <strong>rejilla<\/strong> est\u00e1 dise\u00f1ada para ser suave con las patas de tu conejo, asegurando que los desechos caigan en el fondo de la bandeja. Esto ayuda a mantener las patas de tu conejo limpias y secas, evitando el riesgo de irritaci\u00f3n e infecci\u00f3n.<\/p>\n<p>Al elegir nuestra <strong>Bandeja higi\u00e9nica con rejilla<\/strong>, est\u00e1s invirtiendo en la salud y el bienestar de tu mascota. Adem\u00e1s de su funci\u00f3n higi\u00e9nica, es un <strong>accesorio<\/strong> esencial en el dise\u00f1o del espacio vital de tu conejo, facilitando el aprendizaje de la higiene.<\/p>\n<p><b>Caracter\u00edsticas :<\/b><\/p>\n<ul>\n<li style=\"font-weight: 400\"><span style=\"font-weight: 400\">Disponible en 2 tama\u00f1os: Grande (57 x 45cm) y Peque\u00f1o (31 x 38cm)<\/span><\/li>\n<\/ul>\n<p><img decoding=\"async\" class=\"alignnone wp-image-8521\" src=\"https:\/\/mon-lapinnain.com\/wp-content\/uploads\/2022\/03\/litie\u0300re-pour-lapin-nain-TAILLE.jpg\" alt=\"Bandeja higi\u00e9nica para conejos con rejilla\" width=\"600\" height=\"600\" \/><\/p>\n<p>Para garantizar el bienestar y la comodidad de tu conejo, explora nuestra amplia gama de accesorios para conejos, adaptados a todas sus necesidades.<\/p>\n","protected":false},"excerpt":{"rendered":"<p>Una bandeja higi\u00e9nica para conejos con rejilla ultra higi\u00e9nica Descubre la revoluci\u00f3n en el mundo de los accesorios para conejos: nuestra Bandeja higi\u00e9nica para conejos, especialmente dise\u00f1ada para combinar comodidad y limpieza. Este accesorio es una soluci\u00f3n higi\u00e9nica que mantiene el espacio de tu conejo limpio y seco, mientras le proporciona a tu peque\u00f1o compa\u00f1ero [&hellip;]<\/p>\n","protected":false},"featured_media":15131,"comment_status":"closed","ping_status":"closed","template":"","meta":{"_seopress_robots_primary_cat":"none","_seopress_titles_title":"","_seopress_titles_desc":"","_seopress_robots_index":""},"product_brand":[],"product_cat":[278,279,296],"product_tag":[],"class_list":{"0":"post-15130","1":"product","2":"type-product","3":"status-publish","4":"has-post-thumbnail","6":"product_cat-accesorios-conejos","7":"product_cat-bandeja-sanitaria-conejos","8":"product_cat-bunny-shop","9":"product_shipping_class-ok-mondial-relais","11":"first","12":"outofstock","13":"taxable","14":"shipping-taxable","15":"purchasable","16":"product-type-variable","17":"has-default-attributes"},"_links":{"self":[{"href":"https:\/\/www.bunzyland.com\/es\/wp-json\/wp\/v2\/product\/15130","targetHints":{"allow":["GET"]}}],"collection":[{"href":"https:\/\/www.bunzyland.com\/es\/wp-json\/wp\/v2\/product"}],"about":[{"href":"https:\/\/www.bunzyland.com\/es\/wp-json\/wp\/v2\/types\/product"}],"replies":[{"embeddable":true,"href":"https:\/\/www.bunzyland.com\/es\/wp-json\/wp\/v2\/comments?post=15130"}],"wp:featuredmedia":[{"embeddable":true,"href":"https:\/\/www.bunzyland.com\/es\/wp-json\/wp\/v2\/media\/15131"}],"wp:attachment":[{"href":"https:\/\/www.bunzyland.com\/es\/wp-json\/wp\/v2\/media?parent=15130"}],"wp:term":[{"taxonomy":"product_brand","embeddable":true,"href":"https:\/\/www.bunzyland.com\/es\/wp-json\/wp\/v2\/product_brand?post=15130"},{"taxonomy":"product_cat","embeddable":true,"href":"https:\/\/www.bunzyland.com\/es\/wp-json\/wp\/v2\/product_cat?post=15130"},{"taxonomy":"product_tag","embeddable":true,"href":"https:\/\/www.bunzyland.com\/es\/wp-json\/wp\/v2\/product_tag?post=15130"}],"curies":[{"name":"wp","href":"https:\/\/api.w.org\/{rel}","templated":true}]}}