{"id":15142,"date":"2024-02-19T15:56:17","date_gmt":"2024-02-19T14:56:17","guid":{"rendered":"https:\/\/bunzyland.com\/product\/toy-for-rabbit-carrot-tunnel\/"},"modified":"2025-10-06T16:54:55","modified_gmt":"2025-10-06T14:54:55","slug":"juguete-para-conejo-tunel-de-zanahoria","status":"publish","type":"product","link":"https:\/\/www.bunzyland.com\/es\/producto\/juguete-para-conejo-tunel-de-zanahoria\/","title":{"rendered":"Juguete para conejo t\u00fanel de zanahoria"},"content":{"rendered":"<h2><b>Juguete para conejo: un divertido t\u00fanel de zanahoria<\/b><\/h2>\n<p>Este <strong>juguete para conejo t\u00fanel de zanahoria<\/strong> es el favorito entre los conejitos. Con su apariencia simple, puedes estar seguro de que tu mascota disfrutar\u00e1 jug\u00e1ndolo durante horas.<\/p>\n<p>En primer lugar, debes saber que la forma de este <strong>juguete para conejos<\/strong> no dejar\u00e1 indiferente a tu fiel amigo&#8230; Efectivamente, instintivamente le recordar\u00e1 la entrada a una madriguera, \u00a1y le encantar\u00e1 sumergirse en \u00e9l!<\/p>\n<p><img fetchpriority=\"high\" decoding=\"async\" class=\"alignnone wp-image-8904 size-full\" src=\"https:\/\/mon-lapinnain.com\/wp-content\/uploads\/2022\/07\/Tunnel-carotte-pour-lapin.gif\" alt=\"t\u00fanel de zanahoria para conejos\" width=\"400\" height=\"400\" \/><\/p>\n<p>Ver\u00e1s a tu conejo entrando y saliendo del juguete. Este divertido <strong>t\u00fanel para conejos<\/strong> tambi\u00e9n puede ser utilizado como escondite, ideal para descansar. As\u00ed que, si no ves a tu conejito durante horas, es probable que lo encuentres en este <strong>t\u00fanel de conejito. \ud83d\ude0a<\/strong><\/p>\n<p><img decoding=\"async\" class=\"alignnone wp-image-8903\" src=\"https:\/\/mon-lapinnain.com\/wp-content\/uploads\/2022\/07\/Jouet-pour-lapin-tunnel.jpg\" alt=\"t\u00fanel para conejos\" width=\"600\" height=\"600\" \/><\/p>\n<h3>Un <span data-sheets-value=\"{&quot;1&quot;:2,&quot;2&quot;:&quot;rabbit tunnel system&quot;}\" data-sheets-userformat=\"{&quot;2&quot;:8897,&quot;3&quot;:{&quot;1&quot;:0},&quot;9&quot;:1,&quot;10&quot;:1,&quot;12&quot;:0,&quot;16&quot;:11}\">sistema de t\u00fanel para conejos<\/span> ideal<\/h3>\n<p>Este <strong>juguete para conejos<\/strong> est\u00e1 hecho de tela de lona de alta calidad. Tambi\u00e9n es plegable para que sea f\u00e1cil de transportar si viajas con tu conejito.<\/p>\n<p>Adem\u00e1s, tiene dos peque\u00f1as leng\u00fcetas que, al doblarse, permiten sujetarlo para que no se abra de nuevo.<\/p>\n<p><img decoding=\"async\" class=\"alignnone wp-image-16467\" src=\"https:\/\/mon-lapinnain.com\/wp-content\/uploads\/2022\/07\/tunnel-lapin-jouet.png\" alt=\"juguete t\u00fanel para conejos\" width=\"600\" height=\"600\" \/><\/p>\n<p>Adem\u00e1s, por su tama\u00f1o, este <strong>sistema de t\u00fanel para conejos <\/strong>se puede colocar perfectamente en la jaula de tu mascota o incluso en la casa, sin alterar tu decoraci\u00f3n interior \u263a Adem\u00e1s, estos colores est\u00e1n especialmente elegidos para ser atractivos para los conejitos.<\/p>\n<p><img loading=\"lazy\" decoding=\"async\" class=\"alignnone wp-image-8901\" src=\"https:\/\/mon-lapinnain.com\/wp-content\/uploads\/2022\/07\/jeu-pour-lapin.jpg\" alt=\"t\u00fanel juguete para conejos\" width=\"604\" height=\"478\" \/><\/p>\n<p>As\u00ed, este <strong>juguete para conejitos<\/strong> ayudar\u00e1 a tu peque\u00f1a bola de pelo a entretenerse y a estar f\u00edsicamente activa, lo cual es muy recomendable. Adem\u00e1s, lo mantiene ocupado y, por lo tanto, no se aburre. Perfecto para mantener su bienestar mental a diario.<\/p>\n<p><b><br \/>\nM\u00e1s detalles:<\/b><\/p>\n<ul>\n<li style=\"font-weight: 400\">Color: Estampado de zanahoria<\/li>\n<li style=\"font-weight: 400\">Tama\u00f1o: 22cm x 50cm (8.66 in x 19.69 in)<\/li>\n<\/ul>\n","protected":false},"excerpt":{"rendered":"<ul>\n<li>T\u00fanel para conejos<\/li>\n<li>Juguet\u00f3n y divertido<\/li>\n<\/ul>\n","protected":false},"featured_media":15143,"comment_status":"closed","ping_status":"closed","template":"","meta":{"_seopress_robots_primary_cat":"none","_seopress_titles_title":"","_seopress_titles_desc":"The toy for rabbit carrot tunnel is the ideal gift for your pet. It contributes to his physical and mental well-being.","_seopress_robots_index":""},"product_brand":[],"product_cat":[296,269,285],"product_tag":[],"class_list":{"0":"post-15142","1":"product","2":"type-product","3":"status-publish","4":"has-post-thumbnail","6":"product_cat-bunny-shop","7":"product_cat-juguetes-conejos","8":"product_cat-tunel-conejos","9":"product_shipping_class-ok-mondial-relais","11":"first","12":"outofstock","13":"taxable","14":"shipping-taxable","15":"purchasable","16":"product-type-simple"},"_links":{"self":[{"href":"https:\/\/www.bunzyland.com\/es\/wp-json\/wp\/v2\/product\/15142","targetHints":{"allow":["GET"]}}],"collection":[{"href":"https:\/\/www.bunzyland.com\/es\/wp-json\/wp\/v2\/product"}],"about":[{"href":"https:\/\/www.bunzyland.com\/es\/wp-json\/wp\/v2\/types\/product"}],"replies":[{"embeddable":true,"href":"https:\/\/www.bunzyland.com\/es\/wp-json\/wp\/v2\/comments?post=15142"}],"wp:featuredmedia":[{"embeddable":true,"href":"https:\/\/www.bunzyland.com\/es\/wp-json\/wp\/v2\/media\/15143"}],"wp:attachment":[{"href":"https:\/\/www.bunzyland.com\/es\/wp-json\/wp\/v2\/media?parent=15142"}],"wp:term":[{"taxonomy":"product_brand","embeddable":true,"href":"https:\/\/www.bunzyland.com\/es\/wp-json\/wp\/v2\/product_brand?post=15142"},{"taxonomy":"product_cat","embeddable":true,"href":"https:\/\/www.bunzyland.com\/es\/wp-json\/wp\/v2\/product_cat?post=15142"},{"taxonomy":"product_tag","embeddable":true,"href":"https:\/\/www.bunzyland.com\/es\/wp-json\/wp\/v2\/product_tag?post=15142"}],"curies":[{"name":"wp","href":"https:\/\/api.w.org\/{rel}","templated":true}]}}