{"id":15162,"date":"2024-02-19T15:56:16","date_gmt":"2024-02-19T14:56:16","guid":{"rendered":"https:\/\/bunzyland.com\/product\/straw-rabbit-hut\/"},"modified":"2025-10-06T16:54:56","modified_gmt":"2025-10-06T14:54:56","slug":"cabana-de-paja-para-conejos","status":"publish","type":"product","link":"https:\/\/www.bunzyland.com\/es\/producto\/cabana-de-paja-para-conejos\/","title":{"rendered":"Caba\u00f1a de paja para conejos"},"content":{"rendered":"<h2><b>Caba\u00f1a de paja para conejos: una casa natural<\/b><\/h2>\n<p>La <strong>caba\u00f1a de paja para conejos<\/strong> es un peque\u00f1o t\u00fanel hecho de materiales 100% naturales y sostenibles. Es un aut\u00e9ntico nido acogedor que har\u00e1 feliz a tu conejo. De hecho, este <strong>escondite para conejos<\/strong> es perfecto para optimizar el bienestar mental de tu conejo enano. Instintivamente, le recordar\u00e1 a un nido real de conejo. De este modo, tu conejo podr\u00e1 esconderse dentro y sentirse seguro, para que pueda descansar y dormir durante largas horas en paz y tranquilidad.<\/p>\n<p><img fetchpriority=\"high\" decoding=\"async\" class=\"alignnone wp-image-16504\" src=\"https:\/\/mon-lapinnain.com\/wp-content\/uploads\/2022\/10\/cabane-en-paille-lapin.png\" alt=\"Caba\u00f1a de paja para conejos\" width=\"600\" height=\"600\" \/><\/p>\n<p>Adem\u00e1s, a los conejos les encantan este tipo de escondites, ya que les recuerda a una madriguera, sin\u00f3nimo de seguridad y serenidad. Gracias a su forma de t\u00fanel, este <strong>nido para conejos<\/strong> tambi\u00e9n ofrece entretenimiento a tu mascota, que puede jugar entrando y saliendo por ambos lados.<\/p>\n<p><img decoding=\"async\" class=\"alignnone wp-image-9077\" src=\"https:\/\/mon-lapinnain.com\/wp-content\/uploads\/2022\/09\/maison-en-paille-pour-lapin.jpg\" alt=\"Casa de paja para conejos\" width=\"600\" height=\"600\" \/><\/p>\n<h3>Un verdadero nido para conejos<\/h3>\n<p>La <strong>casa de paja para conejos<\/strong> est\u00e1 cubierta con lino natural. La combinaci\u00f3n de paja y lino crea una mezcla resistente a posibles mordiscos y ara\u00f1azos. De hecho, probablemente hayas notado que a tu conejo le encanta masticar todo lo que encuentra a su paso. \ud83d\ude0a Bueno, al estar hecho de materiales naturales y duraderos, este <strong>hogar para conejos<\/strong> no supone ning\u00fan riesgo para la salud de tu conejo enano.<\/p>\n<p><img decoding=\"async\" class=\"alignnone wp-image-9079 size-full\" src=\"https:\/\/mon-lapinnain.com\/wp-content\/uploads\/2022\/09\/nid-pour-lapin-nain.gif\" alt=\"Casa de paja para conejos\" width=\"350\" height=\"421\" \/><\/p>\n<p>Y no te preocupes, roer es un comportamiento perfectamente normal en los conejos. De hecho, es una de sus actividades favoritas \u263a<\/p>\n<p>Su aspecto crudo y natural es ideal para colocar en el corral de tu mascota.<\/p>\n<p><b>M\u00e1s detalles:<\/b><\/p>\n<ul>\n<li style=\"font-weight: 400\">Materiales: Paja + Lino<\/li>\n<li style=\"font-weight: 400\">Tama\u00f1o: 38 x 19 x 16 CM<\/li>\n<\/ul>\n<p>Dale a tu conejo un hogar acogedor con nuestra amplia selecci\u00f3n de <a href=\"https:\/\/www.bunzyland.com\/es\/casa-conejos\/\">casas para conejos<\/a> c\u00f3modas y seguras para satisfacer todas las necesidades de tu peque\u00f1o compa\u00f1ero.<\/p>\n","protected":false},"excerpt":{"rendered":"<ul>\n<li>Nido para conejos<\/li>\n<li>Escondite<\/li>\n<\/ul>\n","protected":false},"featured_media":15163,"comment_status":"closed","ping_status":"closed","template":"","meta":{"_seopress_robots_primary_cat":"none","_seopress_titles_title":"","_seopress_titles_desc":"The straw rabbit hut is perfect for giving your rabbit a place to hide and feel safe. This rabbit house is the ideal nest for dwarf rabbits","_seopress_robots_index":""},"product_brand":[],"product_cat":[296,272,299,285],"product_tag":[],"class_list":{"0":"post-15162","1":"product","2":"type-product","3":"status-publish","4":"has-post-thumbnail","6":"product_cat-bunny-shop","7":"product_cat-casa-conejos","8":"product_cat-offers","9":"product_cat-tunel-conejos","10":"product_shipping_class-ok-mondial-relais","12":"first","13":"outofstock","14":"sale","15":"taxable","16":"shipping-taxable","17":"purchasable","18":"product-type-simple"},"_links":{"self":[{"href":"https:\/\/www.bunzyland.com\/es\/wp-json\/wp\/v2\/product\/15162","targetHints":{"allow":["GET"]}}],"collection":[{"href":"https:\/\/www.bunzyland.com\/es\/wp-json\/wp\/v2\/product"}],"about":[{"href":"https:\/\/www.bunzyland.com\/es\/wp-json\/wp\/v2\/types\/product"}],"replies":[{"embeddable":true,"href":"https:\/\/www.bunzyland.com\/es\/wp-json\/wp\/v2\/comments?post=15162"}],"wp:featuredmedia":[{"embeddable":true,"href":"https:\/\/www.bunzyland.com\/es\/wp-json\/wp\/v2\/media\/15163"}],"wp:attachment":[{"href":"https:\/\/www.bunzyland.com\/es\/wp-json\/wp\/v2\/media?parent=15162"}],"wp:term":[{"taxonomy":"product_brand","embeddable":true,"href":"https:\/\/www.bunzyland.com\/es\/wp-json\/wp\/v2\/product_brand?post=15162"},{"taxonomy":"product_cat","embeddable":true,"href":"https:\/\/www.bunzyland.com\/es\/wp-json\/wp\/v2\/product_cat?post=15162"},{"taxonomy":"product_tag","embeddable":true,"href":"https:\/\/www.bunzyland.com\/es\/wp-json\/wp\/v2\/product_tag?post=15162"}],"curies":[{"name":"wp","href":"https:\/\/api.w.org\/{rel}","templated":true}]}}