{"id":15170,"date":"2024-02-19T15:56:16","date_gmt":"2024-02-19T14:56:16","guid":{"rendered":"https:\/\/bunzyland.com\/product\/rabbit-brush-with-comb\/"},"modified":"2025-10-06T16:54:56","modified_gmt":"2025-10-06T14:54:56","slug":"cepillo-para-conejos-con-peine","status":"publish","type":"product","link":"https:\/\/www.bunzyland.com\/es\/producto\/cepillo-para-conejos-con-peine\/","title":{"rendered":"Cepillo para conejos con peine"},"content":{"rendered":"<h2><b>Cepillo para conejos: un accesorio pr\u00e1ctico con peine<\/b><\/h2>\n<p><strong>Cepillo para conejos con peine<\/strong> es perfecto para cepillar y acicalar regularmente a tu conejo sin hacerle da\u00f1o. Este <strong>accesorio para conejos<\/strong> te permite eliminar el pelo muerto de tu conejo, desenredar nudos y estimular el crecimiento de nuevo pelaje.<\/p>\n<p><img fetchpriority=\"high\" decoding=\"async\" class=\"alignnone wp-image-9089\" src=\"https:\/\/mon-lapinnain.com\/wp-content\/uploads\/2022\/07\/brosse-pour-lapin.jpg\" alt=\"cepillo para conejos\" width=\"600\" height=\"402\" \/><\/p>\n<p>Adem\u00e1s, y especialmente durante el periodo de muda, se recomienda encarecidamente <strong>cepillar a tu conejo<\/strong> a diario, porque si se ingiere el pelo, puede ralentizar o incluso parar el tr\u00e1nsito&#8230; \u00a1Y esto es fatal para los conejitos!<\/p>\n<p>Por lo tanto, cepillar a tu conejo enano regularmente, con un cepillo adecuado, permitir\u00e1 que el pelaje crezca de forma saludable y conservar la buena salud de tu mascota. Su pelaje estar\u00e1 brillante y sedoso, sea la estaci\u00f3n que sea \u263a<\/p>\n<h3>Accesorios para el cuidado del conejo<\/h3>\n<p>Este <strong>cepillo para conejos<\/strong> es muy pr\u00e1ctico para el uso diario. El mango de este <strong>accesorio para conejos<\/strong> es f\u00e1cil de sujetar y tiene dientes met\u00e1licos ultrafinos que permiten recoger el pelo muerto sin da\u00f1ar a tu mascota.<\/p>\n<p><img decoding=\"async\" class=\"alignnone wp-image-11246\" src=\"https:\/\/mon-lapinnain.com\/wp-content\/uploads\/2022\/07\/brosse-pour-mue-de-lapin.png\" alt=\"cepillo para la muda de conejos\" width=\"600\" height=\"600\" \/><\/p>\n<p>F\u00e1cil de limpiar gracias al mini <strong>peine para conejos<\/strong> de pl\u00e1stico que viene incluido, este <strong>accesorio para conejos<\/strong> tambi\u00e9n favorece la circulaci\u00f3n sangu\u00ednea de tu conejo y le proporciona una sensaci\u00f3n instant\u00e1nea de bienestar.<\/p>\n<p>Al cepillar a tu conejo con este <strong>cepillo con peine<\/strong>, fortaleces tu relaci\u00f3n y refuerzas la confianza de tu conejo en ti.<\/p>\n<p>Nota: Este cepillo de alambre recoger\u00e1 el pelo muerto hasta la ra\u00edz. Es muy eficaz y no necesitas aplicar presi\u00f3n para que funcione.<\/p>\n<p><b><br \/>\nM\u00e1s detalles:<\/b><\/p>\n<ul>\n<li style=\"font-weight: 400\">Color: Rosa<\/li>\n<li style=\"font-weight: 400\">Tama\u00f1o: La cabeza del cepillo tiene 5,5cm<\/li>\n<\/ul>\n<p>Para asegurar el bienestar y la comodidad de tu conejo, explora nuestra amplia gama de <a href=\"https:\/\/www.bunzyland.com\/es\/accesorios-conejos\/\">accesorios para conejos<\/a>, adaptados a todas sus necesidades.<\/p>\n","protected":false},"excerpt":{"rendered":"<ul>\n<li>Accesorio para conejos<\/li>\n<li>Perfecto para la muda del conejo<\/li>\n<\/ul>\n","protected":false},"featured_media":15171,"comment_status":"closed","ping_status":"closed","template":"","meta":{"_seopress_robots_primary_cat":"none","_seopress_titles_title":"","_seopress_titles_desc":"Rabbit brush with comb removes dead hair without hurting your bunny. A perfect rabbit accessory for moulting! Best supply!","_seopress_robots_index":""},"product_brand":[],"product_cat":[278,296,309],"product_tag":[],"class_list":{"0":"post-15170","1":"product","2":"type-product","3":"status-publish","4":"has-post-thumbnail","6":"product_cat-accesorios-conejos","7":"product_cat-bunny-shop","8":"product_cat-cepillo-conejos","9":"product_shipping_class-ok-mondial-relais","11":"first","12":"instock","13":"sale","14":"taxable","15":"shipping-taxable","16":"purchasable","17":"product-type-simple"},"_links":{"self":[{"href":"https:\/\/www.bunzyland.com\/es\/wp-json\/wp\/v2\/product\/15170","targetHints":{"allow":["GET"]}}],"collection":[{"href":"https:\/\/www.bunzyland.com\/es\/wp-json\/wp\/v2\/product"}],"about":[{"href":"https:\/\/www.bunzyland.com\/es\/wp-json\/wp\/v2\/types\/product"}],"replies":[{"embeddable":true,"href":"https:\/\/www.bunzyland.com\/es\/wp-json\/wp\/v2\/comments?post=15170"}],"wp:featuredmedia":[{"embeddable":true,"href":"https:\/\/www.bunzyland.com\/es\/wp-json\/wp\/v2\/media\/15171"}],"wp:attachment":[{"href":"https:\/\/www.bunzyland.com\/es\/wp-json\/wp\/v2\/media?parent=15170"}],"wp:term":[{"taxonomy":"product_brand","embeddable":true,"href":"https:\/\/www.bunzyland.com\/es\/wp-json\/wp\/v2\/product_brand?post=15170"},{"taxonomy":"product_cat","embeddable":true,"href":"https:\/\/www.bunzyland.com\/es\/wp-json\/wp\/v2\/product_cat?post=15170"},{"taxonomy":"product_tag","embeddable":true,"href":"https:\/\/www.bunzyland.com\/es\/wp-json\/wp\/v2\/product_tag?post=15170"}],"curies":[{"name":"wp","href":"https:\/\/api.w.org\/{rel}","templated":true}]}}