{"id":15177,"date":"2024-02-19T15:56:15","date_gmt":"2024-02-19T14:56:15","guid":{"rendered":"https:\/\/bunzyland.com\/product\/rabbit-toy-to-chew\/"},"modified":"2025-10-06T16:54:56","modified_gmt":"2025-10-06T14:54:56","slug":"juguete-para-conejo-para-masticar-2","status":"publish","type":"product","link":"https:\/\/www.bunzyland.com\/es\/producto\/juguete-para-conejo-para-masticar-2\/","title":{"rendered":"Juguete para conejo para masticar"},"content":{"rendered":"<h2><b>Juguete para conejo: una zanahoria irresistible para masticar<\/b><\/h2>\n<p>Este <strong>juguete para conejo para masticar<\/strong> hecho de cuerda natural es perfecto para satisfacer la necesidad de mordisquear de tu amigo de largas orejas. Ante todo, debes saber que masticar es un comportamiento normal para los conejos. Y desafortunadamente, si no tiene un <strong>juguete para masticar para conejo<\/strong>, puede atacar las alfombras y otros objetos en la casa&#8230;<\/p>\n<p><img fetchpriority=\"high\" decoding=\"async\" class=\"alignnone wp-image-9150\" src=\"https:\/\/mon-lapinnain.com\/wp-content\/uploads\/2022\/08\/Jeu-pour-lapin.jpg\" alt=\"juguete para conejo para masticar\" width=\"600\" height=\"600\" \/><\/p>\n<p>Esto no est\u00e1 exento de riesgos para la salud de tu mascota. Este <strong>juguete para conejos<\/strong> evitar\u00e1 que tu conejo mastique o muerda algo que pueda da\u00f1arlo. Sin embargo, queremos recordarte que aunque este juguete para conejo sea comestible, no reemplaza en ning\u00fan caso la dieta b\u00e1sica de tu peludo, que es el heno.<\/p>\n<p>No obstante, este <strong>buen juguete para conejo<\/strong> puede considerarse un premio saludable, que adem\u00e1s contribuye al cuidado dental de tu mascota.<\/p>\n<h3>Un juguete natural para conejos<\/h3>\n<p>Este <strong>juguete para masticar para conejo<\/strong> tiene forma de palo trenzado hecho de hierbas naturales. Es seguro para tu mascota, incluso ayuda a mejorar sus h\u00e1bitos de masticaci\u00f3n y a fortalecer sus m\u00fasculos mandibulares. Simplemente da este <strong>juguete para conejo<\/strong> a tu mascota y ver\u00e1s lo feliz que estar\u00e1 mastic\u00e1ndolo durante horas. \ud83d\ude0a<\/p>\n<p><img decoding=\"async\" class=\"alignnone wp-image-9148\" src=\"https:\/\/mon-lapinnain.com\/wp-content\/uploads\/2022\/08\/Jeu-pour-lapin-a\u0300-grignoter-en-paille.jpg\" alt=\"juguete para masticar para conejo\" width=\"600\" height=\"600\" \/><\/p>\n<p>Este tipo de juego para conejos ayuda a reducir el aburrimiento y la ansiedad. As\u00ed que puedes estar seguro de que tu amigo de largas orejas ser\u00e1 el m\u00e1s feliz de los conejitos con este <strong>juguete snack para conejo<\/strong>.<\/p>\n<p><b>M\u00e1s detalles:<\/b><\/p>\n<ul>\n<li style=\"font-weight: 400\">Juego de 2 piezas<\/li>\n<li style=\"font-weight: 400\">Tama\u00f1o: 23 x 3 cm<\/li>\n<li style=\"font-weight: 400\">Materiales: Hierbas naturales<\/li>\n<\/ul>\n<p>Para a\u00fan m\u00e1s diversi\u00f3n para tu amigo peludo, descubre nuestra selecci\u00f3n de <a href=\"https:\/\/www.bunzyland.com\/es\/juguetes-conejos\/\">juguetes para conejos<\/a> especialmente dise\u00f1ados para su bienestar y disfrute.<\/p>\n","protected":false},"excerpt":{"rendered":"<ul>\n<li>Juguete para masticar para conejo<\/li>\n<li>Natural<\/li>\n<\/ul>\n","protected":false},"featured_media":15178,"comment_status":"closed","ping_status":"closed","template":"","meta":{"_seopress_robots_primary_cat":"none","_seopress_titles_title":"","_seopress_titles_desc":"Rabbit toy to chew is perfect for appeasing the rabbits' urge to nibble. It is natural and safe. This rabbit chew toy is ideal for your pet!","_seopress_robots_index":""},"product_brand":[],"product_cat":[296,269],"product_tag":[],"class_list":{"0":"post-15177","1":"product","2":"type-product","3":"status-publish","4":"has-post-thumbnail","6":"product_cat-bunny-shop","7":"product_cat-juguetes-conejos","8":"product_shipping_class-ok-mondial-relais","10":"first","11":"outofstock","12":"taxable","13":"shipping-taxable","14":"purchasable","15":"product-type-simple"},"_links":{"self":[{"href":"https:\/\/www.bunzyland.com\/es\/wp-json\/wp\/v2\/product\/15177","targetHints":{"allow":["GET"]}}],"collection":[{"href":"https:\/\/www.bunzyland.com\/es\/wp-json\/wp\/v2\/product"}],"about":[{"href":"https:\/\/www.bunzyland.com\/es\/wp-json\/wp\/v2\/types\/product"}],"replies":[{"embeddable":true,"href":"https:\/\/www.bunzyland.com\/es\/wp-json\/wp\/v2\/comments?post=15177"}],"wp:featuredmedia":[{"embeddable":true,"href":"https:\/\/www.bunzyland.com\/es\/wp-json\/wp\/v2\/media\/15178"}],"wp:attachment":[{"href":"https:\/\/www.bunzyland.com\/es\/wp-json\/wp\/v2\/media?parent=15177"}],"wp:term":[{"taxonomy":"product_brand","embeddable":true,"href":"https:\/\/www.bunzyland.com\/es\/wp-json\/wp\/v2\/product_brand?post=15177"},{"taxonomy":"product_cat","embeddable":true,"href":"https:\/\/www.bunzyland.com\/es\/wp-json\/wp\/v2\/product_cat?post=15177"},{"taxonomy":"product_tag","embeddable":true,"href":"https:\/\/www.bunzyland.com\/es\/wp-json\/wp\/v2\/product_tag?post=15177"}],"curies":[{"name":"wp","href":"https:\/\/api.w.org\/{rel}","templated":true}]}}