{"id":15185,"date":"2024-02-19T15:56:13","date_gmt":"2024-02-19T14:56:13","guid":{"rendered":"https:\/\/bunzyland.com\/product\/modular-rabbit-enclosure\/"},"modified":"2026-03-04T06:06:52","modified_gmt":"2026-03-04T05:06:52","slug":"recinto-modular-para-conejos","status":"publish","type":"product","link":"https:\/\/www.bunzyland.com\/es\/producto\/recinto-modular-para-conejos\/","title":{"rendered":"Recinto modular para conejos"},"content":{"rendered":"<h2>Un recinto modular y espacioso para conejos<\/h2>\n<p>Este <strong>recinto modular para conejos<\/strong> es perfecto para limitar el espacio de tu mascota mientras le proporciona un entorno seguro y saludable. De hecho, este <strong>parque para conejos<\/strong> de interior es completamente modular y especialmente dise\u00f1ado para ofrecer el m\u00e1ximo bienestar a estos peque\u00f1os peludos.<\/p>\n<h3><b><img fetchpriority=\"high\" decoding=\"async\" class=\"alignnone wp-image-17231\" src=\"https:\/\/mon-lapinnain.com\/wp-content\/uploads\/2022\/04\/Enclos-lapin-grille.png\" alt=\"Recinto modular para conejos\" width=\"600\" height=\"429\" \/><\/b><\/h3>\n<p>La estructura met\u00e1lica de este<strong> parque para conejos<\/strong> est\u00e1 compuesta por piezas ensambladas con uniones desmontables, lo que te permite crear un espacio \u00fanico y totalmente modular. Este parque para conejos es f\u00e1cilmente ajustable, por lo que puedes a\u00f1adir paneles extra para agrandar el espacio.<br \/>\nPuedes dividir tu <strong>recinto para conejos<\/strong> en varias secciones: una zona de descanso, con una casita por ejemplo, o un coj\u00edn acolchado para dormir y relajarse; y una zona de necesidades, con su lecho y comida (heno).<\/p>\n<h3><b>\u00bfCu\u00e1les son las funciones de un parque para conejos?<\/b><\/h3>\n<p>El <strong>recinto modular para conejos<\/strong> es tanto espacioso como pr\u00e1ctico. Este parque para conejos te permite crear un entorno muy especial para tu peque\u00f1o peludo, con un espacio que se puede personalizar seg\u00fan sus necesidades.<\/p>\n<p><img decoding=\"async\" class=\"alignnone wp-image-16755\" src=\"https:\/\/mon-lapinnain.com\/wp-content\/uploads\/2021\/07\/enclos-lapin-xxl-grand.jpg\" alt=\"recinto para conejos\" width=\"600\" height=\"600\" \/><\/p>\n<p>La amplitud de este recinto para conejos es muy importante, ya que le permite a tu querido conejo moverse, saltar y estirar sus peque\u00f1as patas.<\/p>\n<p>Por \u00faltimo, cabe destacar que aunque los conejos son temerosos por naturaleza, les encanta sentirse libres para moverse. As\u00ed que, con este parque espacioso para conejos, podr\u00e1 desplazarse libremente, lo que contribuye a su bienestar.<\/p>\n<p>Tambi\u00e9n es buena idea dejar el recinto abierto cuando est\u00e9s cerca: un conejo en libertad es un conejo feliz y equilibrado \u263a<\/p>\n<p><strong>Caracter\u00edsticas :<\/strong><\/p>\n<p>Materiales: Metal<br \/>\nColor: Negro<br \/>\nN\u00famero de paneles: 24 paneles<br \/>\nTama\u00f1o de los paneles: 35 x 35 cm<\/p>\n","protected":false},"excerpt":{"rendered":"<ul>\n<li>Recinto para conejos DIY<\/li>\n<li>24 paneles f\u00e1ciles de ensamblar<\/li>\n<\/ul>\n","protected":false},"featured_media":15186,"comment_status":"closed","ping_status":"closed","template":"","meta":{"_seopress_robots_primary_cat":"none","_seopress_titles_title":"","_seopress_titles_desc":"","_seopress_robots_index":""},"product_brand":[],"product_cat":[296,301],"product_tag":[],"class_list":{"0":"post-15185","1":"product","2":"type-product","3":"status-publish","4":"has-post-thumbnail","6":"product_cat-bunny-shop","7":"product_cat-recinto-conejos","8":"product_shipping_class-ne-passe-pas-en-mondial-relais","10":"first","11":"instock","12":"taxable","13":"shipping-taxable","14":"purchasable","15":"product-type-simple"},"_links":{"self":[{"href":"https:\/\/www.bunzyland.com\/es\/wp-json\/wp\/v2\/product\/15185","targetHints":{"allow":["GET"]}}],"collection":[{"href":"https:\/\/www.bunzyland.com\/es\/wp-json\/wp\/v2\/product"}],"about":[{"href":"https:\/\/www.bunzyland.com\/es\/wp-json\/wp\/v2\/types\/product"}],"replies":[{"embeddable":true,"href":"https:\/\/www.bunzyland.com\/es\/wp-json\/wp\/v2\/comments?post=15185"}],"wp:featuredmedia":[{"embeddable":true,"href":"https:\/\/www.bunzyland.com\/es\/wp-json\/wp\/v2\/media\/15186"}],"wp:attachment":[{"href":"https:\/\/www.bunzyland.com\/es\/wp-json\/wp\/v2\/media?parent=15185"}],"wp:term":[{"taxonomy":"product_brand","embeddable":true,"href":"https:\/\/www.bunzyland.com\/es\/wp-json\/wp\/v2\/product_brand?post=15185"},{"taxonomy":"product_cat","embeddable":true,"href":"https:\/\/www.bunzyland.com\/es\/wp-json\/wp\/v2\/product_cat?post=15185"},{"taxonomy":"product_tag","embeddable":true,"href":"https:\/\/www.bunzyland.com\/es\/wp-json\/wp\/v2\/product_tag?post=15185"}],"curies":[{"name":"wp","href":"https:\/\/api.w.org\/{rel}","templated":true}]}}