{"id":15192,"date":"2024-02-19T15:56:12","date_gmt":"2024-02-19T14:56:12","guid":{"rendered":"https:\/\/bunzyland.com\/product\/rabbit-water-bottle-automatic\/"},"modified":"2025-11-09T15:46:31","modified_gmt":"2025-11-09T14:46:31","slug":"botella-de-agua-automatica-para-conejos","status":"publish","type":"product","link":"https:\/\/www.bunzyland.com\/es\/producto\/botella-de-agua-automatica-para-conejos\/","title":{"rendered":"Botella de agua autom\u00e1tica para conejos"},"content":{"rendered":"<h2><b>Una botella de agua para conejos con llenado autom\u00e1tico<\/b><\/h2>\n<p>Esta <strong>botella de agua autom\u00e1tica para conejos<\/strong> es perfecta para que tu mascota beba con tranquilidad y en la mejor posici\u00f3n posible. Especialmente dise\u00f1ada para evitar que tu peque\u00f1o animalito derrame el <strong>cuenco de agua para conejo<\/strong>, este accesorio se puede colgar y fijar a las barras del corral, para que tu bola de pelo no lo derrame por todas partes. \ud83d\ude00<\/p>\n<p><img fetchpriority=\"high\" decoding=\"async\" class=\"alignnone wp-image-10375 size-full\" src=\"https:\/\/mon-lapinnain.com\/wp-content\/uploads\/2022\/09\/gamelle-lapin-1.gif\" alt=\"cuenco para conejo\" width=\"303\" height=\"400\" \/><\/p>\n<p>Adem\u00e1s, este <strong>cuenco para conejo<\/strong> es la soluci\u00f3n perfecta para evitar el uso de botella para tu conejo; ya que \u00e9sta implica una posici\u00f3n inadecuada para beber y puede da\u00f1ar sus peque\u00f1os dientes&#8230;<\/p>\n<p>Entonces, este <strong>accesorio para conejos<\/strong> es realmente necesario cuando decides adoptar una de estas maravillosas bolitas de pelo.<\/p>\n<h3>El cuenco ideal para conejos<\/h3>\n<p>\u00a1Usar esta <strong>botella de agua autom\u00e1tica para conejos<\/strong> es muy sencillo! Simplemente llena la botella de pl\u00e1stico desmontable y col\u00f3cala boca abajo en la parte fija.<\/p>\n<p><img decoding=\"async\" class=\"alignnone wp-image-16554\" src=\"https:\/\/mon-lapinnain.com\/wp-content\/uploads\/2022\/09\/abreuvoir-lapin-automatique.png\" alt=\"bebedero autom\u00e1tico para conejos\" width=\"600\" height=\"600\" \/><\/p>\n<p>De esta manera, el agua permanece protegida en la <strong>botella para conejos<\/strong> y se vierte en el cuenco a medida que se vac\u00eda. Esto evita que el agua est\u00e9 expuesta al aire y se ensucie o deteriore. Es un equilibrio perfecto entre el <strong>sistema de botella para conejos<\/strong> y el cuenco. Perfecto para mantener el agua de tu conejo limpia. \ud83d\ude09<\/p>\n<p><img decoding=\"async\" class=\"alignnone wp-image-16553\" src=\"https:\/\/mon-lapinnain.com\/wp-content\/uploads\/2022\/09\/gamelle-biberon-lapin.png\" alt=\"cuenco de alimentaci\u00f3n para conejo\" width=\"600\" height=\"600\" \/><\/p>\n<p>Adem\u00e1s, al estar hecha de pl\u00e1stico, esta <strong>botella de agua para conejos<\/strong> es resistente y se puede limpiar muy f\u00e1cilmente.<\/p>\n<p>Por \u00faltimo, como este <strong>accesorio para conejos<\/strong> se puede colgar y fijar, puedes colocarlo a la altura ideal seg\u00fan el tama\u00f1o de tu querido amigo de largas orejas. M\u00e1s alto para conejos grandes y m\u00e1s bajo para los m\u00e1s peque\u00f1os. \ud83d\ude0a<\/p>\n<p><b>M\u00e1s detalles:<\/b><\/p>\n<ul>\n<li>Colores disponibles: Azul, Rosa o Blanco<\/li>\n<li>Materiales: Pl\u00e1stico<\/li>\n<li>Capacidad: 500ml<\/li>\n<\/ul>\n<p>Para asegurar el bienestar y la comodidad de tu conejo, explora nuestra amplia gama de <a href=\"https:\/\/www.bunzyland.com\/es\/accesorios-conejos\/\">accesorios para conejos<\/a>, adaptados a todas sus necesidades.<\/p>\n","protected":false},"excerpt":{"rendered":"<ul>\n<li>Antiderrames<\/li>\n<li>Llenado autom\u00e1tico<\/li>\n<\/ul>\n","protected":false},"featured_media":15193,"comment_status":"closed","ping_status":"closed","template":"","meta":{"_seopress_robots_primary_cat":"none","_seopress_titles_title":"","_seopress_titles_desc":"Rabbit water bottle automatic is the perfect accessory for your rabbit. This spill-proof rabbit bowl is ideal. An ideal rabbit accessory!","_seopress_robots_index":""},"product_brand":[],"product_cat":[278,290,296],"product_tag":[],"class_list":{"0":"post-15192","1":"product","2":"type-product","3":"status-publish","4":"has-post-thumbnail","6":"product_cat-accesorios-conejos","7":"product_cat-bebedero-para-conejos","8":"product_cat-bunny-shop","9":"product_shipping_class-ok-mondial-relais","11":"first","12":"outofstock","13":"taxable","14":"shipping-taxable","15":"purchasable","16":"product-type-simple"},"_links":{"self":[{"href":"https:\/\/www.bunzyland.com\/es\/wp-json\/wp\/v2\/product\/15192","targetHints":{"allow":["GET"]}}],"collection":[{"href":"https:\/\/www.bunzyland.com\/es\/wp-json\/wp\/v2\/product"}],"about":[{"href":"https:\/\/www.bunzyland.com\/es\/wp-json\/wp\/v2\/types\/product"}],"replies":[{"embeddable":true,"href":"https:\/\/www.bunzyland.com\/es\/wp-json\/wp\/v2\/comments?post=15192"}],"wp:featuredmedia":[{"embeddable":true,"href":"https:\/\/www.bunzyland.com\/es\/wp-json\/wp\/v2\/media\/15193"}],"wp:attachment":[{"href":"https:\/\/www.bunzyland.com\/es\/wp-json\/wp\/v2\/media?parent=15192"}],"wp:term":[{"taxonomy":"product_brand","embeddable":true,"href":"https:\/\/www.bunzyland.com\/es\/wp-json\/wp\/v2\/product_brand?post=15192"},{"taxonomy":"product_cat","embeddable":true,"href":"https:\/\/www.bunzyland.com\/es\/wp-json\/wp\/v2\/product_cat?post=15192"},{"taxonomy":"product_tag","embeddable":true,"href":"https:\/\/www.bunzyland.com\/es\/wp-json\/wp\/v2\/product_tag?post=15192"}],"curies":[{"name":"wp","href":"https:\/\/api.w.org\/{rel}","templated":true}]}}