{"id":15217,"date":"2024-02-19T15:56:10","date_gmt":"2024-02-19T14:56:10","guid":{"rendered":"https:\/\/bunzyland.com\/product\/comfortable-rabbit-carrier-bag\/"},"modified":"2025-10-06T16:54:58","modified_gmt":"2025-10-06T14:54:58","slug":"bolso-transportador-comodo-para-conejos","status":"publish","type":"product","link":"https:\/\/www.bunzyland.com\/es\/producto\/bolso-transportador-comodo-para-conejos\/","title":{"rendered":"bolso transportador c\u00f3modo para conejos"},"content":{"rendered":"<h2>Un transportador pr\u00e1ctico y c\u00f3modo para conejos<\/h2>\n<p>El <strong>bolso transportador c\u00f3modo para conejos<\/strong> es tanto pr\u00e1ctico como elegante. Es un accesorio esencial tanto para ti como para tu mascota.<\/p>\n<p>De hecho, este <strong>accesorio para conejos<\/strong> te permite mover a tu querido conejo de manera c\u00f3moda y segura.<\/p>\n<p><img fetchpriority=\"high\" decoding=\"async\" class=\"alignnone wp-image-16493\" src=\"https:\/\/mon-lapinnain.com\/wp-content\/uploads\/2022\/10\/Sac-pour-lapin.png\" alt=\"Bolso para conejo\" width=\"600\" height=\"600\" \/><\/p>\n<p>Siendo miedosos por naturaleza, es importante colocar a tu querido conejito en un <strong>bolso para conejos<\/strong> que lo tranquilice para que viaje c\u00f3modo.<\/p>\n<p>Adem\u00e1s de ser est\u00e9ticamente agradable, <strong>este bolso para conejos es muy pr\u00e1ctico<\/strong> e incluye varios elementos importantes como un coj\u00edn suave y desmontable, y un asa de cuero para un agarre ideal.<\/p>\n<p><img decoding=\"async\" class=\"alignnone wp-image-9461\" src=\"https:\/\/mon-lapinnain.com\/wp-content\/uploads\/2022\/04\/cage-de-transport-pour-lapin.jpg\" alt=\"jaula de transporte para conejos\" width=\"600\" height=\"600\" \/><\/p>\n<p>\u00a1As\u00ed que este <strong>transportador para conejos<\/strong> es ultra-pr\u00e1ctico en todos los aspectos! Acogedor por dentro para tu conejo y f\u00e1cil de llevar por fuera para ti. \ud83d\ude0a<\/p>\n<h3>El bolso ideal para viajes con conejos<\/h3>\n<p><img decoding=\"async\" class=\"alignnone wp-image-16495\" src=\"https:\/\/mon-lapinnain.com\/wp-content\/uploads\/2022\/10\/cage-transport-lapin-pratique.png\" alt=\"transportador pr\u00e1ctico para conejos\" width=\"600\" height=\"600\" \/><\/p>\n<p>Este <strong>bolso transportador c\u00f3modo para conejos<\/strong> es el <strong>accesorio de viaje<\/strong> que necesitas, en todos los sentidos. \ud83d\ude42<\/p>\n<p>Adem\u00e1s de tener unas costuras muy bonitas, este <strong>bolso de transporte para conejos<\/strong> cuenta con tejido de malla en los laterales y en el techo que permite el paso del aire y la luz. As\u00ed, tu mascota no tendr\u00e1 que soportar ning\u00fan tipo de estr\u00e9s.<\/p>\n<p><img loading=\"lazy\" decoding=\"async\" class=\"alignnone wp-image-9459\" src=\"https:\/\/mon-lapinnain.com\/wp-content\/uploads\/2022\/04\/cage-de-transport-lapin-voyage.jpg\" alt=\"jaula de transporte para conejos de viaje\" width=\"600\" height=\"600\" \/><\/p>\n<p>Fabricado con materiales resistentes, duraderos y de alta calidad, este<strong> accesorio para conejos<\/strong> tambi\u00e9n puede llevarse como bolso bandolera, gracias al cintur\u00f3n ultra resistente incluido.<\/p>\n<p>Por \u00faltimo, ten en cuenta que este <strong>bolso de viaje para conejos<\/strong> es impermeable y f\u00e1cil de limpiar. \ud83d\ude42<\/p>\n<p><strong>Caracter\u00edsticas :<\/strong><\/p>\n<ul>\n<li><strong>Materiales<\/strong>: Tela r\u00edgida<\/li>\n<li><strong>Color:<\/strong> Gris claro<\/li>\n<li>Con su peque\u00f1o coj\u00edn suave<\/li>\n<li><strong>Dimensiones del bolso:<\/strong> A43 x L25 x H28cm<\/li>\n<li>Tiras reflectantes<\/li>\n<li>Con correa para el hombro<\/li>\n<\/ul>\n<p>Para que viajar con tu mascota sea m\u00e1s f\u00e1cil, seguro y c\u00f3modo, descubre nuestra gama de <a href=\"https:\/\/www.bunzyland.com\/es\/transportin-conejos\/\">bolsos transportadores para conejos<\/a>, dise\u00f1ados para viajes sin preocupaciones.<\/p>\n","protected":false},"excerpt":{"rendered":"<ul>\n<li>Bolso transportador para conejos<\/li>\n<li>Accesorios para conejos<\/li>\n<\/ul>\n","protected":false},"featured_media":15218,"comment_status":"closed","ping_status":"closed","template":"","meta":{"_seopress_robots_primary_cat":"none","_seopress_titles_title":"","_seopress_titles_desc":"La cage de transport lapin confortable est un accessoire tr\u00e8s pratique, pour le meilleur des voyages avec votre animal de compagnie.","_seopress_robots_index":""},"product_brand":[],"product_cat":[278,296,307],"product_tag":[],"class_list":{"0":"post-15217","1":"product","2":"type-product","3":"status-publish","4":"has-post-thumbnail","6":"product_cat-accesorios-conejos","7":"product_cat-bunny-shop","8":"product_cat-transportin-conejos","9":"product_shipping_class-ok-mondial-relais","11":"first","12":"outofstock","13":"taxable","14":"shipping-taxable","15":"purchasable","16":"product-type-simple"},"_links":{"self":[{"href":"https:\/\/www.bunzyland.com\/es\/wp-json\/wp\/v2\/product\/15217","targetHints":{"allow":["GET"]}}],"collection":[{"href":"https:\/\/www.bunzyland.com\/es\/wp-json\/wp\/v2\/product"}],"about":[{"href":"https:\/\/www.bunzyland.com\/es\/wp-json\/wp\/v2\/types\/product"}],"replies":[{"embeddable":true,"href":"https:\/\/www.bunzyland.com\/es\/wp-json\/wp\/v2\/comments?post=15217"}],"wp:featuredmedia":[{"embeddable":true,"href":"https:\/\/www.bunzyland.com\/es\/wp-json\/wp\/v2\/media\/15218"}],"wp:attachment":[{"href":"https:\/\/www.bunzyland.com\/es\/wp-json\/wp\/v2\/media?parent=15217"}],"wp:term":[{"taxonomy":"product_brand","embeddable":true,"href":"https:\/\/www.bunzyland.com\/es\/wp-json\/wp\/v2\/product_brand?post=15217"},{"taxonomy":"product_cat","embeddable":true,"href":"https:\/\/www.bunzyland.com\/es\/wp-json\/wp\/v2\/product_cat?post=15217"},{"taxonomy":"product_tag","embeddable":true,"href":"https:\/\/www.bunzyland.com\/es\/wp-json\/wp\/v2\/product_tag?post=15217"}],"curies":[{"name":"wp","href":"https:\/\/api.w.org\/{rel}","templated":true}]}}