{"id":15245,"date":"2024-02-19T15:56:08","date_gmt":"2024-02-19T14:56:08","guid":{"rendered":"https:\/\/bunzyland.com\/product\/rabbit-collar-pineapple\/"},"modified":"2025-10-06T16:54:58","modified_gmt":"2025-10-06T14:54:58","slug":"collar-de-conejo-pina","status":"publish","type":"product","link":"https:\/\/www.bunzyland.com\/es\/producto\/collar-de-conejo-pina\/","title":{"rendered":"Collar de conejo &#8211; Pi\u00f1a"},"content":{"rendered":"<h2>Collar para Conejo: Antirrasgu\u00f1os y Acolchado<\/h2>\n<p>El <strong>Collar de Conejo &#8211; Pi\u00f1a<\/strong> es uno de los principales accesorios que debes tener al adoptar un conejo. Este <strong>accesorio para conejo<\/strong> sirve como protecci\u00f3n para los conejos dom\u00e9sticos, evitando que se laman o se rasquen, especialmente si tienen una herida o est\u00e1n recuper\u00e1ndose de una visita al veterinario.<\/p>\n<p><img fetchpriority=\"high\" decoding=\"async\" class=\"alignnone wp-image-11334\" src=\"https:\/\/mon-lapinnain.com\/wp-content\/uploads\/2023\/04\/collerette-lapin.jpg\" alt=\"collar para conejo\" width=\"600\" height=\"600\" \/><\/p>\n<p>Esta alternativa al <strong>collar<\/strong> de gato, que suele tener la forma de un cono de pl\u00e1stico, no representa ning\u00fan peligro para el animal; al contrario, crea una barrera entre el hocico del animal y su cuerpo para que no pueda hacerse da\u00f1o.<\/p>\n<h3>Un accesorio indispensable para conejos<\/h3>\n<p>Este <strong>Collar de Conejo &#8211; Pi\u00f1a<\/strong> ser\u00e1 tu mejor aliado si tu amigo peludo tiene una lesi\u00f3n o necesita atenci\u00f3n m\u00e9dica. Fabricado en algod\u00f3n resistente, este <strong>collar para conejo<\/strong> es acolchado y, por lo tanto, no causa ninguna incomodidad ni obstruye la visi\u00f3n de tu conejo, a diferencia de la t\u00edpica alternativa del collar de gato.<\/p>\n<p><span style=\"font-weight: 400\">Adem\u00e1s, ten en cuenta que este <strong>accesorio para conejo<\/strong> tiene un precioso dise\u00f1o de pi\u00f1a sobre fondo blanco, que har\u00e1 que tu conejo se vea a\u00fan m\u00e1s adorable de lo que ya es.<\/span><\/p>\n<p>Por \u00faltimo, el <strong>collar para conejos<\/strong> es muy f\u00e1cil de poner y quitar. Simplemente introd\u00facelo suavemente por la cabeza de tu conejo y tira del cord\u00f3n para ajustarlo alrededor de su cuello. Esto les permite llevarlo sin sentirse apretados, pero sin poder quit\u00e1rselo f\u00e1cilmente.<\/p>\n<p><img decoding=\"async\" class=\"alignnone wp-image-11333\" src=\"https:\/\/mon-lapinnain.com\/wp-content\/uploads\/2023\/04\/Colerette-pour-lapin-nain-mon-lapin-nain-annanas.jpg\" alt=\"collar de conejo\" width=\"600\" height=\"600\" \/><\/p>\n<p><b>Especificaciones:<\/b><\/p>\n<ul>\n<li>Tama\u00f1o ajustable: hasta 19 cm (circunferencia del cuello del conejo)<\/li>\n<li>Color: dise\u00f1o de pi\u00f1a<\/li>\n<li>Apropiado para conejos enanos, belier enanos y conejos con una circunferencia de cuello de hasta 19 cm.<\/li>\n<\/ul>\n<p>Para asegurar el bienestar y la comodidad de tu conejo, explora nuestra amplia gama de <a href=\"https:\/\/www.bunzyland.com\/es\/accesorios-conejos\/\">accesorios para conejos<\/a>, adaptados a todas sus necesidades.<\/p>\n","protected":false},"excerpt":{"rendered":"<ul>\n<li>Accesorio para conejo<\/li>\n<li>Ideal despu\u00e9s de la esterilizaci\u00f3n<\/li>\n<li>Antirrasgu\u00f1os<\/li>\n<\/ul>\n","protected":false},"featured_media":15246,"comment_status":"closed","ping_status":"closed","template":"","meta":{"_seopress_robots_primary_cat":"none","_seopress_titles_title":"","_seopress_titles_desc":"The rabbit collar - Pineapple is essential to prevent your rabbit from scratching itself after an injury or a medical procedure.","_seopress_robots_index":""},"product_brand":[],"product_cat":[278,296],"product_tag":[],"class_list":{"0":"post-15245","1":"product","2":"type-product","3":"status-publish","4":"has-post-thumbnail","6":"product_cat-accesorios-conejos","7":"product_cat-bunny-shop","8":"product_shipping_class-ok-mondial-relais","10":"first","11":"instock","12":"taxable","13":"shipping-taxable","14":"purchasable","15":"product-type-simple"},"_links":{"self":[{"href":"https:\/\/www.bunzyland.com\/es\/wp-json\/wp\/v2\/product\/15245","targetHints":{"allow":["GET"]}}],"collection":[{"href":"https:\/\/www.bunzyland.com\/es\/wp-json\/wp\/v2\/product"}],"about":[{"href":"https:\/\/www.bunzyland.com\/es\/wp-json\/wp\/v2\/types\/product"}],"replies":[{"embeddable":true,"href":"https:\/\/www.bunzyland.com\/es\/wp-json\/wp\/v2\/comments?post=15245"}],"wp:featuredmedia":[{"embeddable":true,"href":"https:\/\/www.bunzyland.com\/es\/wp-json\/wp\/v2\/media\/15246"}],"wp:attachment":[{"href":"https:\/\/www.bunzyland.com\/es\/wp-json\/wp\/v2\/media?parent=15245"}],"wp:term":[{"taxonomy":"product_brand","embeddable":true,"href":"https:\/\/www.bunzyland.com\/es\/wp-json\/wp\/v2\/product_brand?post=15245"},{"taxonomy":"product_cat","embeddable":true,"href":"https:\/\/www.bunzyland.com\/es\/wp-json\/wp\/v2\/product_cat?post=15245"},{"taxonomy":"product_tag","embeddable":true,"href":"https:\/\/www.bunzyland.com\/es\/wp-json\/wp\/v2\/product_tag?post=15245"}],"curies":[{"name":"wp","href":"https:\/\/api.w.org\/{rel}","templated":true}]}}